{"id":759,"date":"2025-07-24T05:18:58","date_gmt":"2025-07-24T05:18:58","guid":{"rendered":"https:\/\/granturia.eu\/?page_id=759"},"modified":"2025-09-13T22:24:06","modified_gmt":"2025-09-13T22:24:06","slug":"politica-de-cookies","status":"publish","type":"page","link":"https:\/\/granturia.eu\/pt\/politica-de-cookies\/","title":{"rendered":"Pol\u00edtica de cookies"},"content":{"rendered":"<div data-elementor-type=\"wp-page\" data-elementor-id=\"759\" class=\"elementor elementor-759\" data-elementor-post-type=\"page\">\n\t\t\t\t<div class=\"elementor-element elementor-element-0e609f1 e-flex e-con-boxed e-con e-parent\" data-id=\"0e609f1\" data-element_type=\"container\" data-e-type=\"container\">\n\t\t\t\t\t<div class=\"e-con-inner\">\n\t\t<div class=\"elementor-element elementor-element-df83af9 e-con-full e-flex e-con e-child\" data-id=\"df83af9\" data-element_type=\"container\" data-e-type=\"container\">\n\t\t\t\t<div class=\"elementor-element elementor-element-9bb9b3c elementor-widget elementor-widget-heading\" data-id=\"9bb9b3c\" data-element_type=\"widget\" data-e-type=\"widget\" data-widget_type=\"heading.default\">\n\t\t\t\t<div class=\"elementor-widget-container\">\n\t\t\t\t\t<h1 class=\"elementor-heading-title elementor-size-default\">Gran Turia Premium Stays Pol\u00edtica de Cookies<\/h1>\t\t\t\t<\/div>\n\t\t\t\t<\/div>\n\t\t\t\t<\/div>\n\t\t\t\t\t<\/div>\n\t\t\t\t<\/div>\n\t\t<div class=\"elementor-element elementor-element-f726f99 e-flex e-con-boxed e-con e-parent\" data-id=\"f726f99\" data-element_type=\"container\" data-e-type=\"container\">\n\t\t\t\t\t<div class=\"e-con-inner\">\n\t\t<div class=\"elementor-element elementor-element-8d4ddfc e-con-full e-flex e-con e-child\" data-id=\"8d4ddfc\" data-element_type=\"container\" data-e-type=\"container\">\n\t\t\t\t<div class=\"elementor-element elementor-element-39e2616 elementor-toc--minimized-on-tablet elementor-widget elementor-widget-table-of-contents\" data-id=\"39e2616\" data-element_type=\"widget\" data-e-type=\"widget\" data-settings=\"{&quot;exclude_headings_by_selector&quot;:[],&quot;no_headings_message&quot;:&quot;No se ha encontrado ning\\u00fan encabezado en esta p\\u00e1gina.&quot;,&quot;motion_fx_motion_fx_scrolling&quot;:&quot;yes&quot;,&quot;sticky&quot;:&quot;top&quot;,&quot;sticky_offset&quot;:20,&quot;headings_by_tags&quot;:[&quot;h2&quot;,&quot;h3&quot;,&quot;h4&quot;,&quot;h5&quot;,&quot;h6&quot;],&quot;marker_view&quot;:&quot;numbers&quot;,&quot;minimize_box&quot;:&quot;yes&quot;,&quot;minimized_on&quot;:&quot;tablet&quot;,&quot;hierarchical_view&quot;:&quot;yes&quot;,&quot;min_height&quot;:{&quot;unit&quot;:&quot;px&quot;,&quot;size&quot;:&quot;&quot;,&quot;sizes&quot;:[]},&quot;min_height_tablet&quot;:{&quot;unit&quot;:&quot;px&quot;,&quot;size&quot;:&quot;&quot;,&quot;sizes&quot;:[]},&quot;min_height_mobile&quot;:{&quot;unit&quot;:&quot;px&quot;,&quot;size&quot;:&quot;&quot;,&quot;sizes&quot;:[]},&quot;motion_fx_devices&quot;:[&quot;desktop&quot;,&quot;tablet&quot;,&quot;mobile&quot;],&quot;sticky_on&quot;:[&quot;desktop&quot;,&quot;tablet&quot;,&quot;mobile&quot;],&quot;sticky_effects_offset&quot;:0,&quot;sticky_anchor_link_offset&quot;:0}\" data-widget_type=\"table-of-contents.default\">\n\t\t\t\t<div class=\"elementor-widget-container\">\n\t\t\t\t\t\t\t\t\t<div class=\"elementor-toc__header\">\n\t\t\t\t\t\t<h4 class=\"elementor-toc__header-title\">\n\t\t\t\tPol\u00edtica de cookies\t\t\t<\/h4>\n\t\t\t\t\t\t\t\t\t\t<div class=\"elementor-toc__toggle-button elementor-toc__toggle-button--expand\" role=\"button\" tabindex=\"0\" aria-controls=\"elementor-toc__39e2616\" aria-expanded=\"true\" aria-label=\"Open table of contents\" data-no-translation-aria-label=\"\"><svg aria-hidden=\"true\" class=\"e-font-icon-svg e-fas-chevron-down\" viewbox=\"0 0 448 512\" xmlns=\"http:\/\/www.w3.org\/2000\/svg\"><path d=\"M207.029 381.476L12.686 187.132c-9.373-9.373-9.373-24.569 0-33.941l22.667-22.667c9.357-9.357 24.522-9.375 33.901-.04L224 284.505l154.745-154.021c9.379-9.335 24.544-9.317 33.901.04l22.667 22.667c9.373 9.373 9.373 24.569 0 33.941L240.971 381.476c-9.373 9.372-24.569 9.372-33.942 0z\"><\/path><\/svg><\/div>\n\t\t\t\t<div class=\"elementor-toc__toggle-button elementor-toc__toggle-button--collapse\" role=\"button\" tabindex=\"0\" aria-controls=\"elementor-toc__39e2616\" aria-expanded=\"true\" aria-label=\"Close table of contents\" data-no-translation-aria-label=\"\"><svg aria-hidden=\"true\" class=\"e-font-icon-svg e-fas-chevron-up\" viewbox=\"0 0 448 512\" xmlns=\"http:\/\/www.w3.org\/2000\/svg\"><path d=\"M240.971 130.524l194.343 194.343c9.373 9.373 9.373 24.569 0 33.941l-22.667 22.667c-9.357 9.357-24.522 9.375-33.901.04L224 227.495 69.255 381.516c-9.379 9.335-24.544 9.317-33.901-.04l-22.667-22.667c-9.373-9.373-9.373-24.569 0-33.941L207.03 130.525c9.372-9.373 24.568-9.373 33.941-.001z\"><\/path><\/svg><\/div>\n\t\t\t\t\t<\/div>\n\t\t\t\t<div id=\"elementor-toc__39e2616\" class=\"elementor-toc__body\">\n\t\t\t<div class=\"elementor-toc__spinner-container\">\n\t\t\t\t<svg class=\"elementor-toc__spinner eicon-animation-spin e-font-icon-svg e-eicon-loading\" aria-hidden=\"true\" viewbox=\"0 0 1000 1000\" xmlns=\"http:\/\/www.w3.org\/2000\/svg\"><path d=\"M500 975V858C696 858 858 696 858 500S696 142 500 142 142 304 142 500H25C25 237 238 25 500 25S975 237 975 500 763 975 500 975Z\"><\/path><\/svg>\t\t\t<\/div>\n\t\t<\/div>\n\t\t\t\t\t\t<\/div>\n\t\t\t\t<\/div>\n\t\t\t\t<\/div>\n\t\t<div class=\"elementor-element elementor-element-eb97492 e-con-full e-flex e-con e-child\" data-id=\"eb97492\" data-element_type=\"container\" data-e-type=\"container\">\n\t\t\t\t<div class=\"elementor-element elementor-element-03396dd elementor-widget elementor-widget-text-editor\" data-id=\"03396dd\" data-element_type=\"widget\" data-e-type=\"widget\" data-widget_type=\"text-editor.default\">\n\t\t\t\t<div class=\"elementor-widget-container\">\n\t\t\t\t\t\t\t\t\t<p>Em <b>Gran Turia Premium Stays<\/b>administrado por <b>Bonanza Capital S.L.<\/b>Utilizamos cookies e tecnologias semelhantes para melhorar a sua experi\u00eancia no nosso s\u00edtio Web, <b><a class=\"ng-star-inserted\" href=\"https:\/\/granturia.eu\/pt\" target=\"_blank\" rel=\"noopener\">https:\/\/granturia.eu<\/a><\/b>. Esta pol\u00edtica explica o que s\u00e3o cookies, como os utilizamos e como os pode gerir.<\/p><hr \/><h3>O que s\u00e3o cookies?<\/h3><p>Um cookie \u00e9 um pequeno ficheiro de texto que um s\u00edtio Web guarda no seu navegador quando o visita. Os cookies permitem que o s\u00edtio Web memorize informa\u00e7\u00f5es sobre a sua visita, como a sua l\u00edngua preferida e outras defini\u00e7\u00f5es, o que pode facilitar a sua pr\u00f3xima visita e tornar o s\u00edtio mais \u00fatil para si. Os cookies desempenham um papel muito importante e contribuem para uma melhor experi\u00eancia de navega\u00e7\u00e3o para o utilizador.<\/p><hr \/><h3>Tipos de cookies utilizados no Gran Turia Premium Stays<\/h3><p>Utilizamos cookies pr\u00f3prios e de terceiros para diferentes fins:<\/p><h3>Cookies propriet\u00e1rios<\/h3><p>Estes s\u00e3o os enviados para o seu equipamento terminal a partir de um computador ou dom\u00ednio gerido por <b>Bonanza Capital S.L.<\/b> e a partir do qual \u00e9 prestado o servi\u00e7o solicitado pelo utilizador.<\/p><ul><li><p><b>Cookies t\u00e9cnicos:<\/b> S\u00e3o estritamente necess\u00e1rios para o correto funcionamento do nosso site e para que possa navegar nele e utilizar as suas diferentes op\u00e7\u00f5es ou servi\u00e7os (por exemplo, controlo de tr\u00e1fego e comunica\u00e7\u00e3o de dados, identifica\u00e7\u00e3o de sess\u00f5es, acesso a partes restritas, recordar os elementos que comp\u00f5em uma reserva, realizar o processo de compra de uma reserva, gerir o pagamento, etc.). Sem estes cookies, o s\u00edtio Web n\u00e3o poderia funcionar corretamente.<\/p><\/li><\/ul><p>\u00a0<\/p><h3>Cookies de terceiros<\/h3><p>S\u00e3o os enviados para o seu equipamento terminal a partir de um equipamento ou de um dom\u00ednio que n\u00e3o \u00e9 gerido pela <b>Bonanza Capital S.L.<\/b>mas por outra entidade que processa os dados obtidos atrav\u00e9s dos cookies.<\/p><ul><li><p><b>Cookies de an\u00e1lise:<\/b> Permitem-nos quantificar o n\u00famero de utilizadores e, assim, efetuar a medi\u00e7\u00e3o e a an\u00e1lise estat\u00edstica da utiliza\u00e7\u00e3o que os utilizadores fazem do servi\u00e7o oferecido. Para tal, a sua navega\u00e7\u00e3o no nosso s\u00edtio Web \u00e9 analisada com o objetivo de melhorar a gama de produtos ou servi\u00e7os que oferecemos. Utilizamos <b>Google Analytics<\/b> para este efeito.<\/p><\/li><li><p><b>Cookies de publicidade comportamental:<\/b> Estes cookies armazenam informa\u00e7\u00f5es sobre o comportamento dos utilizadores obtidas atrav\u00e9s da observa\u00e7\u00e3o cont\u00ednua dos seus h\u00e1bitos de navega\u00e7\u00e3o, o que permite desenvolver um perfil espec\u00edfico para apresentar publicidade com base no mesmo. Podem incluir cookies de plataformas como o Google Ads ou de redes sociais para campanhas de retargeting, desde que o utilizador tenha dado o seu consentimento.<\/p><\/li><li><p><b>Cookies de plataformas de reserva e gateways de pagamento:<\/b> Dadas as nossas integra\u00e7\u00f5es com plataformas como <b>Avantio<\/b> e gateways de pagamento, que podem utilizar os seus pr\u00f3prios cookies para o correto funcionamento dos processos de reserva e de pagamento seguro. Estes cookies s\u00e3o essenciais para completar a sua transa\u00e7\u00e3o e a sua utiliza\u00e7\u00e3o \u00e9 regida pelas pol\u00edticas de privacidade e de cookies dessas plataformas.<\/p><\/li><\/ul><hr \/><h3>Objectivos da utiliza\u00e7\u00e3o de cookies<\/h3><p>Os cookies que utilizamos na Gran Turia Premium Stays t\u00eam as seguintes finalidades:<\/p><ul><li><p><b>Para permitir que o s\u00edtio Web funcione corretamente:<\/b> Para facilitar a navega\u00e7\u00e3o e a utiliza\u00e7\u00e3o dos diferentes servi\u00e7os oferecidos.<\/p><\/li><li><p><b>Gerir as suas reservas:<\/b> Assegurar o processo de reserva, o gateway de pagamento e a comunica\u00e7\u00e3o com a Avantio para a gest\u00e3o da sua estadia.<\/p><\/li><li><p><b>Melhorar a sua experi\u00eancia de utilizador:<\/b> Personalizar a sua visita, recordar as suas prefer\u00eancias e simplificar os processos.<\/p><\/li><li><p><b>Analisar o desempenho do s\u00edtio Web:<\/b> Obter estat\u00edsticas an\u00f3nimas sobre a utiliza\u00e7\u00e3o do nosso s\u00edtio Web, a fim de compreender a forma como os utilizadores interagem com o mesmo e de o melhorar continuamente.<\/p><\/li><li><p><b>Oferecer publicidade relevante:<\/b> Mostrar-lhe an\u00fancios personalizados com base nos seus interesses, sempre com o seu consentimento expl\u00edcito.<\/p><\/li><\/ul><hr \/><h3>Gest\u00e3o e configura\u00e7\u00e3o de cookies<\/h3><p>O utilizador tem a op\u00e7\u00e3o de permitir, bloquear ou eliminar os cookies instalados no seu computador, configurando as op\u00e7\u00f5es do navegador instalado no seu computador. \u00c9 importante saber que, se desativar alguns cookies, o s\u00edtio Web pode n\u00e3o funcionar corretamente e algumas funcionalidades podem n\u00e3o estar dispon\u00edveis.<\/p><p>Abaixo, mostramos-lhe como aceder \u00e0s defini\u00e7\u00f5es de cookies nos principais navegadores:<\/p><ul><li><p><b>Google Chrome:<\/b> <a class=\"ng-star-inserted\" href=\"https:\/\/support.google.com\/chrome\/answer\/95647?hl=es\" target=\"_blank\" rel=\"noopener\">https:\/\/support.google.com\/chrome\/answer\/95647?hl=es<\/a><\/p><\/li><li><p><b>Mozilla Firefox:<\/b> <a class=\"ng-star-inserted\" href=\"https:\/\/support.mozilla.org\/es\/kb\/habilitar-y-deshabilitar-cookies-que-los-sitios-we\" target=\"_blank\" rel=\"noopener\">https:\/\/support.mozilla.org\/es\/kb\/habilitar-y-deshabilitar-cookies-que-los-sitios-we<\/a><\/p><\/li><li><p><b>Microsoft Edge:<\/b> <a class=\"ng-star-inserted\" href=\"https:\/\/www.google.com\/search?q=https:\/\/support.microsoft.com\/es-es\/microsoft-edge-delete-cookies-in-microsoft-edge-63947406-4197-937b-8238-2bc1af9d4067\" target=\"_blank\" rel=\"noopener\">https:\/\/support.microsoft.com\/es-es\/microsoft-edge\/eliminar-las-cookies-en-microsoft-edge-63947406-4197-937b-8238-2bc1af9d4067<\/a><\/p><\/li><li><p><b>Safari (iOS):<\/b> <a class=\"ng-star-inserted\" href=\"https:\/\/support.apple.com\/es-es\/HT201265\" target=\"_blank\" rel=\"noopener\">https:\/\/support.apple.com\/es-es\/HT201265<\/a><\/p><\/li><li><p><b>Safari (macOS):<\/b> <a class=\"ng-star-inserted\" href=\"https:\/\/www.google.com\/search?q=https:\/\/support.apple.com\/es-es\/guide\/safari\/sfri11471\/mac\" target=\"_blank\" rel=\"noopener\">https:\/\/support.apple.com\/es-es\/guide\/safari\/sfri11471\/mac<\/a><\/p><\/li><\/ul><p>Para mais informa\u00e7\u00f5es sobre como controlar os cookies, pode visitar o s\u00edtio Web da Ag\u00eancia Espanhola de Prote\u00e7\u00e3o de Dados: <a class=\"ng-star-inserted\" href=\"https:\/\/www.google.com\/search?q=https:\/\/www.aepd.es\/guias-y-herramientas\/guia-cookies\" target=\"_blank\" rel=\"noopener\">https:\/\/www.aepd.es\/guias-y-herramientas\/guia-cookies<\/a>.<\/p><hr \/><h3>Consentimento para a utiliza\u00e7\u00e3o de cookies<\/h3><p>Quando acede ao nosso s\u00edtio Web, \u00e9-lhe mostrado um aviso ou uma faixa sobre cookies que o informa sobre a utiliza\u00e7\u00e3o de cookies e lhe permite aceitar, rejeitar ou configurar as suas prefer\u00eancias. Ao clicar em \"Aceitar\" ou ao continuar a navegar no nosso s\u00edtio Web, o utilizador consente na utiliza\u00e7\u00e3o dos cookies mencionados na presente pol\u00edtica, a menos que tenha modificado as defini\u00e7\u00f5es do seu navegador para os desativar.<\/p><p>O utilizador pode alterar ou retirar o seu consentimento em qualquer altura atrav\u00e9s das defini\u00e7\u00f5es do seu browser ou atrav\u00e9s das defini\u00e7\u00f5es de cookies que lhe podemos oferecer diretamente no nosso s\u00edtio Web (se estiver implementado um gestor de consentimento de cookies).<\/p><hr \/><h3>Altera\u00e7\u00f5es \u00e0 pol\u00edtica de cookies<\/h3><p>Reservamo-nos o direito de modificar esta Pol\u00edtica de Cookies em qualquer altura para a adaptar \u00e0 nova legisla\u00e7\u00e3o ou jurisprud\u00eancia, bem como a altera\u00e7\u00f5es nas pr\u00e1ticas da ind\u00fastria. Recomendamos que reveja esta pol\u00edtica periodicamente.<\/p><hr \/><h3>Contato<\/h3><p>Se tiver alguma d\u00favida sobre a nossa Pol\u00edtica de Cookies, pode contactar-nos atrav\u00e9s de<\/p><ul><li><p><b>Correio eletr\u00f3nico:<\/b> hola@granturia.eu<\/p><\/li><\/ul>\t\t\t\t\t\t\t\t<\/div>\n\t\t\t\t<\/div>\n\t\t\t\t<\/div>\n\t\t\t\t\t<\/div>\n\t\t\t\t<\/div>\n\t\t\t\t<\/div>","protected":false},"excerpt":{"rendered":"<p>Pol\u00edtica de Cookies de Gran Turia Premium Stays Pol\u00edtica de Cookies En Gran Turia Premium Stays, administrado por Bonanza Capital S.L., utilizamos cookies y tecnolog\u00edas similares para mejorar su experiencia en nuestro sitio web, https:\/\/granturia.eu. Esta pol\u00edtica le explica qu\u00e9 son las cookies, c\u00f3mo las utilizamos y c\u00f3mo puede gestionarlas. \u00bfQu\u00e9 son las Cookies? Una [&hellip;]<\/p>","protected":false},"author":1,"featured_media":0,"parent":0,"menu_order":0,"comment_status":"closed","ping_status":"closed","template":"","meta":{"footnotes":""},"class_list":["post-759","page","type-page","status-publish","hentry"],"blocksy_meta":[],"_links":{"self":[{"href":"https:\/\/granturia.eu\/pt\/wp-json\/wp\/v2\/pages\/759","targetHints":{"allow":["GET"]}}],"collection":[{"href":"https:\/\/granturia.eu\/pt\/wp-json\/wp\/v2\/pages"}],"about":[{"href":"https:\/\/granturia.eu\/pt\/wp-json\/wp\/v2\/types\/page"}],"author":[{"embeddable":true,"href":"https:\/\/granturia.eu\/pt\/wp-json\/wp\/v2\/users\/1"}],"replies":[{"embeddable":true,"href":"https:\/\/granturia.eu\/pt\/wp-json\/wp\/v2\/comments?post=759"}],"version-history":[{"count":14,"href":"https:\/\/granturia.eu\/pt\/wp-json\/wp\/v2\/pages\/759\/revisions"}],"predecessor-version":[{"id":1450,"href":"https:\/\/granturia.eu\/pt\/wp-json\/wp\/v2\/pages\/759\/revisions\/1450"}],"wp:attachment":[{"href":"https:\/\/granturia.eu\/pt\/wp-json\/wp\/v2\/media?parent=759"}],"curies":[{"name":"wp","href":"https:\/\/api.w.org\/{rel}","templated":true}]}}