{"id":759,"date":"2025-07-24T05:18:58","date_gmt":"2025-07-24T05:18:58","guid":{"rendered":"https:\/\/granturia.eu\/?page_id=759"},"modified":"2025-09-13T22:24:06","modified_gmt":"2025-09-13T22:24:06","slug":"polityka-plikow-cookie","status":"publish","type":"page","link":"https:\/\/granturia.eu\/pl\/polityka-plikow-cookie\/","title":{"rendered":"Polityka dotycz\u0105ca plik\u00f3w cookie"},"content":{"rendered":"<div data-elementor-type=\"wp-page\" data-elementor-id=\"759\" class=\"elementor elementor-759\" data-elementor-post-type=\"page\">\n\t\t\t\t<div class=\"elementor-element elementor-element-0e609f1 e-flex e-con-boxed e-con e-parent\" data-id=\"0e609f1\" data-element_type=\"container\" data-e-type=\"container\">\n\t\t\t\t\t<div class=\"e-con-inner\">\n\t\t<div class=\"elementor-element elementor-element-df83af9 e-con-full e-flex e-con e-child\" data-id=\"df83af9\" data-element_type=\"container\" data-e-type=\"container\">\n\t\t\t\t<div class=\"elementor-element elementor-element-9bb9b3c elementor-widget elementor-widget-heading\" data-id=\"9bb9b3c\" data-element_type=\"widget\" data-e-type=\"widget\" data-widget_type=\"heading.default\">\n\t\t\t\t<div class=\"elementor-widget-container\">\n\t\t\t\t\t<h1 class=\"elementor-heading-title elementor-size-default\">Gran Turia Premium Stays - polityka plik\u00f3w cookie<\/h1>\t\t\t\t<\/div>\n\t\t\t\t<\/div>\n\t\t\t\t<\/div>\n\t\t\t\t\t<\/div>\n\t\t\t\t<\/div>\n\t\t<div class=\"elementor-element elementor-element-f726f99 e-flex e-con-boxed e-con e-parent\" data-id=\"f726f99\" data-element_type=\"container\" data-e-type=\"container\">\n\t\t\t\t\t<div class=\"e-con-inner\">\n\t\t<div class=\"elementor-element elementor-element-8d4ddfc e-con-full e-flex e-con e-child\" data-id=\"8d4ddfc\" data-element_type=\"container\" data-e-type=\"container\">\n\t\t\t\t<div class=\"elementor-element elementor-element-39e2616 elementor-toc--minimized-on-tablet elementor-widget elementor-widget-table-of-contents\" data-id=\"39e2616\" data-element_type=\"widget\" data-e-type=\"widget\" data-settings=\"{&quot;exclude_headings_by_selector&quot;:[],&quot;no_headings_message&quot;:&quot;No se ha encontrado ning\\u00fan encabezado en esta p\\u00e1gina.&quot;,&quot;motion_fx_motion_fx_scrolling&quot;:&quot;yes&quot;,&quot;sticky&quot;:&quot;top&quot;,&quot;sticky_offset&quot;:20,&quot;headings_by_tags&quot;:[&quot;h2&quot;,&quot;h3&quot;,&quot;h4&quot;,&quot;h5&quot;,&quot;h6&quot;],&quot;marker_view&quot;:&quot;numbers&quot;,&quot;minimize_box&quot;:&quot;yes&quot;,&quot;minimized_on&quot;:&quot;tablet&quot;,&quot;hierarchical_view&quot;:&quot;yes&quot;,&quot;min_height&quot;:{&quot;unit&quot;:&quot;px&quot;,&quot;size&quot;:&quot;&quot;,&quot;sizes&quot;:[]},&quot;min_height_tablet&quot;:{&quot;unit&quot;:&quot;px&quot;,&quot;size&quot;:&quot;&quot;,&quot;sizes&quot;:[]},&quot;min_height_mobile&quot;:{&quot;unit&quot;:&quot;px&quot;,&quot;size&quot;:&quot;&quot;,&quot;sizes&quot;:[]},&quot;motion_fx_devices&quot;:[&quot;desktop&quot;,&quot;tablet&quot;,&quot;mobile&quot;],&quot;sticky_on&quot;:[&quot;desktop&quot;,&quot;tablet&quot;,&quot;mobile&quot;],&quot;sticky_effects_offset&quot;:0,&quot;sticky_anchor_link_offset&quot;:0}\" data-widget_type=\"table-of-contents.default\">\n\t\t\t\t<div class=\"elementor-widget-container\">\n\t\t\t\t\t\t\t\t\t<div class=\"elementor-toc__header\">\n\t\t\t\t\t\t<h4 class=\"elementor-toc__header-title\">\n\t\t\t\tPolityka dotycz\u0105ca plik\u00f3w cookie\t\t\t<\/h4>\n\t\t\t\t\t\t\t\t\t\t<div class=\"elementor-toc__toggle-button elementor-toc__toggle-button--expand\" role=\"button\" tabindex=\"0\" aria-controls=\"elementor-toc__39e2616\" aria-expanded=\"true\" aria-label=\"Open table of contents\" data-no-translation-aria-label=\"\"><svg aria-hidden=\"true\" class=\"e-font-icon-svg e-fas-chevron-down\" viewbox=\"0 0 448 512\" xmlns=\"http:\/\/www.w3.org\/2000\/svg\"><path d=\"M207.029 381.476L12.686 187.132c-9.373-9.373-9.373-24.569 0-33.941l22.667-22.667c9.357-9.357 24.522-9.375 33.901-.04L224 284.505l154.745-154.021c9.379-9.335 24.544-9.317 33.901.04l22.667 22.667c9.373 9.373 9.373 24.569 0 33.941L240.971 381.476c-9.373 9.372-24.569 9.372-33.942 0z\"><\/path><\/svg><\/div>\n\t\t\t\t<div class=\"elementor-toc__toggle-button elementor-toc__toggle-button--collapse\" role=\"button\" tabindex=\"0\" aria-controls=\"elementor-toc__39e2616\" aria-expanded=\"true\" aria-label=\"Close table of contents\" data-no-translation-aria-label=\"\"><svg aria-hidden=\"true\" class=\"e-font-icon-svg e-fas-chevron-up\" viewbox=\"0 0 448 512\" xmlns=\"http:\/\/www.w3.org\/2000\/svg\"><path d=\"M240.971 130.524l194.343 194.343c9.373 9.373 9.373 24.569 0 33.941l-22.667 22.667c-9.357 9.357-24.522 9.375-33.901.04L224 227.495 69.255 381.516c-9.379 9.335-24.544 9.317-33.901-.04l-22.667-22.667c-9.373-9.373-9.373-24.569 0-33.941L207.03 130.525c9.372-9.373 24.568-9.373 33.941-.001z\"><\/path><\/svg><\/div>\n\t\t\t\t\t<\/div>\n\t\t\t\t<div id=\"elementor-toc__39e2616\" class=\"elementor-toc__body\">\n\t\t\t<div class=\"elementor-toc__spinner-container\">\n\t\t\t\t<svg class=\"elementor-toc__spinner eicon-animation-spin e-font-icon-svg e-eicon-loading\" aria-hidden=\"true\" viewbox=\"0 0 1000 1000\" xmlns=\"http:\/\/www.w3.org\/2000\/svg\"><path d=\"M500 975V858C696 858 858 696 858 500S696 142 500 142 142 304 142 500H25C25 237 238 25 500 25S975 237 975 500 763 975 500 975Z\"><\/path><\/svg>\t\t\t<\/div>\n\t\t<\/div>\n\t\t\t\t\t\t<\/div>\n\t\t\t\t<\/div>\n\t\t\t\t<\/div>\n\t\t<div class=\"elementor-element elementor-element-eb97492 e-con-full e-flex e-con e-child\" data-id=\"eb97492\" data-element_type=\"container\" data-e-type=\"container\">\n\t\t\t\t<div class=\"elementor-element elementor-element-03396dd elementor-widget elementor-widget-text-editor\" data-id=\"03396dd\" data-element_type=\"widget\" data-e-type=\"widget\" data-widget_type=\"text-editor.default\">\n\t\t\t\t<div class=\"elementor-widget-container\">\n\t\t\t\t\t\t\t\t\t<p>Przy <b>Gran Turia Premium Stays<\/b>zarz\u0105dzany przez <b>Bonanza Capital S.L.<\/b>U\u017cywamy plik\u00f3w cookie i podobnych technologii, aby poprawi\u0107 komfort korzystania z naszej witryny, <b><a class=\"ng-star-inserted\" href=\"https:\/\/granturia.eu\/pl\" target=\"_blank\" rel=\"noopener\">https:\/\/granturia.eu<\/a><\/b>. Niniejsza polityka wyja\u015bnia, czym s\u0105 pliki cookie, w jaki spos\u00f3b ich u\u017cywamy i jak mo\u017cna nimi zarz\u0105dza\u0107.<\/p><hr \/><h3>Czym s\u0105 pliki cookie?<\/h3><p>Plik cookie to niewielki plik tekstowy zapisywany przez witryn\u0119 internetow\u0105 w przegl\u0105darce u\u017cytkownika podczas jej odwiedzania. Pliki cookie umo\u017cliwiaj\u0105 witrynie zapami\u0119tanie informacji o wizycie u\u017cytkownika, takich jak preferowany j\u0119zyk i inne ustawienia, co mo\u017ce u\u0142atwi\u0107 kolejn\u0105 wizyt\u0119 i uczyni\u0107 witryn\u0119 bardziej u\u017cyteczn\u0105 dla u\u017cytkownika. Pliki cookie odgrywaj\u0105 bardzo wa\u017cn\u0105 rol\u0119 i przyczyniaj\u0105 si\u0119 do lepszego przegl\u0105dania strony przez u\u017cytkownika.<\/p><hr \/><h3>Rodzaje plik\u00f3w cookie u\u017cywanych w Gran Turia Premium Stays<\/h3><p>U\u017cywamy w\u0142asnych i zewn\u0119trznych plik\u00f3w cookie do r\u00f3\u017cnych cel\u00f3w:<\/p><h3>Zastrze\u017cone pliki cookie<\/h3><p>S\u0105 to dane wysy\u0142ane do urz\u0105dzenia ko\u0144cowego z komputera lub domeny zarz\u0105dzanej przez <b>Bonanza Capital S.L.<\/b> i z kt\u00f3rego \u015bwiadczona jest us\u0142uga \u017c\u0105dana przez u\u017cytkownika.<\/p><ul><li><p><b>Techniczne pliki cookie:<\/b> S\u0105 one absolutnie niezb\u0119dne do prawid\u0142owego funkcjonowania naszej strony internetowej oraz do przegl\u0105dania jej i korzystania z r\u00f3\u017cnych opcji lub us\u0142ug (np. kontrola ruchu i przesy\u0142anie danych, identyfikacja sesji, dost\u0119p do zastrze\u017conych cz\u0119\u015bci, zapami\u0119tywanie element\u00f3w sk\u0142adaj\u0105cych si\u0119 na rezerwacj\u0119, przeprowadzanie procesu zakupu rezerwacji, zarz\u0105dzanie p\u0142atno\u015bciami itp.) Bez tych plik\u00f3w cookie strona internetowa nie by\u0142aby w stanie prawid\u0142owo funkcjonowa\u0107.<\/p><\/li><\/ul><p>\u00a0<\/p><h3>Pliki cookie stron trzecich<\/h3><p>S\u0105 to te wysy\u0142ane do urz\u0105dzenia ko\u0144cowego z urz\u0105dzenia lub domeny, kt\u00f3ra nie jest zarz\u0105dzana przez <b>Bonanza Capital S.L.<\/b>ale przez inny podmiot, kt\u00f3ry przetwarza dane uzyskane za po\u015brednictwem plik\u00f3w cookie.<\/p><ul><li><p><b>Analiza plik\u00f3w cookie:<\/b> Pozwalaj\u0105 nam one okre\u015bli\u0107 liczb\u0119 u\u017cytkownik\u00f3w, a tym samym przeprowadzi\u0107 pomiar i analiz\u0119 statystyczn\u0105 korzystania przez u\u017cytkownik\u00f3w z oferowanej us\u0142ugi. W tym celu przegl\u0105danie naszej witryny internetowej jest analizowane w celu ulepszenia zakresu oferowanych przez nas produkt\u00f3w lub us\u0142ug. U\u017cywamy <b>Google Analytics<\/b> w tym celu.<\/p><\/li><li><p><b>Pliki cookie dotycz\u0105ce reklamy behawioralnej:<\/b> Te pliki cookie przechowuj\u0105 informacje o zachowaniu u\u017cytkownik\u00f3w uzyskane poprzez ci\u0105g\u0142\u0105 obserwacj\u0119 ich nawyk\u00f3w przegl\u0105dania, co pozwala na opracowanie okre\u015blonego profilu w celu wy\u015bwietlania reklam opartych na tym samym. Mo\u017ce to obejmowa\u0107 pliki cookie z platform takich jak Google Ads lub sieci spo\u0142eczno\u015bciowe na potrzeby kampanii retargetingowych, pod warunkiem, \u017ce u\u017cytkownik wyrazi\u0142 na to zgod\u0119.<\/p><\/li><li><p><b>Pliki cookie z platform rezerwacyjnych i bramek p\u0142atniczych:<\/b> Bior\u0105c pod uwag\u0119 nasze integracje z platformami takimi jak <b>Avantio<\/b> i bramek p\u0142atniczych, mog\u0105 one wykorzystywa\u0107 w\u0142asne pliki cookie do prawid\u0142owego funkcjonowania rezerwacji i bezpiecznych proces\u00f3w p\u0142atno\u015bci. Te pliki cookie s\u0105 niezb\u0119dne do sfinalizowania transakcji, a ich u\u017cycie jest regulowane przez polityk\u0119 prywatno\u015bci i plik\u00f3w cookie tych platform.<\/p><\/li><\/ul><hr \/><h3>Cele wykorzystywania plik\u00f3w cookie<\/h3><p>Pliki cookie, kt\u00f3rych u\u017cywamy w Gran Turia Premium Stays, maj\u0105 nast\u0119puj\u0105ce cele:<\/p><ul><li><p><b>Aby umo\u017cliwi\u0107 prawid\u0142owe funkcjonowanie strony internetowej:<\/b> Aby u\u0142atwi\u0107 przegl\u0105danie i korzystanie z r\u00f3\u017cnych oferowanych us\u0142ug.<\/p><\/li><li><p><b>Zarz\u0105dzanie rezerwacjami:<\/b> Zapewnienie procesu rezerwacji, bramki p\u0142atno\u015bci i komunikacji z Avantio w celu zarz\u0105dzania pobytem.<\/p><\/li><li><p><b>Poprawa komfortu u\u017cytkowania:<\/b> Spersonalizuj swoj\u0105 wizyt\u0119, zapami\u0119taj swoje preferencje i usprawnij procesy.<\/p><\/li><li><p><b>Analiza wydajno\u015bci strony internetowej:<\/b> Uzyskiwanie anonimowych statystyk dotycz\u0105cych korzystania z naszej strony internetowej w celu zrozumienia, w jaki spos\u00f3b u\u017cytkownicy wchodz\u0105 z ni\u0105 w interakcj\u0119 i ci\u0105g\u0142ego jej ulepszania.<\/p><\/li><li><p><b>Oferuj odpowiednie reklamy:<\/b> Wy\u015bwietlanie spersonalizowanych reklam opartych na zainteresowaniach u\u017cytkownika, zawsze za jego wyra\u017an\u0105 zgod\u0105.<\/p><\/li><\/ul><hr \/><h3>Zarz\u0105dzanie plikami cookie i ich konfiguracja<\/h3><p>U\u017cytkownik ma mo\u017cliwo\u015b\u0107 zezwalania, blokowania lub usuwania plik\u00f3w cookie zainstalowanych na komputerze, konfiguruj\u0105c opcje przegl\u0105darki zainstalowanej na komputerze. Wa\u017cne jest, aby wiedzie\u0107, \u017ce w przypadku wy\u0142\u0105czenia niekt\u00f3rych plik\u00f3w cookie witryna mo\u017ce nie dzia\u0142a\u0107 poprawnie, a niekt\u00f3re funkcje mog\u0105 by\u0107 niedost\u0119pne.<\/p><p>Poni\u017cej pokazujemy, jak uzyska\u0107 dost\u0119p do ustawie\u0144 plik\u00f3w cookie w g\u0142\u00f3wnych przegl\u0105darkach:<\/p><ul><li><p><b>Google Chrome:<\/b> <a class=\"ng-star-inserted\" href=\"https:\/\/support.google.com\/chrome\/answer\/95647?hl=es\" target=\"_blank\" rel=\"noopener\">https:\/\/support.google.com\/chrome\/answer\/95647?hl=es<\/a><\/p><\/li><li><p><b>Mozilla Firefox:<\/b> <a class=\"ng-star-inserted\" href=\"https:\/\/support.mozilla.org\/es\/kb\/habilitar-y-deshabilitar-cookies-que-los-sitios-we\" target=\"_blank\" rel=\"noopener\">https:\/\/support.mozilla.org\/es\/kb\/habilitar-y-deshabilitar-cookies-que-los-sitios-we<\/a><\/p><\/li><li><p><b>Microsoft Edge:<\/b> <a class=\"ng-star-inserted\" href=\"https:\/\/www.google.com\/search?q=https:\/\/support.microsoft.com\/es-es\/microsoft-edge-delete-cookies-in-microsoft-edge-63947406-4197-937b-8238-2bc1af9d4067\" target=\"_blank\" rel=\"noopener\">https:\/\/support.microsoft.com\/es-es\/microsoft-edge\/eliminar-las-cookies-en-microsoft-edge-63947406-4197-937b-8238-2bc1af9d4067<\/a><\/p><\/li><li><p><b>Safari (iOS):<\/b> <a class=\"ng-star-inserted\" href=\"https:\/\/support.apple.com\/es-es\/HT201265\" target=\"_blank\" rel=\"noopener\">https:\/\/support.apple.com\/es-es\/HT201265<\/a><\/p><\/li><li><p><b>Safari (macOS):<\/b> <a class=\"ng-star-inserted\" href=\"https:\/\/www.google.com\/search?q=https:\/\/support.apple.com\/es-es\/guide\/safari\/sfri11471\/mac\" target=\"_blank\" rel=\"noopener\">https:\/\/support.apple.com\/es-es\/guide\/safari\/sfri11471\/mac<\/a><\/p><\/li><\/ul><p>Wi\u0119cej informacji na temat kontrolowania plik\u00f3w cookie mo\u017cna znale\u017a\u0107 na stronie internetowej Hiszpa\u0144skiej Agencji Ochrony Danych: <a class=\"ng-star-inserted\" href=\"https:\/\/www.google.com\/search?q=https:\/\/www.aepd.es\/guias-y-herramientas\/guia-cookies\" target=\"_blank\" rel=\"noopener\">https:\/\/www.aepd.es\/guias-y-herramientas\/guia-cookies<\/a>.<\/p><hr \/><h3>Zgoda na u\u017cywanie plik\u00f3w cookie<\/h3><p>Po wej\u015bciu na nasz\u0105 stron\u0119 internetow\u0105 zostanie wy\u015bwietlone powiadomienie o plikach cookie lub baner informuj\u0105cy o korzystaniu z plik\u00f3w cookie i umo\u017cliwiaj\u0105cy zaakceptowanie, odrzucenie lub skonfigurowanie preferencji. Klikaj\u0105c \"Akceptuj\" lub kontynuuj\u0105c przegl\u0105danie naszej witryny, u\u017cytkownik wyra\u017ca zgod\u0119 na korzystanie z plik\u00f3w cookie wymienionych w niniejszej polityce, chyba \u017ce zmodyfikowa\u0142 ustawienia przegl\u0105darki, aby je wy\u0142\u0105czy\u0107.<\/p><p>U\u017cytkownik mo\u017ce zmieni\u0107 lub wycofa\u0107 swoj\u0105 zgod\u0119 w dowolnym momencie za pomoc\u0105 ustawie\u0144 przegl\u0105darki lub ustawie\u0144 plik\u00f3w cookie, kt\u00f3re mo\u017cemy zaoferowa\u0107 bezpo\u015brednio na naszej stronie internetowej (je\u015bli zaimplementowano mened\u017cera zgody na pliki cookie).<\/p><hr \/><h3>Zmiany w polityce dotycz\u0105cej plik\u00f3w cookie<\/h3><p>Zastrzegamy sobie prawo do zmiany niniejszej Polityki dotycz\u0105cej plik\u00f3w cookie w dowolnym momencie w celu dostosowania jej do nowych przepis\u00f3w lub orzecznictwa, a tak\u017ce do zmian w praktykach bran\u017cowych. Zalecamy okresowe przegl\u0105danie niniejszej polityki.<\/p><hr \/><h3>Kontakt<\/h3><p>W przypadku jakichkolwiek pyta\u0144 dotycz\u0105cych naszej Polityki plik\u00f3w cookie mo\u017cna skontaktowa\u0107 si\u0119 z nami pod adresem:<\/p><ul><li><p><b>E-mail:<\/b> hola@granturia.eu<\/p><\/li><\/ul>\t\t\t\t\t\t\t\t<\/div>\n\t\t\t\t<\/div>\n\t\t\t\t<\/div>\n\t\t\t\t\t<\/div>\n\t\t\t\t<\/div>\n\t\t\t\t<\/div>","protected":false},"excerpt":{"rendered":"<p>Pol\u00edtica de Cookies de Gran Turia Premium Stays Pol\u00edtica de Cookies En Gran Turia Premium Stays, administrado por Bonanza Capital S.L., utilizamos cookies y tecnolog\u00edas similares para mejorar su experiencia en nuestro sitio web, https:\/\/granturia.eu. Esta pol\u00edtica le explica qu\u00e9 son las cookies, c\u00f3mo las utilizamos y c\u00f3mo puede gestionarlas. \u00bfQu\u00e9 son las Cookies? Una [&hellip;]<\/p>","protected":false},"author":1,"featured_media":0,"parent":0,"menu_order":0,"comment_status":"closed","ping_status":"closed","template":"","meta":{"footnotes":""},"class_list":["post-759","page","type-page","status-publish","hentry"],"blocksy_meta":[],"_links":{"self":[{"href":"https:\/\/granturia.eu\/pl\/wp-json\/wp\/v2\/pages\/759","targetHints":{"allow":["GET"]}}],"collection":[{"href":"https:\/\/granturia.eu\/pl\/wp-json\/wp\/v2\/pages"}],"about":[{"href":"https:\/\/granturia.eu\/pl\/wp-json\/wp\/v2\/types\/page"}],"author":[{"embeddable":true,"href":"https:\/\/granturia.eu\/pl\/wp-json\/wp\/v2\/users\/1"}],"replies":[{"embeddable":true,"href":"https:\/\/granturia.eu\/pl\/wp-json\/wp\/v2\/comments?post=759"}],"version-history":[{"count":14,"href":"https:\/\/granturia.eu\/pl\/wp-json\/wp\/v2\/pages\/759\/revisions"}],"predecessor-version":[{"id":1450,"href":"https:\/\/granturia.eu\/pl\/wp-json\/wp\/v2\/pages\/759\/revisions\/1450"}],"wp:attachment":[{"href":"https:\/\/granturia.eu\/pl\/wp-json\/wp\/v2\/media?parent=759"}],"curies":[{"name":"wp","href":"https:\/\/api.w.org\/{rel}","templated":true}]}}