{"id":280,"date":"2025-06-27T05:55:43","date_gmt":"2025-06-27T05:55:43","guid":{"rendered":"https:\/\/granturia.eu\/el-barrio\/"},"modified":"2025-09-13T18:05:26","modified_gmt":"2025-09-13T18:05:26","slug":"o-apartamentach-gran-turia-premium","status":"publish","type":"page","link":"https:\/\/granturia.eu\/pl\/o-apartamentach-gran-turia-premium\/","title":{"rendered":"Nosotros"},"content":{"rendered":"<div data-elementor-type=\"wp-page\" data-elementor-id=\"280\" class=\"elementor elementor-280\" data-elementor-post-type=\"page\">\n\t\t\t\t<div class=\"elementor-element elementor-element-3b0abd12 e-flex e-con-boxed e-con e-parent\" data-id=\"3b0abd12\" data-element_type=\"container\" data-e-type=\"container\" data-settings=\"{&quot;background_background&quot;:&quot;classic&quot;}\">\n\t\t\t\t\t<div class=\"e-con-inner\">\n\t\t<div class=\"elementor-element elementor-element-132e8116 e-con-full e-flex e-con e-child\" data-id=\"132e8116\" data-element_type=\"container\" data-e-type=\"container\">\n\t\t\t\t<div class=\"elementor-element elementor-element-58eb4c9d elementor-widget elementor-widget-heading\" data-id=\"58eb4c9d\" data-element_type=\"widget\" data-e-type=\"widget\" data-widget_type=\"heading.default\">\n\t\t\t\t<div class=\"elementor-widget-container\">\n\t\t\t\t\t<h5 class=\"elementor-heading-title elementor-size-default\">TW\u00d3J DOM W WALENCJI<\/h5>\t\t\t\t<\/div>\n\t\t\t\t<\/div>\n\t\t\t\t<div class=\"elementor-element elementor-element-1eb7316d elementor-widget elementor-widget-heading\" data-id=\"1eb7316d\" data-element_type=\"widget\" data-e-type=\"widget\" data-widget_type=\"heading.default\">\n\t\t\t\t<div class=\"elementor-widget-container\">\n\t\t\t\t\t<h1 class=\"elementor-heading-title elementor-size-default\">Informacje o obiekcie Gran Turia Premium Suites<\/h1>\t\t\t\t<\/div>\n\t\t\t\t<\/div>\n\t\t\t\t<div class=\"elementor-element elementor-element-1c719bcc elementor-widget elementor-widget-text-editor\" data-id=\"1c719bcc\" data-element_type=\"widget\" data-e-type=\"widget\" data-widget_type=\"text-editor.default\">\n\t\t\t\t<div class=\"elementor-widget-container\">\n\t\t\t\t\t\t\t\t\t<p>Witamy w Gran Turia Premium Suites, miejscu, w kt\u00f3rym ciep\u0142o i autentyczno\u015b\u0107 Walencji mo\u017cna znale\u017a\u0107 w ka\u017cdym zak\u0105tku. Nasze apartamenty zosta\u0142y zaprojektowane tak, aby zapewni\u0107 wyj\u0105tkowe wra\u017cenia, pozwalaj\u0105c cieszy\u0107 si\u0119 tym, co najlepsze w okolicy, jednocze\u015bnie czuj\u0105c si\u0119 jak w domu. Tutaj liczy si\u0119 ka\u017cdy szczeg\u00f3\u0142, aby pobyt by\u0142 niezapomniany.<\/p>\t\t\t\t\t\t\t\t<\/div>\n\t\t\t\t<\/div>\n\t\t<div class=\"elementor-element elementor-element-6847d81a e-flex e-con-boxed e-con e-child\" data-id=\"6847d81a\" data-element_type=\"container\" data-e-type=\"container\">\n\t\t\t\t\t<div class=\"e-con-inner\">\n\t\t\t\t<div class=\"elementor-element elementor-element-27bf174c elementor-widget__width-auto elementor-align-right elementor-widget elementor-widget-button\" data-id=\"27bf174c\" data-element_type=\"widget\" data-e-type=\"widget\" data-widget_type=\"button.default\">\n\t\t\t\t<div class=\"elementor-widget-container\">\n\t\t\t\t\t\t\t\t\t<div class=\"elementor-button-wrapper\">\n\t\t\t\t\t<a class=\"elementor-button elementor-button-link elementor-size-sm\" href=\"https:\/\/granturia.eu\/pl\" target=\"_blank\">\n\t\t\t\t\t\t<span class=\"elementor-button-content-wrapper\">\n\t\t\t\t\t\t\t\t\t<span class=\"elementor-button-text\">ZAREZERWUJ TUTAJ<\/span>\n\t\t\t\t\t<\/span>\n\t\t\t\t\t<\/a>\n\t\t\t\t<\/div>\n\t\t\t\t\t\t\t\t<\/div>\n\t\t\t\t<\/div>\n\t\t\t\t\t<\/div>\n\t\t\t\t<\/div>\n\t\t\t\t<\/div>\n\t\t\t\t\t<\/div>\n\t\t\t\t<\/div>\n\t\t<div class=\"elementor-element elementor-element-4014807 e-flex e-con-boxed e-con e-parent\" data-id=\"4014807\" data-element_type=\"container\" data-e-type=\"container\">\n\t\t\t\t\t<div class=\"e-con-inner\">\n\t\t<div class=\"elementor-element elementor-element-7308b910 e-con-full e-flex e-con e-child\" data-id=\"7308b910\" data-element_type=\"container\" data-e-type=\"container\" data-settings=\"{&quot;background_background&quot;:&quot;classic&quot;}\">\n\t\t\t\t<div class=\"elementor-element elementor-element-506e0236 elementor-widget elementor-widget-heading\" data-id=\"506e0236\" data-element_type=\"widget\" data-e-type=\"widget\" data-widget_type=\"heading.default\">\n\t\t\t\t<div class=\"elementor-widget-container\">\n\t\t\t\t\t<h2 class=\"elementor-heading-title elementor-size-default\">Dla nas Premium Stays to...<\/h2>\t\t\t\t<\/div>\n\t\t\t\t<\/div>\n\t\t\t\t<div class=\"elementor-element elementor-element-154ab56e elementor-widget elementor-widget-text-editor\" data-id=\"154ab56e\" data-element_type=\"widget\" data-e-type=\"widget\" data-widget_type=\"text-editor.default\">\n\t\t\t\t<div class=\"elementor-widget-container\">\n\t\t\t\t\t\t\t\t\t<p>Nasz\u0105 misj\u0105 jest, aby\u015b odpocz\u0105\u0142, sp\u0119dzi\u0142 czas w komfortowych warunkach i cieszy\u0142 si\u0119 Walencj\u0105 jak nigdy dot\u0105d.\u00a0<\/p><p>Od momentu wej\u015bcia do mieszkania, z jego wyj\u0105tkowym o\u015bwietleniem, po nasz\u0105 sekcj\u0119 rekomendacji, w kt\u00f3rej znajdziesz najpopularniejsze restauracje i miejsca w Walencji; aby Tw\u00f3j pobyt by\u0142 niezapomnianym prze\u017cyciem i powodem do powrotu.<\/p>\t\t\t\t\t\t\t\t<\/div>\n\t\t\t\t<\/div>\n\t\t\t\t<\/div>\n\t\t<div class=\"elementor-element elementor-element-1a8d34f8 e-con-full e-flex e-con e-child\" data-id=\"1a8d34f8\" data-element_type=\"container\" data-e-type=\"container\">\n\t\t\t\t<div class=\"elementor-element elementor-element-794e78e1 elementor-widget elementor-widget-image\" data-id=\"794e78e1\" data-element_type=\"widget\" data-e-type=\"widget\" data-widget_type=\"image.default\">\n\t\t\t\t<div class=\"elementor-widget-container\">\n\t\t\t\t\t\t\t\t\t\t\t\t\t\t\t<img fetchpriority=\"high\" decoding=\"async\" width=\"1350\" height=\"1080\" src=\"https:\/\/granturia.eu\/wp-content\/uploads\/2025\/06\/Ap1_foto5.webp\" class=\"attachment-full size-full wp-image-355\" alt=\"Apartamenty Gran Turia Premium w hiszpa\u0144skiej Walencji\" srcset=\"https:\/\/granturia.eu\/wp-content\/uploads\/2025\/06\/Ap1_foto5.webp 1350w, https:\/\/granturia.eu\/wp-content\/uploads\/2025\/06\/Ap1_foto5-300x240.webp 300w, https:\/\/granturia.eu\/wp-content\/uploads\/2025\/06\/Ap1_foto5-1024x819.webp 1024w, https:\/\/granturia.eu\/wp-content\/uploads\/2025\/06\/Ap1_foto5-768x614.webp 768w\" sizes=\"(max-width: 1350px) 100vw, 1350px\" \/>\t\t\t\t\t\t\t\t\t\t\t\t\t\t\t<\/div>\n\t\t\t\t<\/div>\n\t\t\t\t<\/div>\n\t\t\t\t\t<\/div>\n\t\t\t\t<\/div>\n\t\t<div class=\"elementor-element elementor-element-38c13f4d e-flex e-con-boxed e-con e-parent\" data-id=\"38c13f4d\" data-element_type=\"container\" data-e-type=\"container\">\n\t\t\t\t\t<div class=\"e-con-inner\">\n\t\t<div class=\"elementor-element elementor-element-5279a6ed e-con-full e-flex e-con e-child\" data-id=\"5279a6ed\" data-element_type=\"container\" data-e-type=\"container\">\n\t\t\t\t<div class=\"elementor-element elementor-element-7d39cbe7 elementor-widget elementor-widget-heading\" data-id=\"7d39cbe7\" data-element_type=\"widget\" data-e-type=\"widget\" data-widget_type=\"heading.default\">\n\t\t\t\t<div class=\"elementor-widget-container\">\n\t\t\t\t\t<h3 class=\"elementor-heading-title elementor-size-default\">Charakterystyka s\u0105siedztwa<\/h3>\t\t\t\t<\/div>\n\t\t\t\t<\/div>\n\t\t\t\t<div class=\"elementor-element elementor-element-5cb307cb elementor-widget elementor-widget-text-editor\" data-id=\"5cb307cb\" data-element_type=\"widget\" data-e-type=\"widget\" data-widget_type=\"text-editor.default\">\n\t\t\t\t<div class=\"elementor-widget-container\">\n\t\t\t\t\t\t\t\t\t<p>Okolica, w kt\u00f3rej si\u0119 znajdujemy, w samym sercu Walencji, w Hiszpanii, jest miejscem pe\u0142nym \u017cycia i uroku. Spaceruj w\u0105skimi uliczkami, odkryj ukryte place i ciesz si\u0119 wyj\u0105tkow\u0105 architektur\u0105, kt\u00f3ra opowiada historie z minionych czas\u00f3w.<\/p>\t\t\t\t\t\t\t\t<\/div>\n\t\t\t\t<\/div>\n\t\t\t\t<\/div>\n\t\t<div class=\"elementor-element elementor-element-3ccac1bf e-con-full e-flex e-con e-child\" data-id=\"3ccac1bf\" data-element_type=\"container\" data-e-type=\"container\">\n\t\t\t\t<div class=\"elementor-element elementor-element-327aa9f3 elementor-widget elementor-widget-heading\" data-id=\"327aa9f3\" data-element_type=\"widget\" data-e-type=\"widget\" data-widget_type=\"heading.default\">\n\t\t\t\t<div class=\"elementor-widget-container\">\n\t\t\t\t\t<h3 class=\"elementor-heading-title elementor-size-default\">Miejsce pe\u0142ne historii<\/h3>\t\t\t\t<\/div>\n\t\t\t\t<\/div>\n\t\t\t\t<div class=\"elementor-element elementor-element-ca22b3b elementor-widget elementor-widget-text-editor\" data-id=\"ca22b3b\" data-element_type=\"widget\" data-e-type=\"widget\" data-widget_type=\"text-editor.default\">\n\t\t\t\t<div class=\"elementor-widget-container\">\n\t\t\t\t\t\t\t\t\t<p>Od lokalnych rynk\u00f3w po przytulne kawiarnie, ka\u017cdy zak\u0105tek Walencji w Hiszpanii ma co\u015b wyj\u0105tkowego do zaoferowania. Przyjed\u017a i zanurz si\u0119 w kulturze Walencji podczas pobytu w naszych apartamentach premium.<\/p>\t\t\t\t\t\t\t\t<\/div>\n\t\t\t\t<\/div>\n\t\t\t\t<\/div>\n\t\t<div class=\"elementor-element elementor-element-712506d0 e-con-full e-flex e-con e-child\" data-id=\"712506d0\" data-element_type=\"container\" data-e-type=\"container\">\n\t\t\t\t<div class=\"elementor-element elementor-element-8204a53 elementor-widget elementor-widget-heading\" data-id=\"8204a53\" data-element_type=\"widget\" data-e-type=\"widget\" data-widget_type=\"heading.default\">\n\t\t\t\t<div class=\"elementor-widget-container\">\n\t\t\t\t\t<h3 class=\"elementor-heading-title elementor-size-default\">Niezapomniane do\u015bwiadczenia<\/h3>\t\t\t\t<\/div>\n\t\t\t\t<\/div>\n\t\t\t\t<div class=\"elementor-element elementor-element-d59cf12 elementor-widget elementor-widget-text-editor\" data-id=\"d59cf12\" data-element_type=\"widget\" data-e-type=\"widget\" data-widget_type=\"text-editor.default\">\n\t\t\t\t<div class=\"elementor-widget-container\">\n\t\t\t\t\t\t\t\t\t<p>Jeste\u015bmy zaszczyceni, mog\u0105c udzieli\u0107 Ci rekomendacji kulinarnych, a nawet przewodnik\u00f3w po miejscach, kt\u00f3re trzeba zobaczy\u0107, jeste\u015bmy tutaj, aby Tw\u00f3j pobyt by\u0142 do\u015bwiadczeniem w odkrywaniu wszystkiego, co ma do zaoferowania ta wspania\u0142a okolica.<\/p>\t\t\t\t\t\t\t\t<\/div>\n\t\t\t\t<\/div>\n\t\t\t\t<\/div>\n\t\t\t\t\t<\/div>\n\t\t\t\t<\/div>\n\t\t<div class=\"elementor-element elementor-element-7f96ce4b e-flex e-con-boxed e-con e-parent\" data-id=\"7f96ce4b\" data-element_type=\"container\" data-e-type=\"container\">\n\t\t\t\t\t<div class=\"e-con-inner\">\n\t\t<div class=\"elementor-element elementor-element-6a9f8cd7 e-con-full e-flex e-con e-child\" data-id=\"6a9f8cd7\" data-element_type=\"container\" data-e-type=\"container\">\n\t\t\t\t<div class=\"elementor-element elementor-element-135226b4 elementor-widget-tablet__width-inherit elementor-widget elementor-widget-heading\" data-id=\"135226b4\" data-element_type=\"widget\" data-e-type=\"widget\" data-widget_type=\"heading.default\">\n\t\t\t\t<div class=\"elementor-widget-container\">\n\t\t\t\t\t<h4 class=\"elementor-heading-title elementor-size-default\">Opinie go\u015bci<\/h4>\t\t\t\t<\/div>\n\t\t\t\t<\/div>\n\t\t<div class=\"elementor-element elementor-element-72e569a8 e-grid e-con-full e-con e-child\" data-id=\"72e569a8\" data-element_type=\"container\" data-e-type=\"container\">\n\t\t\t\t<div class=\"elementor-element elementor-element-4702c63f elementor-widget-tablet__width-initial elementor-widget-mobile__width-inherit elementor-widget elementor-widget-testimonial\" data-id=\"4702c63f\" data-element_type=\"widget\" data-e-type=\"widget\" data-widget_type=\"testimonial.default\">\n\t\t\t\t<div class=\"elementor-widget-container\">\n\t\t\t\t\t\t\t<div class=\"elementor-testimonial-wrapper\">\n\t\t\t\t\t\t\t<div class=\"elementor-testimonial-content\">\"Mia\u0142em niesamowity pobyt w Gran Turia. Apartamenty s\u0105 pi\u0119kne i relaksuj\u0105ce, naprawd\u0119 jak dom z dala od domu.\"<\/div>\n\t\t\t\n\t\t\t\t\t\t<div class=\"elementor-testimonial-meta elementor-testimonial-image-position-aside\">\n\t\t\t\t<div class=\"elementor-testimonial-meta-inner\">\n\t\t\t\t\t\n\t\t\t\t\t\t\t\t\t\t<div class=\"elementor-testimonial-details\">\n\t\t\t\t\t\t\t\t\t\t\t\t\t\t<div class=\"elementor-testimonial-name\">Maria Gonzalez<\/div>\n\t\t\t\t\t\t\t\t\t\t\t\t\t\t\t\t\t\t\t<\/div>\n\t\t\t\t\t\t\t\t\t<\/div>\n\t\t\t<\/div>\n\t\t\t\t\t<\/div>\n\t\t\t\t\t\t<\/div>\n\t\t\t\t<\/div>\n\t\t\t\t<div class=\"elementor-element elementor-element-744b8358 elementor-widget-tablet__width-initial elementor-widget-mobile__width-inherit elementor-widget elementor-widget-testimonial\" data-id=\"744b8358\" data-element_type=\"widget\" data-e-type=\"widget\" data-widget_type=\"testimonial.default\">\n\t\t\t\t<div class=\"elementor-widget-container\">\n\t\t\t\t\t\t\t<div class=\"elementor-testimonial-wrapper\">\n\t\t\t\t\t\t\t<div class=\"elementor-testimonial-content\">\"Gran Turia to idealne miejsce do odkrywania Walencji. Dba\u0142o\u015b\u0107 o szczeg\u00f3\u0142y i \u017cyczliwo\u015b\u0107 personelu s\u0105 wyj\u0105tkowe.\"<\/div>\n\t\t\t\n\t\t\t\t\t\t<div class=\"elementor-testimonial-meta elementor-testimonial-image-position-aside\">\n\t\t\t\t<div class=\"elementor-testimonial-meta-inner\">\n\t\t\t\t\t\n\t\t\t\t\t\t\t\t\t\t<div class=\"elementor-testimonial-details\">\n\t\t\t\t\t\t\t\t\t\t\t\t\t\t<div class=\"elementor-testimonial-name\">Luis Fern\u00e1ndez<\/div>\n\t\t\t\t\t\t\t\t\t\t\t\t\t\t\t\t\t\t\t<\/div>\n\t\t\t\t\t\t\t\t\t<\/div>\n\t\t\t<\/div>\n\t\t\t\t\t<\/div>\n\t\t\t\t\t\t<\/div>\n\t\t\t\t<\/div>\n\t\t\t\t<div class=\"elementor-element elementor-element-7c9894f6 elementor-widget-tablet__width-initial elementor-widget-mobile__width-inherit elementor-widget elementor-widget-testimonial\" data-id=\"7c9894f6\" data-element_type=\"widget\" data-e-type=\"widget\" data-widget_type=\"testimonial.default\">\n\t\t\t\t<div class=\"elementor-widget-container\">\n\t\t\t\t\t\t\t<div class=\"elementor-testimonial-wrapper\">\n\t\t\t\t\t\t\t<div class=\"elementor-testimonial-content\">\"Od komfortu apartamentu po blisko\u015b\u0107 atrakcji turystycznych, moje do\u015bwiadczenie by\u0142o niezapomniane. Zdecydowanie wr\u00f3c\u0119.\"<\/div>\n\t\t\t\n\t\t\t\t\t\t<div class=\"elementor-testimonial-meta elementor-testimonial-image-position-aside\">\n\t\t\t\t<div class=\"elementor-testimonial-meta-inner\">\n\t\t\t\t\t\n\t\t\t\t\t\t\t\t\t\t<div class=\"elementor-testimonial-details\">\n\t\t\t\t\t\t\t\t\t\t\t\t\t\t<div class=\"elementor-testimonial-name\">Sofia Martinez<\/div>\n\t\t\t\t\t\t\t\t\t\t\t\t\t\t\t\t\t\t\t<\/div>\n\t\t\t\t\t\t\t\t\t<\/div>\n\t\t\t<\/div>\n\t\t\t\t\t<\/div>\n\t\t\t\t\t\t<\/div>\n\t\t\t\t<\/div>\n\t\t\t\t<\/div>\n\t\t\t\t<\/div>\n\t\t\t\t\t<\/div>\n\t\t\t\t<\/div>\n\t\t<div class=\"elementor-element elementor-element-47029fbb e-flex e-con-boxed e-con e-parent\" data-id=\"47029fbb\" data-element_type=\"container\" data-e-type=\"container\" data-settings=\"{&quot;background_background&quot;:&quot;classic&quot;}\">\n\t\t\t\t\t<div class=\"e-con-inner\">\n\t\t<div class=\"elementor-element elementor-element-17f23a01 e-flex e-con-boxed e-con e-child\" data-id=\"17f23a01\" data-element_type=\"container\" data-e-type=\"container\" data-settings=\"{&quot;background_background&quot;:&quot;classic&quot;}\">\n\t\t\t\t\t<div class=\"e-con-inner\">\n\t\t\t\t<div class=\"elementor-element elementor-element-10f2ea26 elementor-widget elementor-widget-heading\" data-id=\"10f2ea26\" data-element_type=\"widget\" data-e-type=\"widget\" data-widget_type=\"heading.default\">\n\t\t\t\t<div class=\"elementor-widget-container\">\n\t\t\t\t\t<h2 class=\"elementor-heading-title elementor-size-default\">Odkryj to, co najlepsze w Walencji w Gran Turia<\/h2>\t\t\t\t<\/div>\n\t\t\t\t<\/div>\n\t\t\t\t<div class=\"elementor-element elementor-element-4da2405 elementor-widget elementor-widget-text-editor\" data-id=\"4da2405\" data-element_type=\"widget\" data-e-type=\"widget\" data-widget_type=\"text-editor.default\">\n\t\t\t\t<div class=\"elementor-widget-container\">\n\t\t\t\t\t\t\t\t\t<p>Zapraszamy do odkrywania naszej urokliwej okolicy, przesi\u0105kni\u0119tej histori\u0105 i kultur\u0105. Od zapieraj\u0105cych dech w piersiach widok\u00f3w po lokalne smaki, ka\u017cdy zak\u0105tek odkrywa now\u0105 przygod\u0119. Pozw\u00f3l nam by\u0107 Twoim przewodnikiem i odkryj wszystko, co Walencja ma do zaoferowania.<\/p>\t\t\t\t\t\t\t\t<\/div>\n\t\t\t\t<\/div>\n\t\t\t\t<div class=\"elementor-element elementor-element-63bc072c elementor-widget__width-auto elementor-align-right elementor-widget elementor-widget-button\" data-id=\"63bc072c\" data-element_type=\"widget\" data-e-type=\"widget\" data-widget_type=\"button.default\">\n\t\t\t\t<div class=\"elementor-widget-container\">\n\t\t\t\t\t\t\t\t\t<div class=\"elementor-button-wrapper\">\n\t\t\t\t\t<a class=\"elementor-button elementor-button-link elementor-size-sm\" href=\"https:\/\/reservas.granturia.eu\/alquiler\/alquiler-alquileres-d0\/\">\n\t\t\t\t\t\t<span class=\"elementor-button-content-wrapper\">\n\t\t\t\t\t\t\t\t\t<span class=\"elementor-button-text\">ZAREZERWUJ TUTAJ<\/span>\n\t\t\t\t\t<\/span>\n\t\t\t\t\t<\/a>\n\t\t\t\t<\/div>\n\t\t\t\t\t\t\t\t<\/div>\n\t\t\t\t<\/div>\n\t\t\t\t\t<\/div>\n\t\t\t\t<\/div>\n\t\t\t\t\t<\/div>\n\t\t\t\t<\/div>\n\t\t\t\t<\/div>","protected":false},"excerpt":{"rendered":"<p>TU HOGAR EN VALENCIA Sobre Gran Turia Premium Suites Bienvenido a Gran Turia Premium Suites, un lugar donde la calidez y la autenticidad de Valencia se encuentran en cada rinc\u00f3n. Nuestras suites est\u00e1n dise\u00f1adas para ofrecerte una experiencia \u00fanica, permiti\u00e9ndote disfrutar de lo mejor del barrio mientras te sientes como en casa. Aqu\u00ed, cada detalle [&hellip;]<\/p>","protected":false},"author":1,"featured_media":0,"parent":0,"menu_order":0,"comment_status":"closed","ping_status":"closed","template":"","meta":{"footnotes":""},"class_list":["post-280","page","type-page","status-publish","hentry"],"blocksy_meta":[],"_links":{"self":[{"href":"https:\/\/granturia.eu\/pl\/wp-json\/wp\/v2\/pages\/280","targetHints":{"allow":["GET"]}}],"collection":[{"href":"https:\/\/granturia.eu\/pl\/wp-json\/wp\/v2\/pages"}],"about":[{"href":"https:\/\/granturia.eu\/pl\/wp-json\/wp\/v2\/types\/page"}],"author":[{"embeddable":true,"href":"https:\/\/granturia.eu\/pl\/wp-json\/wp\/v2\/users\/1"}],"replies":[{"embeddable":true,"href":"https:\/\/granturia.eu\/pl\/wp-json\/wp\/v2\/comments?post=280"}],"version-history":[{"count":56,"href":"https:\/\/granturia.eu\/pl\/wp-json\/wp\/v2\/pages\/280\/revisions"}],"predecessor-version":[{"id":1312,"href":"https:\/\/granturia.eu\/pl\/wp-json\/wp\/v2\/pages\/280\/revisions\/1312"}],"wp:attachment":[{"href":"https:\/\/granturia.eu\/pl\/wp-json\/wp\/v2\/media?parent=280"}],"curies":[{"name":"wp","href":"https:\/\/api.w.org\/{rel}","templated":true}]}}