{"id":759,"date":"2025-07-24T05:18:58","date_gmt":"2025-07-24T05:18:58","guid":{"rendered":"https:\/\/granturia.eu\/?page_id=759"},"modified":"2025-09-13T22:24:06","modified_gmt":"2025-09-13T22:24:06","slug":"cookiebeleid","status":"publish","type":"page","link":"https:\/\/granturia.eu\/nl\/cookiebeleid\/","title":{"rendered":"Cookiebeleid"},"content":{"rendered":"<div data-elementor-type=\"wp-page\" data-elementor-id=\"759\" class=\"elementor elementor-759\" data-elementor-post-type=\"page\">\n\t\t\t\t<div class=\"elementor-element elementor-element-0e609f1 e-flex e-con-boxed e-con e-parent\" data-id=\"0e609f1\" data-element_type=\"container\" data-e-type=\"container\">\n\t\t\t\t\t<div class=\"e-con-inner\">\n\t\t<div class=\"elementor-element elementor-element-df83af9 e-con-full e-flex e-con e-child\" data-id=\"df83af9\" data-element_type=\"container\" data-e-type=\"container\">\n\t\t\t\t<div class=\"elementor-element elementor-element-9bb9b3c elementor-widget elementor-widget-heading\" data-id=\"9bb9b3c\" data-element_type=\"widget\" data-e-type=\"widget\" data-widget_type=\"heading.default\">\n\t\t\t\t<div class=\"elementor-widget-container\">\n\t\t\t\t\t<h1 class=\"elementor-heading-title elementor-size-default\">Gran Turia Premium Verblijven Cookiebeleid<\/h1>\t\t\t\t<\/div>\n\t\t\t\t<\/div>\n\t\t\t\t<\/div>\n\t\t\t\t\t<\/div>\n\t\t\t\t<\/div>\n\t\t<div class=\"elementor-element elementor-element-f726f99 e-flex e-con-boxed e-con e-parent\" data-id=\"f726f99\" data-element_type=\"container\" data-e-type=\"container\">\n\t\t\t\t\t<div class=\"e-con-inner\">\n\t\t<div class=\"elementor-element elementor-element-8d4ddfc e-con-full e-flex e-con e-child\" data-id=\"8d4ddfc\" data-element_type=\"container\" data-e-type=\"container\">\n\t\t\t\t<div class=\"elementor-element elementor-element-39e2616 elementor-toc--minimized-on-tablet elementor-widget elementor-widget-table-of-contents\" data-id=\"39e2616\" data-element_type=\"widget\" data-e-type=\"widget\" data-settings=\"{&quot;exclude_headings_by_selector&quot;:[],&quot;no_headings_message&quot;:&quot;No se ha encontrado ning\\u00fan encabezado en esta p\\u00e1gina.&quot;,&quot;motion_fx_motion_fx_scrolling&quot;:&quot;yes&quot;,&quot;sticky&quot;:&quot;top&quot;,&quot;sticky_offset&quot;:20,&quot;headings_by_tags&quot;:[&quot;h2&quot;,&quot;h3&quot;,&quot;h4&quot;,&quot;h5&quot;,&quot;h6&quot;],&quot;marker_view&quot;:&quot;numbers&quot;,&quot;minimize_box&quot;:&quot;yes&quot;,&quot;minimized_on&quot;:&quot;tablet&quot;,&quot;hierarchical_view&quot;:&quot;yes&quot;,&quot;min_height&quot;:{&quot;unit&quot;:&quot;px&quot;,&quot;size&quot;:&quot;&quot;,&quot;sizes&quot;:[]},&quot;min_height_tablet&quot;:{&quot;unit&quot;:&quot;px&quot;,&quot;size&quot;:&quot;&quot;,&quot;sizes&quot;:[]},&quot;min_height_mobile&quot;:{&quot;unit&quot;:&quot;px&quot;,&quot;size&quot;:&quot;&quot;,&quot;sizes&quot;:[]},&quot;motion_fx_devices&quot;:[&quot;desktop&quot;,&quot;tablet&quot;,&quot;mobile&quot;],&quot;sticky_on&quot;:[&quot;desktop&quot;,&quot;tablet&quot;,&quot;mobile&quot;],&quot;sticky_effects_offset&quot;:0,&quot;sticky_anchor_link_offset&quot;:0}\" data-widget_type=\"table-of-contents.default\">\n\t\t\t\t<div class=\"elementor-widget-container\">\n\t\t\t\t\t\t\t\t\t<div class=\"elementor-toc__header\">\n\t\t\t\t\t\t<h4 class=\"elementor-toc__header-title\">\n\t\t\t\tCookiebeleid\t\t\t<\/h4>\n\t\t\t\t\t\t\t\t\t\t<div class=\"elementor-toc__toggle-button elementor-toc__toggle-button--expand\" role=\"button\" tabindex=\"0\" aria-controls=\"elementor-toc__39e2616\" aria-expanded=\"true\" aria-label=\"Open table of contents\" data-no-translation-aria-label=\"\"><svg aria-hidden=\"true\" class=\"e-font-icon-svg e-fas-chevron-down\" viewbox=\"0 0 448 512\" xmlns=\"http:\/\/www.w3.org\/2000\/svg\"><path d=\"M207.029 381.476L12.686 187.132c-9.373-9.373-9.373-24.569 0-33.941l22.667-22.667c9.357-9.357 24.522-9.375 33.901-.04L224 284.505l154.745-154.021c9.379-9.335 24.544-9.317 33.901.04l22.667 22.667c9.373 9.373 9.373 24.569 0 33.941L240.971 381.476c-9.373 9.372-24.569 9.372-33.942 0z\"><\/path><\/svg><\/div>\n\t\t\t\t<div class=\"elementor-toc__toggle-button elementor-toc__toggle-button--collapse\" role=\"button\" tabindex=\"0\" aria-controls=\"elementor-toc__39e2616\" aria-expanded=\"true\" aria-label=\"Close table of contents\" data-no-translation-aria-label=\"\"><svg aria-hidden=\"true\" class=\"e-font-icon-svg e-fas-chevron-up\" viewbox=\"0 0 448 512\" xmlns=\"http:\/\/www.w3.org\/2000\/svg\"><path d=\"M240.971 130.524l194.343 194.343c9.373 9.373 9.373 24.569 0 33.941l-22.667 22.667c-9.357 9.357-24.522 9.375-33.901.04L224 227.495 69.255 381.516c-9.379 9.335-24.544 9.317-33.901-.04l-22.667-22.667c-9.373-9.373-9.373-24.569 0-33.941L207.03 130.525c9.372-9.373 24.568-9.373 33.941-.001z\"><\/path><\/svg><\/div>\n\t\t\t\t\t<\/div>\n\t\t\t\t<div id=\"elementor-toc__39e2616\" class=\"elementor-toc__body\">\n\t\t\t<div class=\"elementor-toc__spinner-container\">\n\t\t\t\t<svg class=\"elementor-toc__spinner eicon-animation-spin e-font-icon-svg e-eicon-loading\" aria-hidden=\"true\" viewbox=\"0 0 1000 1000\" xmlns=\"http:\/\/www.w3.org\/2000\/svg\"><path d=\"M500 975V858C696 858 858 696 858 500S696 142 500 142 142 304 142 500H25C25 237 238 25 500 25S975 237 975 500 763 975 500 975Z\"><\/path><\/svg>\t\t\t<\/div>\n\t\t<\/div>\n\t\t\t\t\t\t<\/div>\n\t\t\t\t<\/div>\n\t\t\t\t<\/div>\n\t\t<div class=\"elementor-element elementor-element-eb97492 e-con-full e-flex e-con e-child\" data-id=\"eb97492\" data-element_type=\"container\" data-e-type=\"container\">\n\t\t\t\t<div class=\"elementor-element elementor-element-03396dd elementor-widget elementor-widget-text-editor\" data-id=\"03396dd\" data-element_type=\"widget\" data-e-type=\"widget\" data-widget_type=\"text-editor.default\">\n\t\t\t\t<div class=\"elementor-widget-container\">\n\t\t\t\t\t\t\t\t\t<p>Op <b>Gran Turia Premium verblijven<\/b>beheerd door <b>Bonanza Capital S.L.<\/b>We gebruiken cookies en soortgelijke technologie\u00ebn om uw ervaring op onze website te verbeteren, <b><a class=\"ng-star-inserted\" href=\"https:\/\/granturia.eu\/nl\" target=\"_blank\" rel=\"noopener\">https:\/\/granturia.eu<\/a><\/b>. Dit beleid legt uit wat cookies zijn, hoe we ze gebruiken en hoe u ze kunt beheren.<\/p><hr \/><h3>Wat zijn cookies?<\/h3><p>Een cookie is een klein tekstbestand dat een website in uw browser opslaat wanneer u de website bezoekt. Met cookies kan de website informatie over uw bezoek onthouden, zoals uw voorkeurstaal en andere instellingen, waardoor uw volgende bezoek gemakkelijker verloopt en de site nuttiger voor u wordt. Cookies spelen een zeer belangrijke rol en dragen bij aan een betere surfervaring voor de gebruiker.<\/p><hr \/><h3>Soorten cookies die gebruikt worden in Gran Turia Premium verblijven<\/h3><p>We gebruiken eigen cookies en cookies van derden voor verschillende doeleinden:<\/p><h3>Eigen cookies<\/h3><p>Dit zijn bestanden die naar uw eindapparatuur worden verzonden vanaf een computer of domein die wordt beheerd door <b>Bonanza Capital S.L.<\/b> en van waaruit de door de gebruiker gevraagde dienst wordt geleverd.<\/p><ul><li><p><b>Technische cookies:<\/b> Ze zijn strikt noodzakelijk voor de correcte werking van onze website en zodat u erop kunt surfen en de verschillende opties of diensten kunt gebruiken (bijv. verkeerscontrole en datacommunicatie, sessie-identificatie, toegang tot afgeschermde delen, de elementen waaruit een reservering bestaat onthouden, het aankoopproces van een reservering uitvoeren, de betaling beheren, enz.) Zonder deze cookies zou de website niet naar behoren kunnen functioneren.<\/p><\/li><\/ul><p>\u00a0<\/p><h3>Cookies van derden<\/h3><p>Dit zijn berichten die naar uw eindapparatuur worden verzonden vanaf apparatuur of een domein dat niet wordt beheerd door <b>Bonanza Capital S.L.<\/b>maar door een andere entiteit die de via cookies verkregen gegevens verwerkt.<\/p><ul><li><p><b>Cookies voor analyse:<\/b> Ze stellen ons in staat het aantal gebruikers te kwantificeren en zo het gebruik van de aangeboden dienst door de gebruikers te meten en statistisch te analyseren. Hiervoor wordt uw surfgedrag op onze website geanalyseerd om het aanbod van producten of diensten te verbeteren. Wij gebruiken <b>Google Analytics<\/b> voor dit doel.<\/p><\/li><li><p><b>Cookies voor gedragsadvertenties:<\/b> Deze cookies slaan informatie op over het gedrag van gebruikers die wordt verkregen door voortdurende observatie van hun surfgedrag, waardoor een specifiek profiel kan worden ontwikkeld om op basis daarvan advertenties weer te geven. Dit kan cookies omvatten van platforms zoals Google Ads of sociale netwerken voor retargeting-campagnes, op voorwaarde dat u hiervoor toestemming hebt gegeven.<\/p><\/li><li><p><b>Cookies van boekingsplatforms en betalingsgateways:<\/b> Gezien onze integraties met platforms zoals <b>Avantio<\/b> en betalingsgateways, kunnen hun eigen cookies gebruiken voor een goede werking van de boekings- en betalingsprocessen. Deze cookies zijn essentieel om uw transactie te voltooien en het gebruik ervan valt onder het privacy- en cookiebeleid van deze platforms.<\/p><\/li><\/ul><hr \/><h3>Doeleinden van het gebruik van cookies<\/h3><p>De cookies die we gebruiken in Gran Turia Premium Stays hebben de volgende doeleinden:<\/p><ul><li><p><b>Om de website goed te laten functioneren:<\/b> Om het browsen en het gebruik van de verschillende aangeboden services te vergemakkelijken.<\/p><\/li><li><p><b>Beheer je boekingen:<\/b> Verzorgen van het boekingsproces, de betalingsgateway en de communicatie met Avantio voor het beheer van je verblijf.<\/p><\/li><li><p><b>Verbeter uw gebruikerservaring:<\/b> Personaliseer je bezoek, onthoud je voorkeuren en stroomlijn processen.<\/p><\/li><li><p><b>Analyseer de prestaties van de website:<\/b> Om anonieme statistieken te verkrijgen over het gebruik van onze website om te begrijpen hoe gebruikers ermee omgaan en om de website voortdurend te verbeteren.<\/p><\/li><li><p><b>Bied relevante reclame aan:<\/b> u gepersonaliseerde advertenties tonen op basis van uw interesses, altijd met uw uitdrukkelijke toestemming.<\/p><\/li><\/ul><hr \/><h3>Beheer en configuratie van cookies<\/h3><p>U hebt de mogelijkheid om cookies die op uw computer zijn ge\u00efnstalleerd toe te staan, te blokkeren of te verwijderen door de browseropties die op uw computer zijn ge\u00efnstalleerd te configureren. Het is belangrijk om te weten dat, als u sommige cookies uitschakelt, de website mogelijk niet goed werkt en sommige functionaliteiten niet beschikbaar zijn.<\/p><p>Hieronder laten we zien hoe u de cookie-instellingen in de belangrijkste browsers kunt openen:<\/p><ul><li><p><b>Google Chrome:<\/b> <a class=\"ng-star-inserted\" href=\"https:\/\/support.google.com\/chrome\/answer\/95647?hl=es\" target=\"_blank\" rel=\"noopener\">https:\/\/support.google.com\/chrome\/answer\/95647?hl=es<\/a><\/p><\/li><li><p><b>Mozilla Firefox:<\/b> <a class=\"ng-star-inserted\" href=\"https:\/\/support.mozilla.org\/es\/kb\/habilitar-y-deshabilitar-cookies-que-los-sitios-we\" target=\"_blank\" rel=\"noopener\">https:\/\/support.mozilla.org\/es\/kb\/habilitar-y-deshabilitar-cookies-que-los-sitios-we<\/a><\/p><\/li><li><p><b>Microsoft Edge:<\/b> <a class=\"ng-star-inserted\" href=\"https:\/\/www.google.com\/search?q=https:\/\/support.microsoft.com\/es-es\/microsoft-edge-delete-cookies-in-microsoft-edge-63947406-4197-937b-8238-2bc1af9d4067\" target=\"_blank\" rel=\"noopener\">https:\/\/support.microsoft.com\/es-es\/microsoft-edge\/eliminar-las-cookies-en-microsoft-edge-63947406-4197-937b-8238-2bc1af9d4067<\/a><\/p><\/li><li><p><b>Safari (iOS):<\/b> <a class=\"ng-star-inserted\" href=\"https:\/\/support.apple.com\/es-es\/HT201265\" target=\"_blank\" rel=\"noopener\">https:\/\/support.apple.com\/es-es\/HT201265<\/a><\/p><\/li><li><p><b>Safari (macOS):<\/b> <a class=\"ng-star-inserted\" href=\"https:\/\/www.google.com\/search?q=https:\/\/support.apple.com\/es-es\/guide\/safari\/sfri11471\/mac\" target=\"_blank\" rel=\"noopener\">https:\/\/support.apple.com\/es-es\/guide\/safari\/sfri11471\/mac<\/a><\/p><\/li><\/ul><p>Voor meer informatie over hoe u cookies kunt beheren, kunt u terecht op de website van het Spaanse bureau voor gegevensbescherming: <a class=\"ng-star-inserted\" href=\"https:\/\/www.google.com\/search?q=https:\/\/www.aepd.es\/guias-y-herramientas\/guia-cookies\" target=\"_blank\" rel=\"noopener\">https:\/\/www.aepd.es\/guias-y-herramientas\/guia-cookies<\/a>.<\/p><hr \/><h3>Toestemming voor het gebruik van cookies<\/h3><p>Wanneer u onze website bezoekt, krijgt u een cookiemelding of -banner te zien waarin u wordt ge\u00efnformeerd over het gebruik van cookies en waarmee u uw voorkeuren kunt accepteren, afwijzen of configureren. Door op \"Accepteren\" te klikken of door verder te surfen op onze website, stemt u in met het gebruik van de cookies die in dit beleid worden genoemd, tenzij u uw browserinstellingen hebt aangepast om ze uit te schakelen.<\/p><p>U kunt uw toestemming op elk gewenst moment wijzigen of intrekken via de instellingen van uw browser of via de cookie-instellingen die wij u rechtstreeks op onze website aanbieden (als een cookie consent manager is ge\u00efmplementeerd).<\/p><hr \/><h3>Wijzigingen in het cookiebeleid<\/h3><p>Wij behouden ons het recht voor dit Cookiebeleid te allen tijde aan te passen aan nieuwe wetgeving of jurisprudentie, evenals aan veranderingen in de industrie. We raden u aan dit beleid regelmatig te controleren.<\/p><hr \/><h3>Contact<\/h3><p>Als u vragen hebt over ons Cookiebeleid, kunt u contact met ons opnemen via:<\/p><ul><li><p><b>E-mail:<\/b> hola@granturia.eu<\/p><\/li><\/ul>\t\t\t\t\t\t\t\t<\/div>\n\t\t\t\t<\/div>\n\t\t\t\t<\/div>\n\t\t\t\t\t<\/div>\n\t\t\t\t<\/div>\n\t\t\t\t<\/div>","protected":false},"excerpt":{"rendered":"<p>Pol\u00edtica de Cookies de Gran Turia Premium Stays Pol\u00edtica de Cookies En Gran Turia Premium Stays, administrado por Bonanza Capital S.L., utilizamos cookies y tecnolog\u00edas similares para mejorar su experiencia en nuestro sitio web, https:\/\/granturia.eu. Esta pol\u00edtica le explica qu\u00e9 son las cookies, c\u00f3mo las utilizamos y c\u00f3mo puede gestionarlas. \u00bfQu\u00e9 son las Cookies? Una [&hellip;]<\/p>","protected":false},"author":1,"featured_media":0,"parent":0,"menu_order":0,"comment_status":"closed","ping_status":"closed","template":"","meta":{"footnotes":""},"class_list":["post-759","page","type-page","status-publish","hentry"],"blocksy_meta":[],"_links":{"self":[{"href":"https:\/\/granturia.eu\/nl\/wp-json\/wp\/v2\/pages\/759","targetHints":{"allow":["GET"]}}],"collection":[{"href":"https:\/\/granturia.eu\/nl\/wp-json\/wp\/v2\/pages"}],"about":[{"href":"https:\/\/granturia.eu\/nl\/wp-json\/wp\/v2\/types\/page"}],"author":[{"embeddable":true,"href":"https:\/\/granturia.eu\/nl\/wp-json\/wp\/v2\/users\/1"}],"replies":[{"embeddable":true,"href":"https:\/\/granturia.eu\/nl\/wp-json\/wp\/v2\/comments?post=759"}],"version-history":[{"count":14,"href":"https:\/\/granturia.eu\/nl\/wp-json\/wp\/v2\/pages\/759\/revisions"}],"predecessor-version":[{"id":1450,"href":"https:\/\/granturia.eu\/nl\/wp-json\/wp\/v2\/pages\/759\/revisions\/1450"}],"wp:attachment":[{"href":"https:\/\/granturia.eu\/nl\/wp-json\/wp\/v2\/media?parent=759"}],"curies":[{"name":"wp","href":"https:\/\/api.w.org\/{rel}","templated":true}]}}