{"id":759,"date":"2025-07-24T05:18:58","date_gmt":"2025-07-24T05:18:58","guid":{"rendered":"https:\/\/granturia.eu\/?page_id=759"},"modified":"2025-09-13T22:24:06","modified_gmt":"2025-09-13T22:24:06","slug":"informativa-sui-cookie","status":"publish","type":"page","link":"https:\/\/granturia.eu\/it\/informativa-sui-cookie\/","title":{"rendered":"Informativa sui cookie"},"content":{"rendered":"<div data-elementor-type=\"wp-page\" data-elementor-id=\"759\" class=\"elementor elementor-759\" data-elementor-post-type=\"page\">\n\t\t\t\t<div class=\"elementor-element elementor-element-0e609f1 e-flex e-con-boxed e-con e-parent\" data-id=\"0e609f1\" data-element_type=\"container\" data-e-type=\"container\">\n\t\t\t\t\t<div class=\"e-con-inner\">\n\t\t<div class=\"elementor-element elementor-element-df83af9 e-con-full e-flex e-con e-child\" data-id=\"df83af9\" data-element_type=\"container\" data-e-type=\"container\">\n\t\t\t\t<div class=\"elementor-element elementor-element-9bb9b3c elementor-widget elementor-widget-heading\" data-id=\"9bb9b3c\" data-element_type=\"widget\" data-e-type=\"widget\" data-widget_type=\"heading.default\">\n\t\t\t\t<div class=\"elementor-widget-container\">\n\t\t\t\t\t<h1 class=\"elementor-heading-title elementor-size-default\">Politica sui cookie del Gran Turia Premium Stays<\/h1>\t\t\t\t<\/div>\n\t\t\t\t<\/div>\n\t\t\t\t<\/div>\n\t\t\t\t\t<\/div>\n\t\t\t\t<\/div>\n\t\t<div class=\"elementor-element elementor-element-f726f99 e-flex e-con-boxed e-con e-parent\" data-id=\"f726f99\" data-element_type=\"container\" data-e-type=\"container\">\n\t\t\t\t\t<div class=\"e-con-inner\">\n\t\t<div class=\"elementor-element elementor-element-8d4ddfc e-con-full e-flex e-con e-child\" data-id=\"8d4ddfc\" data-element_type=\"container\" data-e-type=\"container\">\n\t\t\t\t<div class=\"elementor-element elementor-element-39e2616 elementor-toc--minimized-on-tablet elementor-widget elementor-widget-table-of-contents\" data-id=\"39e2616\" data-element_type=\"widget\" data-e-type=\"widget\" data-settings=\"{&quot;exclude_headings_by_selector&quot;:[],&quot;no_headings_message&quot;:&quot;No se ha encontrado ning\\u00fan encabezado en esta p\\u00e1gina.&quot;,&quot;motion_fx_motion_fx_scrolling&quot;:&quot;yes&quot;,&quot;sticky&quot;:&quot;top&quot;,&quot;sticky_offset&quot;:20,&quot;headings_by_tags&quot;:[&quot;h2&quot;,&quot;h3&quot;,&quot;h4&quot;,&quot;h5&quot;,&quot;h6&quot;],&quot;marker_view&quot;:&quot;numbers&quot;,&quot;minimize_box&quot;:&quot;yes&quot;,&quot;minimized_on&quot;:&quot;tablet&quot;,&quot;hierarchical_view&quot;:&quot;yes&quot;,&quot;min_height&quot;:{&quot;unit&quot;:&quot;px&quot;,&quot;size&quot;:&quot;&quot;,&quot;sizes&quot;:[]},&quot;min_height_tablet&quot;:{&quot;unit&quot;:&quot;px&quot;,&quot;size&quot;:&quot;&quot;,&quot;sizes&quot;:[]},&quot;min_height_mobile&quot;:{&quot;unit&quot;:&quot;px&quot;,&quot;size&quot;:&quot;&quot;,&quot;sizes&quot;:[]},&quot;motion_fx_devices&quot;:[&quot;desktop&quot;,&quot;tablet&quot;,&quot;mobile&quot;],&quot;sticky_on&quot;:[&quot;desktop&quot;,&quot;tablet&quot;,&quot;mobile&quot;],&quot;sticky_effects_offset&quot;:0,&quot;sticky_anchor_link_offset&quot;:0}\" data-widget_type=\"table-of-contents.default\">\n\t\t\t\t<div class=\"elementor-widget-container\">\n\t\t\t\t\t\t\t\t\t<div class=\"elementor-toc__header\">\n\t\t\t\t\t\t<h4 class=\"elementor-toc__header-title\">\n\t\t\t\tInformativa sui cookie\t\t\t<\/h4>\n\t\t\t\t\t\t\t\t\t\t<div class=\"elementor-toc__toggle-button elementor-toc__toggle-button--expand\" role=\"button\" tabindex=\"0\" aria-controls=\"elementor-toc__39e2616\" aria-expanded=\"true\" aria-label=\"Open table of contents\" data-no-translation-aria-label=\"\"><svg aria-hidden=\"true\" class=\"e-font-icon-svg e-fas-chevron-down\" viewbox=\"0 0 448 512\" xmlns=\"http:\/\/www.w3.org\/2000\/svg\"><path d=\"M207.029 381.476L12.686 187.132c-9.373-9.373-9.373-24.569 0-33.941l22.667-22.667c9.357-9.357 24.522-9.375 33.901-.04L224 284.505l154.745-154.021c9.379-9.335 24.544-9.317 33.901.04l22.667 22.667c9.373 9.373 9.373 24.569 0 33.941L240.971 381.476c-9.373 9.372-24.569 9.372-33.942 0z\"><\/path><\/svg><\/div>\n\t\t\t\t<div class=\"elementor-toc__toggle-button elementor-toc__toggle-button--collapse\" role=\"button\" tabindex=\"0\" aria-controls=\"elementor-toc__39e2616\" aria-expanded=\"true\" aria-label=\"Close table of contents\" data-no-translation-aria-label=\"\"><svg aria-hidden=\"true\" class=\"e-font-icon-svg e-fas-chevron-up\" viewbox=\"0 0 448 512\" xmlns=\"http:\/\/www.w3.org\/2000\/svg\"><path d=\"M240.971 130.524l194.343 194.343c9.373 9.373 9.373 24.569 0 33.941l-22.667 22.667c-9.357 9.357-24.522 9.375-33.901.04L224 227.495 69.255 381.516c-9.379 9.335-24.544 9.317-33.901-.04l-22.667-22.667c-9.373-9.373-9.373-24.569 0-33.941L207.03 130.525c9.372-9.373 24.568-9.373 33.941-.001z\"><\/path><\/svg><\/div>\n\t\t\t\t\t<\/div>\n\t\t\t\t<div id=\"elementor-toc__39e2616\" class=\"elementor-toc__body\">\n\t\t\t<div class=\"elementor-toc__spinner-container\">\n\t\t\t\t<svg class=\"elementor-toc__spinner eicon-animation-spin e-font-icon-svg e-eicon-loading\" aria-hidden=\"true\" viewbox=\"0 0 1000 1000\" xmlns=\"http:\/\/www.w3.org\/2000\/svg\"><path d=\"M500 975V858C696 858 858 696 858 500S696 142 500 142 142 304 142 500H25C25 237 238 25 500 25S975 237 975 500 763 975 500 975Z\"><\/path><\/svg>\t\t\t<\/div>\n\t\t<\/div>\n\t\t\t\t\t\t<\/div>\n\t\t\t\t<\/div>\n\t\t\t\t<\/div>\n\t\t<div class=\"elementor-element elementor-element-eb97492 e-con-full e-flex e-con e-child\" data-id=\"eb97492\" data-element_type=\"container\" data-e-type=\"container\">\n\t\t\t\t<div class=\"elementor-element elementor-element-03396dd elementor-widget elementor-widget-text-editor\" data-id=\"03396dd\" data-element_type=\"widget\" data-e-type=\"widget\" data-widget_type=\"text-editor.default\">\n\t\t\t\t<div class=\"elementor-widget-container\">\n\t\t\t\t\t\t\t\t\t<p>A <b>Soggiorni Premium Gran Turia<\/b>amministrato da <b>Bonanza Capital S.L.<\/b>Utilizziamo cookie e tecnologie simili per migliorare la vostra esperienza sul nostro sito web, <b><a class=\"ng-star-inserted\" href=\"https:\/\/granturia.eu\/it\" target=\"_blank\" rel=\"noopener\">https:\/\/granturia.eu<\/a><\/b>. Questa informativa spiega cosa sono i cookie, come li utilizziamo e come potete gestirli.<\/p><hr \/><h3>Cosa sono i cookie?<\/h3><p>Un cookie \u00e8 un piccolo file di testo che un sito web salva nel browser dell'utente quando lo visita. I cookie consentono al sito web di ricordare le informazioni relative alla visita dell'utente, come la lingua preferita e altre impostazioni, in modo da rendere pi\u00f9 semplice la visita successiva e pi\u00f9 utile il sito. I cookie svolgono un ruolo molto importante e contribuiscono a migliorare l'esperienza di navigazione dell'utente.<\/p><hr \/><h3>Tipi di cookie utilizzati nei soggiorni Gran Turia Premium<\/h3><p>Utilizziamo cookie propri e di terze parti per scopi diversi:<\/p><h3>Cookie proprietari<\/h3><p>Si tratta di quelli inviati all'apparecchiatura terminale da un computer o da un dominio gestito da <b>Bonanza Capital S.L.<\/b> e da cui viene fornito il servizio richiesto dall'utente.<\/p><ul><li><p><b>Cookie tecnici:<\/b> Sono strettamente necessari per il corretto funzionamento del nostro sito web e per consentirvi di navigarlo e di utilizzare le sue diverse opzioni o servizi (ad esempio, controllo del traffico e comunicazione dei dati, identificazione della sessione, accesso a parti riservate, memorizzazione degli elementi che compongono una prenotazione, esecuzione del processo di acquisto di una prenotazione, gestione dei pagamenti, ecc.) Senza questi cookie, il sito web non sarebbe in grado di funzionare correttamente.<\/p><\/li><\/ul><p>\u00a0<\/p><h3>Cookie di terze parti<\/h3><p>Sono quelli inviati all'apparecchiatura terminale da un'apparecchiatura o da un dominio non gestito da <b>Bonanza Capital S.L.<\/b>ma da un'altra entit\u00e0 che elabora i dati ottenuti tramite i cookie.<\/p><ul><li><p><b>Cookie di analisi:<\/b> Ci permettono di quantificare il numero di utenti e di effettuare quindi la misurazione e l'analisi statistica dell'utilizzo del servizio offerto da parte degli utenti. A tal fine, la navigazione sul nostro sito web viene analizzata al fine di migliorare la gamma di prodotti o servizi offerti. Utilizziamo <b>Google Analytics<\/b> a questo scopo.<\/p><\/li><li><p><b>Cookie pubblicitari comportamentali:<\/b> Questi cookie memorizzano informazioni sul comportamento degli utenti ottenute attraverso l'osservazione continua delle loro abitudini di navigazione, che consentono di sviluppare un profilo specifico per mostrare pubblicit\u00e0 basata sullo stesso. Ci\u00f2 pu\u00f2 includere cookie di piattaforme come Google Ads o social network per campagne di retargeting, a condizione che l'utente abbia dato il proprio consenso.<\/p><\/li><li><p><b>Cookie di piattaforme di prenotazione e gateway di pagamento:<\/b> Date le nostre integrazioni con piattaforme come <b>Avantio<\/b> e gateway di pagamento, questi possono utilizzare i propri cookie per il corretto funzionamento dei processi di prenotazione e pagamento sicuro. Questi cookie sono essenziali per completare la transazione e il loro utilizzo \u00e8 regolato dalle politiche sulla privacy e sui cookie di tali piattaforme.<\/p><\/li><\/ul><hr \/><h3>Finalit\u00e0 dell'utilizzo dei cookie<\/h3><p>I cookie che utilizziamo in Gran Turia Premium Stays hanno le seguenti finalit\u00e0:<\/p><ul><li><p><b>Per consentire il corretto funzionamento del sito web:<\/b> Per facilitare la navigazione e l'utilizzo dei diversi servizi offerti.<\/p><\/li><li><p><b>Gestire le prenotazioni:<\/b> Assicurare il processo di prenotazione, il gateway di pagamento e la comunicazione con Avantio per la gestione del soggiorno.<\/p><\/li><li><p><b>Migliorare l'esperienza dell'utente:<\/b> Personalizzare la visita, ricordare le preferenze e semplificare i processi.<\/p><\/li><li><p><b>Analizzare le prestazioni del sito web:<\/b> Ottenere statistiche anonime sull'uso del nostro sito web per capire come gli utenti interagiscono con esso e per migliorarlo continuamente.<\/p><\/li><li><p><b>Offrire pubblicit\u00e0 pertinenti:<\/b> Mostrarvi pubblicit\u00e0 personalizzate in base ai vostri interessi, sempre con il vostro esplicito consenso.<\/p><\/li><\/ul><hr \/><h3>Gestione e configurazione dei cookie<\/h3><p>L'utente ha la possibilit\u00e0 di consentire, bloccare o eliminare i cookie installati sul suo computer configurando le opzioni del browser installato sul suo computer. \u00c8 importante sapere che, se si disabilitano alcuni cookie, il sito web potrebbe non funzionare correttamente e alcune funzionalit\u00e0 potrebbero non essere disponibili.<\/p><p>Di seguito vi mostriamo come accedere alle impostazioni dei cookie nei principali browser:<\/p><ul><li><p><b>Google Chrome:<\/b> <a class=\"ng-star-inserted\" href=\"https:\/\/support.google.com\/chrome\/answer\/95647?hl=es\" target=\"_blank\" rel=\"noopener\">https:\/\/support.google.com\/chrome\/answer\/95647?hl=es<\/a><\/p><\/li><li><p><b>Mozilla Firefox:<\/b> <a class=\"ng-star-inserted\" href=\"https:\/\/support.mozilla.org\/es\/kb\/habilitar-y-deshabilitar-cookies-que-los-sitios-we\" target=\"_blank\" rel=\"noopener\">https:\/\/support.mozilla.org\/es\/kb\/habilitar-y-deshabilitar-cookies-que-los-sitios-we<\/a><\/p><\/li><li><p><b>Microsoft Edge:<\/b> <a class=\"ng-star-inserted\" href=\"https:\/\/www.google.com\/search?q=https:\/\/support.microsoft.com\/es-es\/microsoft-edge-delete-cookies-in-microsoft-edge-63947406-4197-937b-8238-2bc1af9d4067\" target=\"_blank\" rel=\"noopener\">https:\/\/support.microsoft.com\/es-es\/microsoft-edge\/eliminar-las-cookies-en-microsoft-edge-63947406-4197-937b-8238-2bc1af9d4067<\/a><\/p><\/li><li><p><b>Safari (iOS):<\/b> <a class=\"ng-star-inserted\" href=\"https:\/\/support.apple.com\/es-es\/HT201265\" target=\"_blank\" rel=\"noopener\">https:\/\/support.apple.com\/es-es\/HT201265<\/a><\/p><\/li><li><p><b>Safari (macOS):<\/b> <a class=\"ng-star-inserted\" href=\"https:\/\/www.google.com\/search?q=https:\/\/support.apple.com\/es-es\/guide\/safari\/sfri11471\/mac\" target=\"_blank\" rel=\"noopener\">https:\/\/support.apple.com\/es-es\/guide\/safari\/sfri11471\/mac<\/a><\/p><\/li><\/ul><p>Per ulteriori informazioni su come controllare i cookie, \u00e8 possibile visitare il sito web dell'Agenzia spagnola per la protezione dei dati: <a class=\"ng-star-inserted\" href=\"https:\/\/www.google.com\/search?q=https:\/\/www.aepd.es\/guias-y-herramientas\/guia-cookies\" target=\"_blank\" rel=\"noopener\">https:\/\/www.aepd.es\/guias-y-herramientas\/guia-cookies<\/a>.<\/p><hr \/><h3>Consenso all'uso dei cookie<\/h3><p>Quando accedete al nostro sito web, vi verr\u00e0 mostrato un avviso o un banner sui cookie che vi informer\u00e0 sull'uso dei cookie e vi permetter\u00e0 di accettare, rifiutare o configurare le vostre preferenze. Facendo clic su \"Accetta\" o continuando a navigare sul nostro sito web, l'utente acconsente all'utilizzo dei cookie menzionati nella presente informativa, a meno che non abbia modificato le impostazioni del browser per disabilitarli.<\/p><p>Potete modificare o revocare il vostro consenso in qualsiasi momento attraverso le impostazioni del vostro browser o attraverso le impostazioni dei cookie che possiamo offrirvi direttamente sul nostro sito web (se \u00e8 stato implementato un gestore del consenso dei cookie).<\/p><hr \/><h3>Modifiche alla politica sui cookie<\/h3><p>Ci riserviamo il diritto di modificare la presente Informativa sui cookie in qualsiasi momento per adeguarla a nuove normative o giurisprudenze, nonch\u00e9 a cambiamenti nelle pratiche del settore. Si consiglia di rivedere periodicamente la presente informativa.<\/p><hr \/><h3>Contatti<\/h3><p>In caso di domande sulla nostra Politica sui cookie, \u00e8 possibile contattarci all'indirizzo:<\/p><ul><li><p><b>E-mail:<\/b> hola@granturia.eu<\/p><\/li><\/ul>\t\t\t\t\t\t\t\t<\/div>\n\t\t\t\t<\/div>\n\t\t\t\t<\/div>\n\t\t\t\t\t<\/div>\n\t\t\t\t<\/div>\n\t\t\t\t<\/div>","protected":false},"excerpt":{"rendered":"<p>Pol\u00edtica de Cookies de Gran Turia Premium Stays Pol\u00edtica de Cookies En Gran Turia Premium Stays, administrado por Bonanza Capital S.L., utilizamos cookies y tecnolog\u00edas similares para mejorar su experiencia en nuestro sitio web, https:\/\/granturia.eu. Esta pol\u00edtica le explica qu\u00e9 son las cookies, c\u00f3mo las utilizamos y c\u00f3mo puede gestionarlas. \u00bfQu\u00e9 son las Cookies? Una [&hellip;]<\/p>","protected":false},"author":1,"featured_media":0,"parent":0,"menu_order":0,"comment_status":"closed","ping_status":"closed","template":"","meta":{"footnotes":""},"class_list":["post-759","page","type-page","status-publish","hentry"],"blocksy_meta":[],"_links":{"self":[{"href":"https:\/\/granturia.eu\/it\/wp-json\/wp\/v2\/pages\/759","targetHints":{"allow":["GET"]}}],"collection":[{"href":"https:\/\/granturia.eu\/it\/wp-json\/wp\/v2\/pages"}],"about":[{"href":"https:\/\/granturia.eu\/it\/wp-json\/wp\/v2\/types\/page"}],"author":[{"embeddable":true,"href":"https:\/\/granturia.eu\/it\/wp-json\/wp\/v2\/users\/1"}],"replies":[{"embeddable":true,"href":"https:\/\/granturia.eu\/it\/wp-json\/wp\/v2\/comments?post=759"}],"version-history":[{"count":14,"href":"https:\/\/granturia.eu\/it\/wp-json\/wp\/v2\/pages\/759\/revisions"}],"predecessor-version":[{"id":1450,"href":"https:\/\/granturia.eu\/it\/wp-json\/wp\/v2\/pages\/759\/revisions\/1450"}],"wp:attachment":[{"href":"https:\/\/granturia.eu\/it\/wp-json\/wp\/v2\/media?parent=759"}],"curies":[{"name":"wp","href":"https:\/\/api.w.org\/{rel}","templated":true}]}}