{"id":759,"date":"2025-07-24T05:18:58","date_gmt":"2025-07-24T05:18:58","guid":{"rendered":"https:\/\/granturia.eu\/?page_id=759"},"modified":"2025-09-13T22:24:06","modified_gmt":"2025-09-13T22:24:06","slug":"politique-en-matiere-de-cookies","status":"publish","type":"page","link":"https:\/\/granturia.eu\/fr\/politique-en-matiere-de-cookies\/","title":{"rendered":"Politique en mati\u00e8re de cookies"},"content":{"rendered":"<div data-elementor-type=\"wp-page\" data-elementor-id=\"759\" class=\"elementor elementor-759\" data-elementor-post-type=\"page\">\n\t\t\t\t<div class=\"elementor-element elementor-element-0e609f1 e-flex e-con-boxed e-con e-parent\" data-id=\"0e609f1\" data-element_type=\"container\" data-e-type=\"container\">\n\t\t\t\t\t<div class=\"e-con-inner\">\n\t\t<div class=\"elementor-element elementor-element-df83af9 e-con-full e-flex e-con e-child\" data-id=\"df83af9\" data-element_type=\"container\" data-e-type=\"container\">\n\t\t\t\t<div class=\"elementor-element elementor-element-9bb9b3c elementor-widget elementor-widget-heading\" data-id=\"9bb9b3c\" data-element_type=\"widget\" data-e-type=\"widget\" data-widget_type=\"heading.default\">\n\t\t\t\t<div class=\"elementor-widget-container\">\n\t\t\t\t\t<h1 class=\"elementor-heading-title elementor-size-default\">Gran Turia Premium Stays Politique en mati\u00e8re de cookies<\/h1>\t\t\t\t<\/div>\n\t\t\t\t<\/div>\n\t\t\t\t<\/div>\n\t\t\t\t\t<\/div>\n\t\t\t\t<\/div>\n\t\t<div class=\"elementor-element elementor-element-f726f99 e-flex e-con-boxed e-con e-parent\" data-id=\"f726f99\" data-element_type=\"container\" data-e-type=\"container\">\n\t\t\t\t\t<div class=\"e-con-inner\">\n\t\t<div class=\"elementor-element elementor-element-8d4ddfc e-con-full e-flex e-con e-child\" data-id=\"8d4ddfc\" data-element_type=\"container\" data-e-type=\"container\">\n\t\t\t\t<div class=\"elementor-element elementor-element-39e2616 elementor-toc--minimized-on-tablet elementor-widget elementor-widget-table-of-contents\" data-id=\"39e2616\" data-element_type=\"widget\" data-e-type=\"widget\" data-settings=\"{&quot;exclude_headings_by_selector&quot;:[],&quot;no_headings_message&quot;:&quot;No se ha encontrado ning\\u00fan encabezado en esta p\\u00e1gina.&quot;,&quot;motion_fx_motion_fx_scrolling&quot;:&quot;yes&quot;,&quot;sticky&quot;:&quot;top&quot;,&quot;sticky_offset&quot;:20,&quot;headings_by_tags&quot;:[&quot;h2&quot;,&quot;h3&quot;,&quot;h4&quot;,&quot;h5&quot;,&quot;h6&quot;],&quot;marker_view&quot;:&quot;numbers&quot;,&quot;minimize_box&quot;:&quot;yes&quot;,&quot;minimized_on&quot;:&quot;tablet&quot;,&quot;hierarchical_view&quot;:&quot;yes&quot;,&quot;min_height&quot;:{&quot;unit&quot;:&quot;px&quot;,&quot;size&quot;:&quot;&quot;,&quot;sizes&quot;:[]},&quot;min_height_tablet&quot;:{&quot;unit&quot;:&quot;px&quot;,&quot;size&quot;:&quot;&quot;,&quot;sizes&quot;:[]},&quot;min_height_mobile&quot;:{&quot;unit&quot;:&quot;px&quot;,&quot;size&quot;:&quot;&quot;,&quot;sizes&quot;:[]},&quot;motion_fx_devices&quot;:[&quot;desktop&quot;,&quot;tablet&quot;,&quot;mobile&quot;],&quot;sticky_on&quot;:[&quot;desktop&quot;,&quot;tablet&quot;,&quot;mobile&quot;],&quot;sticky_effects_offset&quot;:0,&quot;sticky_anchor_link_offset&quot;:0}\" data-widget_type=\"table-of-contents.default\">\n\t\t\t\t<div class=\"elementor-widget-container\">\n\t\t\t\t\t\t\t\t\t<div class=\"elementor-toc__header\">\n\t\t\t\t\t\t<h4 class=\"elementor-toc__header-title\">\n\t\t\t\tPolitique en mati\u00e8re de cookies\t\t\t<\/h4>\n\t\t\t\t\t\t\t\t\t\t<div class=\"elementor-toc__toggle-button elementor-toc__toggle-button--expand\" role=\"button\" tabindex=\"0\" aria-controls=\"elementor-toc__39e2616\" aria-expanded=\"true\" aria-label=\"Open table of contents\" data-no-translation-aria-label=\"\"><svg aria-hidden=\"true\" class=\"e-font-icon-svg e-fas-chevron-down\" viewbox=\"0 0 448 512\" xmlns=\"http:\/\/www.w3.org\/2000\/svg\"><path d=\"M207.029 381.476L12.686 187.132c-9.373-9.373-9.373-24.569 0-33.941l22.667-22.667c9.357-9.357 24.522-9.375 33.901-.04L224 284.505l154.745-154.021c9.379-9.335 24.544-9.317 33.901.04l22.667 22.667c9.373 9.373 9.373 24.569 0 33.941L240.971 381.476c-9.373 9.372-24.569 9.372-33.942 0z\"><\/path><\/svg><\/div>\n\t\t\t\t<div class=\"elementor-toc__toggle-button elementor-toc__toggle-button--collapse\" role=\"button\" tabindex=\"0\" aria-controls=\"elementor-toc__39e2616\" aria-expanded=\"true\" aria-label=\"Close table of contents\" data-no-translation-aria-label=\"\"><svg aria-hidden=\"true\" class=\"e-font-icon-svg e-fas-chevron-up\" viewbox=\"0 0 448 512\" xmlns=\"http:\/\/www.w3.org\/2000\/svg\"><path d=\"M240.971 130.524l194.343 194.343c9.373 9.373 9.373 24.569 0 33.941l-22.667 22.667c-9.357 9.357-24.522 9.375-33.901.04L224 227.495 69.255 381.516c-9.379 9.335-24.544 9.317-33.901-.04l-22.667-22.667c-9.373-9.373-9.373-24.569 0-33.941L207.03 130.525c9.372-9.373 24.568-9.373 33.941-.001z\"><\/path><\/svg><\/div>\n\t\t\t\t\t<\/div>\n\t\t\t\t<div id=\"elementor-toc__39e2616\" class=\"elementor-toc__body\">\n\t\t\t<div class=\"elementor-toc__spinner-container\">\n\t\t\t\t<svg class=\"elementor-toc__spinner eicon-animation-spin e-font-icon-svg e-eicon-loading\" aria-hidden=\"true\" viewbox=\"0 0 1000 1000\" xmlns=\"http:\/\/www.w3.org\/2000\/svg\"><path d=\"M500 975V858C696 858 858 696 858 500S696 142 500 142 142 304 142 500H25C25 237 238 25 500 25S975 237 975 500 763 975 500 975Z\"><\/path><\/svg>\t\t\t<\/div>\n\t\t<\/div>\n\t\t\t\t\t\t<\/div>\n\t\t\t\t<\/div>\n\t\t\t\t<\/div>\n\t\t<div class=\"elementor-element elementor-element-eb97492 e-con-full e-flex e-con e-child\" data-id=\"eb97492\" data-element_type=\"container\" data-e-type=\"container\">\n\t\t\t\t<div class=\"elementor-element elementor-element-03396dd elementor-widget elementor-widget-text-editor\" data-id=\"03396dd\" data-element_type=\"widget\" data-e-type=\"widget\" data-widget_type=\"text-editor.default\">\n\t\t\t\t<div class=\"elementor-widget-container\">\n\t\t\t\t\t\t\t\t\t<p>Au <b>Gran Turia Premium Stays<\/b>administr\u00e9 par <b>Bonanza Capital S.L.<\/b>Nous utilisons des cookies et des technologies similaires pour am\u00e9liorer votre exp\u00e9rience sur notre site web, <b><a class=\"ng-star-inserted\" href=\"https:\/\/granturia.eu\/fr\" target=\"_blank\" rel=\"noopener\">https:\/\/granturia.eu<\/a><\/b>. Cette politique explique ce que sont les cookies, comment nous les utilisons et comment vous pouvez les g\u00e9rer.<\/p><hr \/><h3>Qu'est-ce qu'un cookie ?<\/h3><p>Un cookie est un petit fichier texte qu'un site web enregistre dans votre navigateur lorsque vous le visitez. Les cookies permettent au site web de m\u00e9moriser des informations sur votre visite, telles que votre langue pr\u00e9f\u00e9r\u00e9e et d'autres param\u00e8tres, ce qui peut faciliter votre prochaine visite et rendre le site plus utile pour vous. Les cookies jouent un r\u00f4le tr\u00e8s important et contribuent \u00e0 une meilleure exp\u00e9rience de navigation pour l'utilisateur.<\/p><hr \/><h3>Types de cookies utilis\u00e9s dans Gran Turia Premium Stays<\/h3><p>Nous utilisons des cookies propres et de tiers \u00e0 des fins diff\u00e9rentes :<\/p><h3>Cookies propri\u00e9taires<\/h3><p>Ce sont celles qui sont envoy\u00e9es \u00e0 votre \u00e9quipement terminal \u00e0 partir d'un ordinateur ou d'un domaine g\u00e9r\u00e9 par <b>Bonanza Capital S.L.<\/b> et \u00e0 partir duquel le service demand\u00e9 par l'utilisateur est fourni.<\/p><ul><li><p><b>Cookies techniques :<\/b> Ils sont strictement n\u00e9cessaires au bon fonctionnement de notre site web et pour que vous puissiez y naviguer et utiliser ses diff\u00e9rentes options ou services (par exemple, contr\u00f4le du trafic et communication de donn\u00e9es, identification de la session, acc\u00e8s \u00e0 des parties restreintes, m\u00e9morisation des \u00e9l\u00e9ments qui composent une r\u00e9servation, ex\u00e9cution du processus d'achat d'une r\u00e9servation, gestion du paiement, etc.) ). Sans ces cookies, le site web ne pourrait pas fonctionner correctement.<\/p><\/li><\/ul><p>\u00a0<\/p><h3>Cookies de tiers<\/h3><p>Ce sont celles qui sont envoy\u00e9es \u00e0 votre \u00e9quipement terminal \u00e0 partir d'un \u00e9quipement ou d'un domaine qui n'est pas g\u00e9r\u00e9 par <b>Bonanza Capital S.L.<\/b>mais par une autre entit\u00e9 qui traite les donn\u00e9es obtenues par le biais des cookies.<\/p><ul><li><p><b>Cookies d'analyse :<\/b> Ils nous permettent de quantifier le nombre d'utilisateurs et ainsi de proc\u00e9der \u00e0 la mesure et \u00e0 l'analyse statistique de l'utilisation faite par les utilisateurs du service offert. Pour ce faire, votre navigation sur notre site web est analys\u00e9e afin d'am\u00e9liorer la gamme de produits ou de services que nous proposons. Nous utilisons <b>Google Analytics<\/b> \u00e0 cette fin.<\/p><\/li><li><p><b>Cookies de publicit\u00e9 comportementale :<\/b> Ces cookies stockent des informations sur le comportement des utilisateurs obtenues gr\u00e2ce \u00e0 l'observation continue de leurs habitudes de navigation, ce qui permet de d\u00e9velopper un profil sp\u00e9cifique afin d'afficher de la publicit\u00e9 bas\u00e9e sur ce dernier. Il peut s'agir de cookies provenant de plateformes telles que Google Ads ou de r\u00e9seaux sociaux pour des campagnes de reciblage, \u00e0 condition que vous ayez donn\u00e9 votre consentement.<\/p><\/li><li><p><b>Cookies des plateformes de r\u00e9servation et des passerelles de paiement :<\/b> Compte tenu de nos int\u00e9grations avec des plateformes telles que <b>Avantio<\/b> et des passerelles de paiement, celles-ci peuvent utiliser leurs propres cookies pour le bon fonctionnement des processus de r\u00e9servation et de paiement s\u00e9curis\u00e9. Ces cookies sont essentiels pour mener \u00e0 bien votre transaction et leur utilisation est r\u00e9gie par les politiques de confidentialit\u00e9 et de cookies de ces plateformes.<\/p><\/li><\/ul><hr \/><h3>Objectifs de l'utilisation des cookies<\/h3><p>Les cookies que nous utilisons \u00e0 Gran Turia Premium Stays ont les objectifs suivants :<\/p><ul><li><p><b>Pour permettre au site web de fonctionner correctement :<\/b> Faciliter la navigation et l'utilisation des diff\u00e9rents services propos\u00e9s.<\/p><\/li><li><p><b>G\u00e9rez vos r\u00e9servations :<\/b> Assurer le processus de r\u00e9servation, la passerelle de paiement et la communication avec Avantio pour la gestion de votre s\u00e9jour.<\/p><\/li><li><p><b>Am\u00e9liorer votre exp\u00e9rience d'utilisateur :<\/b> Personnaliser votre visite, m\u00e9moriser vos pr\u00e9f\u00e9rences et rationaliser les processus.<\/p><\/li><li><p><b>Analyser les performances du site web :<\/b> Obtenir des statistiques anonymes sur l'utilisation de notre site web afin de comprendre comment les utilisateurs interagissent avec celui-ci et de l'am\u00e9liorer continuellement.<\/p><\/li><li><p><b>Proposer une publicit\u00e9 pertinente :<\/b> vous montrer des publicit\u00e9s personnalis\u00e9es en fonction de vos centres d'int\u00e9r\u00eat, toujours avec votre consentement explicite.<\/p><\/li><\/ul><hr \/><h3>Gestion et configuration des cookies<\/h3><p>Vous avez la possibilit\u00e9 d'autoriser, de bloquer ou de supprimer les cookies install\u00e9s sur votre ordinateur en configurant les options du navigateur install\u00e9 sur votre ordinateur. Il est important de savoir que si vous d\u00e9sactivez certains cookies, le site web peut ne pas fonctionner correctement et certaines fonctionnalit\u00e9s peuvent ne pas \u00eatre disponibles.<\/p><p>Nous vous montrons ci-dessous comment acc\u00e9der aux param\u00e8tres des cookies dans les principaux navigateurs :<\/p><ul><li><p><b>Google Chrome :<\/b> <a class=\"ng-star-inserted\" href=\"https:\/\/support.google.com\/chrome\/answer\/95647?hl=es\" target=\"_blank\" rel=\"noopener\">https:\/\/support.google.com\/chrome\/answer\/95647?hl=es<\/a><\/p><\/li><li><p><b>Mozilla Firefox :<\/b> <a class=\"ng-star-inserted\" href=\"https:\/\/support.mozilla.org\/es\/kb\/habilitar-y-deshabilitar-cookies-que-los-sitios-we\" target=\"_blank\" rel=\"noopener\">https:\/\/support.mozilla.org\/es\/kb\/habilitar-y-deshabilitar-cookies-que-los-sitios-we<\/a><\/p><\/li><li><p><b>Microsoft Edge :<\/b> <a class=\"ng-star-inserted\" href=\"https:\/\/www.google.com\/search?q=https:\/\/support.microsoft.com\/es-es\/microsoft-edge-delete-cookies-in-microsoft-edge-63947406-4197-937b-8238-2bc1af9d4067\" target=\"_blank\" rel=\"noopener\">https:\/\/support.microsoft.com\/es-es\/microsoft-edge\/eliminar-las-cookies-en-microsoft-edge-63947406-4197-937b-8238-2bc1af9d4067<\/a><\/p><\/li><li><p><b>Safari (iOS) :<\/b> <a class=\"ng-star-inserted\" href=\"https:\/\/support.apple.com\/es-es\/HT201265\" target=\"_blank\" rel=\"noopener\">https:\/\/support.apple.com\/es-es\/HT201265<\/a><\/p><\/li><li><p><b>Safari (macOS) :<\/b> <a class=\"ng-star-inserted\" href=\"https:\/\/www.google.com\/search?q=https:\/\/support.apple.com\/es-es\/guide\/safari\/sfri11471\/mac\" target=\"_blank\" rel=\"noopener\">https:\/\/support.apple.com\/es-es\/guide\/safari\/sfri11471\/mac<\/a><\/p><\/li><\/ul><p>Pour plus d'informations sur la mani\u00e8re de contr\u00f4ler les cookies, vous pouvez consulter le site web de l'Agence espagnole de protection des donn\u00e9es : <a class=\"ng-star-inserted\" href=\"https:\/\/www.google.com\/search?q=https:\/\/www.aepd.es\/guias-y-herramientas\/guia-cookies\" target=\"_blank\" rel=\"noopener\">https:\/\/www.aepd.es\/guias-y-herramientas\/guia-cookies<\/a>.<\/p><hr \/><h3>Consentement \u00e0 l'utilisation de cookies<\/h3><p>Lorsque vous acc\u00e9dez \u00e0 notre site web, vous voyez appara\u00eetre un avis ou une banni\u00e8re de cookies vous informant de l'utilisation de cookies et vous permettant d'accepter, de rejeter ou de configurer vos pr\u00e9f\u00e9rences. En cliquant sur \"Accepter\" ou en continuant \u00e0 naviguer sur notre site web, vous consentez \u00e0 l'utilisation des cookies mentionn\u00e9s dans la pr\u00e9sente politique, \u00e0 moins que vous n'ayez modifi\u00e9 les param\u00e8tres de votre navigateur pour les d\u00e9sactiver.<\/p><p>Vous pouvez modifier ou retirer votre consentement \u00e0 tout moment par le biais des param\u00e8tres de votre navigateur ou des param\u00e8tres relatifs aux cookies que nous pouvons vous proposer directement sur notre site web (si un gestionnaire de consentement pour les cookies est mis en \u0153uvre).<\/p><hr \/><h3>Modifications de la politique en mati\u00e8re de cookies<\/h3><p>Nous nous r\u00e9servons le droit de modifier \u00e0 tout moment la pr\u00e9sente politique en mati\u00e8re de cookies afin de l'adapter aux nouvelles l\u00e9gislations ou jurisprudences, ainsi qu'\u00e0 l'\u00e9volution des pratiques du secteur. Nous vous recommandons de revoir p\u00e9riodiquement cette politique.<\/p><hr \/><h3>Contact<\/h3><p>Si vous avez des questions concernant notre politique en mati\u00e8re de cookies, vous pouvez nous contacter \u00e0 l'adresse suivante :<\/p><ul><li><p><b>E-mail :<\/b> hola@granturia.eu<\/p><\/li><\/ul>\t\t\t\t\t\t\t\t<\/div>\n\t\t\t\t<\/div>\n\t\t\t\t<\/div>\n\t\t\t\t\t<\/div>\n\t\t\t\t<\/div>\n\t\t\t\t<\/div>","protected":false},"excerpt":{"rendered":"<p>Pol\u00edtica de Cookies de Gran Turia Premium Stays Pol\u00edtica de Cookies En Gran Turia Premium Stays, administrado por Bonanza Capital S.L., utilizamos cookies y tecnolog\u00edas similares para mejorar su experiencia en nuestro sitio web, https:\/\/granturia.eu. Esta pol\u00edtica le explica qu\u00e9 son las cookies, c\u00f3mo las utilizamos y c\u00f3mo puede gestionarlas. \u00bfQu\u00e9 son las Cookies? Una [&hellip;]<\/p>","protected":false},"author":1,"featured_media":0,"parent":0,"menu_order":0,"comment_status":"closed","ping_status":"closed","template":"","meta":{"footnotes":""},"class_list":["post-759","page","type-page","status-publish","hentry"],"blocksy_meta":[],"_links":{"self":[{"href":"https:\/\/granturia.eu\/fr\/wp-json\/wp\/v2\/pages\/759","targetHints":{"allow":["GET"]}}],"collection":[{"href":"https:\/\/granturia.eu\/fr\/wp-json\/wp\/v2\/pages"}],"about":[{"href":"https:\/\/granturia.eu\/fr\/wp-json\/wp\/v2\/types\/page"}],"author":[{"embeddable":true,"href":"https:\/\/granturia.eu\/fr\/wp-json\/wp\/v2\/users\/1"}],"replies":[{"embeddable":true,"href":"https:\/\/granturia.eu\/fr\/wp-json\/wp\/v2\/comments?post=759"}],"version-history":[{"count":14,"href":"https:\/\/granturia.eu\/fr\/wp-json\/wp\/v2\/pages\/759\/revisions"}],"predecessor-version":[{"id":1450,"href":"https:\/\/granturia.eu\/fr\/wp-json\/wp\/v2\/pages\/759\/revisions\/1450"}],"wp:attachment":[{"href":"https:\/\/granturia.eu\/fr\/wp-json\/wp\/v2\/media?parent=759"}],"curies":[{"name":"wp","href":"https:\/\/api.w.org\/{rel}","templated":true}]}}