{"id":277,"date":"2025-06-27T05:55:37","date_gmt":"2025-06-27T05:55:37","guid":{"rendered":"https:\/\/granturia.eu\/contacto-2\/"},"modified":"2025-09-13T18:33:32","modified_gmt":"2025-09-13T18:33:32","slug":"contactanos","status":"publish","type":"page","link":"https:\/\/granturia.eu\/en\/contactanos\/","title":{"rendered":"Contact"},"content":{"rendered":"<div data-elementor-type=\"wp-page\" data-elementor-id=\"277\" class=\"elementor elementor-277\" data-elementor-post-type=\"page\">\n\t\t\t\t<div class=\"elementor-element elementor-element-453b0ddc e-flex e-con-boxed e-con e-parent\" data-id=\"453b0ddc\" data-element_type=\"container\" data-e-type=\"container\" data-settings=\"{&quot;background_background&quot;:&quot;classic&quot;}\">\n\t\t\t\t\t<div class=\"e-con-inner\">\n\t\t<div class=\"elementor-element elementor-element-dd96f2a e-con-full e-flex e-con e-child\" data-id=\"dd96f2a\" data-element_type=\"container\" data-e-type=\"container\">\n\t\t\t\t<div class=\"elementor-element elementor-element-2247c81 elementor-widget elementor-widget-image\" data-id=\"2247c81\" data-element_type=\"widget\" data-e-type=\"widget\" data-widget_type=\"image.default\">\n\t\t\t\t<div class=\"elementor-widget-container\">\n\t\t\t\t\t\t\t\t\t\t\t\t\t\t\t<img decoding=\"async\" width=\"150\" height=\"150\" src=\"https:\/\/granturia.eu\/wp-content\/uploads\/2025\/07\/Branding-GranTuria2025-02-150x150.png\" class=\"attachment-thumbnail size-thumbnail wp-image-552\" alt=\"Cont\u00e1ctanos en Gran Turia estamos para ayudarte\" srcset=\"https:\/\/granturia.eu\/wp-content\/uploads\/2025\/07\/Branding-GranTuria2025-02-150x150.png 150w, https:\/\/granturia.eu\/wp-content\/uploads\/2025\/07\/Branding-GranTuria2025-02-300x300.png 300w, https:\/\/granturia.eu\/wp-content\/uploads\/2025\/07\/Branding-GranTuria2025-02-768x768.png 768w, https:\/\/granturia.eu\/wp-content\/uploads\/2025\/07\/Branding-GranTuria2025-02.png 834w\" sizes=\"(max-width: 150px) 100vw, 150px\" \/>\t\t\t\t\t\t\t\t\t\t\t\t\t\t\t<\/div>\n\t\t\t\t<\/div>\n\t\t\t\t<div class=\"elementor-element elementor-element-7f11fd8 elementor-widget elementor-widget-heading\" data-id=\"7f11fd8\" data-element_type=\"widget\" data-e-type=\"widget\" data-widget_type=\"heading.default\">\n\t\t\t\t<div class=\"elementor-widget-container\">\n\t\t\t\t\t<h1 class=\"elementor-heading-title elementor-size-default\">Contact us, we're here for you<\/h1>\t\t\t\t<\/div>\n\t\t\t\t<\/div>\n\t\t\t\t<div class=\"elementor-element elementor-element-56f54290 elementor-widget elementor-widget-text-editor\" data-id=\"56f54290\" data-element_type=\"widget\" data-e-type=\"widget\" data-widget_type=\"text-editor.default\">\n\t\t\t\t<div class=\"elementor-widget-container\">\n\t\t\t\t\t\t\t\t\t<p><span class=\"OYPEnA font-feature-liga-off font-feature-clig-off font-feature-calt-off text-decoration-none text-strikethrough-none\">If you need personalized recommendations, reservations, or any assistance during your stay, contact us via WhatsApp and we'll be happy to help.<\/span><\/p>\t\t\t\t\t\t\t\t<\/div>\n\t\t\t\t<\/div>\n\t\t\t\t<div class=\"elementor-element elementor-element-4782248 elementor-align-center elementor-widget elementor-widget-button\" data-id=\"4782248\" data-element_type=\"widget\" data-e-type=\"widget\" data-widget_type=\"button.default\">\n\t\t\t\t<div class=\"elementor-widget-container\">\n\t\t\t\t\t\t\t\t\t<div class=\"elementor-button-wrapper\">\n\t\t\t\t\t<a class=\"elementor-button elementor-button-link elementor-size-sm\" href=\"https:\/\/api.whatsapp.com\/send?phone=34657602538\" target=\"_blank\" rel=\"noopener\">\n\t\t\t\t\t\t<span class=\"elementor-button-content-wrapper\">\n\t\t\t\t\t\t\t\t\t<span class=\"elementor-button-text\">WHATSAPP<\/span>\n\t\t\t\t\t<\/span>\n\t\t\t\t\t<\/a>\n\t\t\t\t<\/div>\n\t\t\t\t\t\t\t\t<\/div>\n\t\t\t\t<\/div>\n\t\t\t\t<\/div>\n\t\t\t\t\t<\/div>\n\t\t\t\t<\/div>\n\t\t<div class=\"elementor-element elementor-element-3bb7061 e-flex e-con-boxed e-con e-parent\" data-id=\"3bb7061\" data-element_type=\"container\" data-e-type=\"container\">\n\t\t\t\t\t<div class=\"e-con-inner\">\n\t\t<div class=\"elementor-element elementor-element-dc77c78 e-con-full e-flex e-con e-child\" data-id=\"dc77c78\" data-element_type=\"container\" data-e-type=\"container\">\n\t\t<div class=\"elementor-element elementor-element-25f93620 e-con-full e-flex e-con e-child\" data-id=\"25f93620\" data-element_type=\"container\" data-e-type=\"container\">\n\t\t\t\t<div class=\"elementor-element elementor-element-f3589d9 elementor-widget elementor-widget-heading\" data-id=\"f3589d9\" data-element_type=\"widget\" data-e-type=\"widget\" data-widget_type=\"heading.default\">\n\t\t\t\t<div class=\"elementor-widget-container\">\n\t\t\t\t\t<h2 class=\"elementor-heading-title elementor-size-default\">Find a new experience in Valencia, Spain.<\/h2>\t\t\t\t<\/div>\n\t\t\t\t<\/div>\n\t\t\t\t<div class=\"elementor-element elementor-element-11e7d76a elementor-widget elementor-widget-text-editor\" data-id=\"11e7d76a\" data-element_type=\"widget\" data-e-type=\"widget\" data-widget_type=\"text-editor.default\">\n\t\t\t\t<div class=\"elementor-widget-container\">\n\t\t\t\t\t\t\t\t\t<p>En <b>Gran Turia Premium Stays<\/b>, We are dedicated to providing you with an exceptional accommodation experience in the heart of Valencia. Whether you have questions about our suites, need help with an existing booking, or simply want to learn more about what the city has to offer, please contact us; our team is here to assist you.<\/p><p>We value the <b>transparencia<\/b> y la <b>honest communication<\/b>, That's why we offer you different ways to contact us:<\/p><ul><li>Correo: hola@granturia.eu<\/li><li>WhatsApp: +34 657 602 538<\/li><\/ul>\t\t\t\t\t\t\t\t<\/div>\n\t\t\t\t<\/div>\n\t\t\t\t<\/div>\n\t\t\t\t<\/div>\n\t\t<div class=\"elementor-element elementor-element-8dc89ed e-con-full e-flex e-con e-child\" data-id=\"8dc89ed\" data-element_type=\"container\" data-e-type=\"container\">\n\t\t\t\t<div class=\"elementor-element elementor-element-3e21e4f elementor-widget elementor-widget-google_maps\" data-id=\"3e21e4f\" data-element_type=\"widget\" data-e-type=\"widget\" data-widget_type=\"google_maps.default\">\n\t\t\t\t<div class=\"elementor-widget-container\">\n\t\t\t\t\t\t\t<div class=\"elementor-custom-embed\">\n\t\t\t<iframe loading=\"lazy\"\n\t\t\t\t\tsrc=\"https:\/\/www.google.com\/maps\/embed\/v1\/place?key=AIzaSyCMbsYc_rK4J74n2QmqkAWZPnCTnjbZHYg&#038;q=C%2F%20de%20la%20Democracia%2C%2099%2C%20L%27Olivereta%2C%2046014%20Valencia%2C%20Espa%C3%B1a&#038;zoom=12\"\n\t\t\t\t\ttitle=\"C\/ de la Democracia, 99, L&#039;Olivereta, 46014 Valencia, Espa\u00f1a\"\n\t\t\t\t\taria-label=\"C\/ de la Democracia, 99, L&#039;Olivereta, 46014 Valencia, Espa\u00f1a\"\n\t\t\t><\/iframe>\n\t\t<\/div>\n\t\t\t\t\t\t<\/div>\n\t\t\t\t<\/div>\n\t\t\t\t<\/div>\n\t\t\t\t\t<\/div>\n\t\t\t\t<\/div>\n\t\t\t\t<\/div>","protected":false},"excerpt":{"rendered":"<p>Cont\u00e1ctanos estamos aqu\u00ed para ti Si necesitas recomendaciones personalizadas, reservas o cualquier ayuda durante tu estancia, cont\u00e1ctanos por WhatsApp y con gusto te ayudaremos. WHATSAPP Encuentra una nueva experiencia en Valencia, Espa\u00f1a. En Gran Turia Premium Stays, nos dedicamos a ofrecerte una experiencia de alojamiento excepcional en el coraz\u00f3n de Valencia. Ya sea que tengas [&hellip;]<\/p>","protected":false},"author":1,"featured_media":0,"parent":0,"menu_order":0,"comment_status":"closed","ping_status":"closed","template":"","meta":{"footnotes":""},"class_list":["post-277","page","type-page","status-publish","hentry"],"blocksy_meta":[],"_links":{"self":[{"href":"https:\/\/granturia.eu\/en\/wp-json\/wp\/v2\/pages\/277","targetHints":{"allow":["GET"]}}],"collection":[{"href":"https:\/\/granturia.eu\/en\/wp-json\/wp\/v2\/pages"}],"about":[{"href":"https:\/\/granturia.eu\/en\/wp-json\/wp\/v2\/types\/page"}],"author":[{"embeddable":true,"href":"https:\/\/granturia.eu\/en\/wp-json\/wp\/v2\/users\/1"}],"replies":[{"embeddable":true,"href":"https:\/\/granturia.eu\/en\/wp-json\/wp\/v2\/comments?post=277"}],"version-history":[{"count":35,"href":"https:\/\/granturia.eu\/en\/wp-json\/wp\/v2\/pages\/277\/revisions"}],"predecessor-version":[{"id":1324,"href":"https:\/\/granturia.eu\/en\/wp-json\/wp\/v2\/pages\/277\/revisions\/1324"}],"wp:attachment":[{"href":"https:\/\/granturia.eu\/en\/wp-json\/wp\/v2\/media?parent=277"}],"curies":[{"name":"wp","href":"https:\/\/api.w.org\/{rel}","templated":true}]}}