{"id":759,"date":"2025-07-24T05:18:58","date_gmt":"2025-07-24T05:18:58","guid":{"rendered":"https:\/\/granturia.eu\/?page_id=759"},"modified":"2025-09-13T22:24:06","modified_gmt":"2025-09-13T22:24:06","slug":"cookie-richtlinie","status":"publish","type":"page","link":"https:\/\/granturia.eu\/de\/cookie-richtlinie\/","title":{"rendered":"Cookie-Richtlinie"},"content":{"rendered":"<div data-elementor-type=\"wp-page\" data-elementor-id=\"759\" class=\"elementor elementor-759\" data-elementor-post-type=\"page\">\n\t\t\t\t<div class=\"elementor-element elementor-element-0e609f1 e-flex e-con-boxed e-con e-parent\" data-id=\"0e609f1\" data-element_type=\"container\" data-e-type=\"container\">\n\t\t\t\t\t<div class=\"e-con-inner\">\n\t\t<div class=\"elementor-element elementor-element-df83af9 e-con-full e-flex e-con e-child\" data-id=\"df83af9\" data-element_type=\"container\" data-e-type=\"container\">\n\t\t\t\t<div class=\"elementor-element elementor-element-9bb9b3c elementor-widget elementor-widget-heading\" data-id=\"9bb9b3c\" data-element_type=\"widget\" data-e-type=\"widget\" data-widget_type=\"heading.default\">\n\t\t\t\t<div class=\"elementor-widget-container\">\n\t\t\t\t\t<h1 class=\"elementor-heading-title elementor-size-default\">Gran Turia Premium Stays Cookie-Richtlinie<\/h1>\t\t\t\t<\/div>\n\t\t\t\t<\/div>\n\t\t\t\t<\/div>\n\t\t\t\t\t<\/div>\n\t\t\t\t<\/div>\n\t\t<div class=\"elementor-element elementor-element-f726f99 e-flex e-con-boxed e-con e-parent\" data-id=\"f726f99\" data-element_type=\"container\" data-e-type=\"container\">\n\t\t\t\t\t<div class=\"e-con-inner\">\n\t\t<div class=\"elementor-element elementor-element-8d4ddfc e-con-full e-flex e-con e-child\" data-id=\"8d4ddfc\" data-element_type=\"container\" data-e-type=\"container\">\n\t\t\t\t<div class=\"elementor-element elementor-element-39e2616 elementor-toc--minimized-on-tablet elementor-widget elementor-widget-table-of-contents\" data-id=\"39e2616\" data-element_type=\"widget\" data-e-type=\"widget\" data-settings=\"{&quot;exclude_headings_by_selector&quot;:[],&quot;no_headings_message&quot;:&quot;No se ha encontrado ning\\u00fan encabezado en esta p\\u00e1gina.&quot;,&quot;motion_fx_motion_fx_scrolling&quot;:&quot;yes&quot;,&quot;sticky&quot;:&quot;top&quot;,&quot;sticky_offset&quot;:20,&quot;headings_by_tags&quot;:[&quot;h2&quot;,&quot;h3&quot;,&quot;h4&quot;,&quot;h5&quot;,&quot;h6&quot;],&quot;marker_view&quot;:&quot;numbers&quot;,&quot;minimize_box&quot;:&quot;yes&quot;,&quot;minimized_on&quot;:&quot;tablet&quot;,&quot;hierarchical_view&quot;:&quot;yes&quot;,&quot;min_height&quot;:{&quot;unit&quot;:&quot;px&quot;,&quot;size&quot;:&quot;&quot;,&quot;sizes&quot;:[]},&quot;min_height_tablet&quot;:{&quot;unit&quot;:&quot;px&quot;,&quot;size&quot;:&quot;&quot;,&quot;sizes&quot;:[]},&quot;min_height_mobile&quot;:{&quot;unit&quot;:&quot;px&quot;,&quot;size&quot;:&quot;&quot;,&quot;sizes&quot;:[]},&quot;motion_fx_devices&quot;:[&quot;desktop&quot;,&quot;tablet&quot;,&quot;mobile&quot;],&quot;sticky_on&quot;:[&quot;desktop&quot;,&quot;tablet&quot;,&quot;mobile&quot;],&quot;sticky_effects_offset&quot;:0,&quot;sticky_anchor_link_offset&quot;:0}\" data-widget_type=\"table-of-contents.default\">\n\t\t\t\t<div class=\"elementor-widget-container\">\n\t\t\t\t\t\t\t\t\t<div class=\"elementor-toc__header\">\n\t\t\t\t\t\t<h4 class=\"elementor-toc__header-title\">\n\t\t\t\tCookie-Richtlinie\t\t\t<\/h4>\n\t\t\t\t\t\t\t\t\t\t<div class=\"elementor-toc__toggle-button elementor-toc__toggle-button--expand\" role=\"button\" tabindex=\"0\" aria-controls=\"elementor-toc__39e2616\" aria-expanded=\"true\" aria-label=\"Open table of contents\" data-no-translation-aria-label=\"\"><svg aria-hidden=\"true\" class=\"e-font-icon-svg e-fas-chevron-down\" viewbox=\"0 0 448 512\" xmlns=\"http:\/\/www.w3.org\/2000\/svg\"><path d=\"M207.029 381.476L12.686 187.132c-9.373-9.373-9.373-24.569 0-33.941l22.667-22.667c9.357-9.357 24.522-9.375 33.901-.04L224 284.505l154.745-154.021c9.379-9.335 24.544-9.317 33.901.04l22.667 22.667c9.373 9.373 9.373 24.569 0 33.941L240.971 381.476c-9.373 9.372-24.569 9.372-33.942 0z\"><\/path><\/svg><\/div>\n\t\t\t\t<div class=\"elementor-toc__toggle-button elementor-toc__toggle-button--collapse\" role=\"button\" tabindex=\"0\" aria-controls=\"elementor-toc__39e2616\" aria-expanded=\"true\" aria-label=\"Close table of contents\" data-no-translation-aria-label=\"\"><svg aria-hidden=\"true\" class=\"e-font-icon-svg e-fas-chevron-up\" viewbox=\"0 0 448 512\" xmlns=\"http:\/\/www.w3.org\/2000\/svg\"><path d=\"M240.971 130.524l194.343 194.343c9.373 9.373 9.373 24.569 0 33.941l-22.667 22.667c-9.357 9.357-24.522 9.375-33.901.04L224 227.495 69.255 381.516c-9.379 9.335-24.544 9.317-33.901-.04l-22.667-22.667c-9.373-9.373-9.373-24.569 0-33.941L207.03 130.525c9.372-9.373 24.568-9.373 33.941-.001z\"><\/path><\/svg><\/div>\n\t\t\t\t\t<\/div>\n\t\t\t\t<div id=\"elementor-toc__39e2616\" class=\"elementor-toc__body\">\n\t\t\t<div class=\"elementor-toc__spinner-container\">\n\t\t\t\t<svg class=\"elementor-toc__spinner eicon-animation-spin e-font-icon-svg e-eicon-loading\" aria-hidden=\"true\" viewbox=\"0 0 1000 1000\" xmlns=\"http:\/\/www.w3.org\/2000\/svg\"><path d=\"M500 975V858C696 858 858 696 858 500S696 142 500 142 142 304 142 500H25C25 237 238 25 500 25S975 237 975 500 763 975 500 975Z\"><\/path><\/svg>\t\t\t<\/div>\n\t\t<\/div>\n\t\t\t\t\t\t<\/div>\n\t\t\t\t<\/div>\n\t\t\t\t<\/div>\n\t\t<div class=\"elementor-element elementor-element-eb97492 e-con-full e-flex e-con e-child\" data-id=\"eb97492\" data-element_type=\"container\" data-e-type=\"container\">\n\t\t\t\t<div class=\"elementor-element elementor-element-03396dd elementor-widget elementor-widget-text-editor\" data-id=\"03396dd\" data-element_type=\"widget\" data-e-type=\"widget\" data-widget_type=\"text-editor.default\">\n\t\t\t\t<div class=\"elementor-widget-container\">\n\t\t\t\t\t\t\t\t\t<p>Unter <b>Gran Turia Premium Aufenthalte<\/b>verwaltet von <b>Bonanza Capital S.L.<\/b>Wir verwenden Cookies und \u00e4hnliche Technologien, um Ihre Erfahrungen auf unserer Website zu verbessern, <b><a class=\"ng-star-inserted\" href=\"https:\/\/granturia.eu\/de\" target=\"_blank\" rel=\"noopener\">https:\/\/granturia.eu<\/a><\/b>. Diese Richtlinie erkl\u00e4rt, was Cookies sind, wie wir sie verwenden und wie Sie sie verwalten k\u00f6nnen.<\/p><hr \/><h3>Was sind Cookies?<\/h3><p>Ein Cookie ist eine kleine Textdatei, die eine Website in Ihrem Browser speichert, wenn Sie sie besuchen. Cookies erm\u00f6glichen es der Website, sich an Informationen \u00fcber Ihren Besuch zu erinnern, z. B. an Ihre bevorzugte Sprache und andere Einstellungen, was Ihren n\u00e4chsten Besuch einfacher und die Website f\u00fcr Sie n\u00fctzlicher machen kann. Cookies spielen eine sehr wichtige Rolle und tragen zu einem besseren Surferlebnis f\u00fcr den Nutzer bei.<\/p><hr \/><h3>Arten von Cookies, die in Gran Turia Premium Stays verwendet werden<\/h3><p>Wir verwenden eigene und fremde Cookies f\u00fcr unterschiedliche Zwecke:<\/p><h3>Propriet\u00e4re Cookies<\/h3><p>Diese werden an Ihr Endger\u00e4t von einem Computer oder einer Dom\u00e4ne gesendet, die von <b>Bonanza Capital S.L.<\/b> und von dem aus der vom Nutzer angeforderte Dienst erbracht wird.<\/p><ul><li><p><b>Technische Cookies:<\/b> Sie sind f\u00fcr das ordnungsgem\u00e4\u00dfe Funktionieren unserer Website unbedingt erforderlich, damit Sie auf ihr surfen und ihre verschiedenen Optionen oder Dienste nutzen k\u00f6nnen (z. B. Verkehrskontrolle und Datenkommunikation, Identifizierung der Sitzung, Zugang zu eingeschr\u00e4nkten Bereichen, Speicherung der Elemente, aus denen eine Reservierung besteht, Durchf\u00fchrung des Kaufvorgangs einer Reservierung, Verwaltung der Zahlung usw.). Ohne diese Cookies k\u00f6nnte die Website nicht richtig funktionieren.<\/p><\/li><\/ul><p>\u00a0<\/p><h3>Cookies von Dritten<\/h3><p>Diese werden an Ihr Endger\u00e4t von einem Ger\u00e4t oder einem Bereich gesendet, der nicht von <b>Bonanza Capital S.L.<\/b>sondern von einer anderen Stelle, die die durch Cookies gewonnenen Daten verarbeitet.<\/p><ul><li><p><b>Analyse-Cookies:<\/b> Sie erm\u00f6glichen es uns, die Anzahl der Nutzer zu quantifizieren und somit die Nutzung des angebotenen Dienstes durch die Nutzer zu messen und statistisch zu analysieren. Zu diesem Zweck wird Ihr Surfverhalten auf unserer Website analysiert, um das Angebot an Produkten und Dienstleistungen zu verbessern. Wir verwenden <b>Google Analytics<\/b> zu diesem Zweck.<\/p><\/li><li><p><b>Cookies f\u00fcr verhaltensbasierte Werbung:<\/b> Diese Cookies speichern Informationen \u00fcber das Verhalten der Nutzer, die durch kontinuierliche Beobachtung ihrer Surfgewohnheiten gewonnen werden und die es erm\u00f6glichen, ein spezifisches Profil zu erstellen, um darauf basierende Werbung anzuzeigen. Dazu k\u00f6nnen auch Cookies von Plattformen wie Google Ads oder sozialen Netzwerken f\u00fcr Retargeting-Kampagnen geh\u00f6ren, vorausgesetzt, Sie haben Ihre Zustimmung gegeben.<\/p><\/li><li><p><b>Cookies von Buchungsplattformen und Zahlungsgateways:<\/b> Angesichts unserer Integrationen mit Plattformen wie <b>Avantio<\/b> und Zahlungsgateways k\u00f6nnen diese ihre eigenen Cookies f\u00fcr das ordnungsgem\u00e4\u00dfe Funktionieren der Buchungs- und sicheren Zahlungsprozesse verwenden. Diese Cookies sind f\u00fcr den Abschluss Ihrer Transaktion unerl\u00e4sslich und ihre Verwendung unterliegt den Datenschutz- und Cookie-Richtlinien dieser Plattformen.<\/p><\/li><\/ul><hr \/><h3>Zwecke der Verwendung von Cookies<\/h3><p>Die Cookies, die wir in Gran Turia Premium Stays verwenden, haben die folgenden Zwecke:<\/p><ul><li><p><b>Um das ordnungsgem\u00e4\u00dfe Funktionieren der Website zu erm\u00f6glichen:<\/b> Um das Surfen und die Nutzung der verschiedenen angebotenen Dienste zu erleichtern.<\/p><\/li><li><p><b>Verwalten Sie Ihre Buchungen:<\/b> Sicherstellung des Buchungsprozesses, des Zahlungsgateways und der Kommunikation mit Avantio f\u00fcr die Verwaltung Ihres Aufenthalts.<\/p><\/li><li><p><b>Verbessern Sie Ihr Nutzererlebnis:<\/b> Personalisieren Sie Ihren Besuch, merken Sie sich Ihre Vorlieben und optimieren Sie Prozesse.<\/p><\/li><li><p><b>Analysieren Sie die Leistung der Website:<\/b> Um anonyme Statistiken \u00fcber die Nutzung unserer Website zu erhalten, um zu verstehen, wie die Nutzer mit ihr umgehen, und um sie kontinuierlich zu verbessern.<\/p><\/li><li><p><b>Bieten Sie relevante Werbung an:<\/b> Ihnen personalisierte Werbung auf der Grundlage Ihrer Interessen zu zeigen, immer mit Ihrer ausdr\u00fccklichen Zustimmung.<\/p><\/li><\/ul><hr \/><h3>Cookie-Verwaltung und -Konfiguration<\/h3><p>Sie haben die M\u00f6glichkeit, auf Ihrem Computer installierte Cookies zuzulassen, zu blockieren oder zu l\u00f6schen, indem Sie die auf Ihrem Computer installierten Browseroptionen konfigurieren. Es ist wichtig zu wissen, dass, wenn Sie einige Cookies deaktivieren, die Website m\u00f6glicherweise nicht richtig funktioniert und einige Funktionen nicht verf\u00fcgbar sind.<\/p><p>Im Folgenden zeigen wir Ihnen, wie Sie die Cookie-Einstellungen in den wichtigsten Browsern aufrufen k\u00f6nnen:<\/p><ul><li><p><b>Google Chrome:<\/b> <a class=\"ng-star-inserted\" href=\"https:\/\/support.google.com\/chrome\/answer\/95647?hl=es\" target=\"_blank\" rel=\"noopener\">https:\/\/support.google.com\/chrome\/answer\/95647?hl=es<\/a><\/p><\/li><li><p><b>Mozilla Firefox:<\/b> <a class=\"ng-star-inserted\" href=\"https:\/\/support.mozilla.org\/es\/kb\/habilitar-y-deshabilitar-cookies-que-los-sitios-we\" target=\"_blank\" rel=\"noopener\">https:\/\/support.mozilla.org\/es\/kb\/habilitar-y-deshabilitar-cookies-que-los-sitios-we<\/a><\/p><\/li><li><p><b>Microsoft Edge:<\/b> <a class=\"ng-star-inserted\" href=\"https:\/\/www.google.com\/search?q=https:\/\/support.microsoft.com\/es-es\/microsoft-edge-delete-cookies-in-microsoft-edge-63947406-4197-937b-8238-2bc1af9d4067\" target=\"_blank\" rel=\"noopener\">https:\/\/support.microsoft.com\/es-es\/microsoft-edge\/eliminar-las-cookies-en-microsoft-edge-63947406-4197-937b-8238-2bc1af9d4067<\/a><\/p><\/li><li><p><b>Safari (iOS):<\/b> <a class=\"ng-star-inserted\" href=\"https:\/\/support.apple.com\/es-es\/HT201265\" target=\"_blank\" rel=\"noopener\">https:\/\/support.apple.com\/es-es\/HT201265<\/a><\/p><\/li><li><p><b>Safari (macOS):<\/b> <a class=\"ng-star-inserted\" href=\"https:\/\/www.google.com\/search?q=https:\/\/support.apple.com\/es-es\/guide\/safari\/sfri11471\/mac\" target=\"_blank\" rel=\"noopener\">https:\/\/support.apple.com\/es-es\/guide\/safari\/sfri11471\/mac<\/a><\/p><\/li><\/ul><p>Weitere Informationen dar\u00fcber, wie Sie Cookies kontrollieren k\u00f6nnen, finden Sie auf der Website der spanischen Datenschutzbeh\u00f6rde: <a class=\"ng-star-inserted\" href=\"https:\/\/www.google.com\/search?q=https:\/\/www.aepd.es\/guias-y-herramientas\/guia-cookies\" target=\"_blank\" rel=\"noopener\">https:\/\/www.aepd.es\/guias-y-herramientas\/guia-cookies<\/a>.<\/p><hr \/><h3>Zustimmung zur Verwendung von Cookies<\/h3><p>Wenn Sie auf unsere Website zugreifen, wird Ihnen ein Cookie-Hinweis oder ein Banner angezeigt, der Sie \u00fcber die Verwendung von Cookies informiert und Ihnen die M\u00f6glichkeit gibt, diese zu akzeptieren, abzulehnen oder Ihre Pr\u00e4ferenzen zu konfigurieren. Wenn Sie auf \"Akzeptieren\" klicken oder weiter auf unserer Website surfen, stimmen Sie der Verwendung der in dieser Richtlinie genannten Cookies zu, es sei denn, Sie haben Ihre Browsereinstellungen so ge\u00e4ndert, dass sie deaktiviert werden.<\/p><p>Sie k\u00f6nnen Ihre Zustimmung jederzeit \u00fcber die Einstellungen Ihres Browsers oder \u00fcber die Cookie-Einstellungen, die wir Ihnen direkt auf unserer Website anbieten (wenn ein Cookie-Zustimmungsmanager implementiert ist), \u00e4ndern oder widerrufen.<\/p><hr \/><h3>\u00c4nderungen der Cookie-Richtlinie<\/h3><p>Wir behalten uns das Recht vor, diese Cookie-Richtlinie jederzeit zu \u00e4ndern, um sie an neue Gesetze oder Rechtsprechung sowie an \u00c4nderungen der Branchenpraxis anzupassen. Wir empfehlen Ihnen, diese Richtlinie regelm\u00e4\u00dfig zu \u00fcberpr\u00fcfen.<\/p><hr \/><h3>Kontakt<\/h3><p>Wenn Sie Fragen zu unserer Cookie-Richtlinie haben, k\u00f6nnen Sie uns unter folgender Adresse kontaktieren:<\/p><ul><li><p><b>E-Mail:<\/b> hola@granturia.eu<\/p><\/li><\/ul>\t\t\t\t\t\t\t\t<\/div>\n\t\t\t\t<\/div>\n\t\t\t\t<\/div>\n\t\t\t\t\t<\/div>\n\t\t\t\t<\/div>\n\t\t\t\t<\/div>","protected":false},"excerpt":{"rendered":"<p>Pol\u00edtica de Cookies de Gran Turia Premium Stays Pol\u00edtica de Cookies En Gran Turia Premium Stays, administrado por Bonanza Capital S.L., utilizamos cookies y tecnolog\u00edas similares para mejorar su experiencia en nuestro sitio web, https:\/\/granturia.eu. Esta pol\u00edtica le explica qu\u00e9 son las cookies, c\u00f3mo las utilizamos y c\u00f3mo puede gestionarlas. \u00bfQu\u00e9 son las Cookies? Una [&hellip;]<\/p>","protected":false},"author":1,"featured_media":0,"parent":0,"menu_order":0,"comment_status":"closed","ping_status":"closed","template":"","meta":{"footnotes":""},"class_list":["post-759","page","type-page","status-publish","hentry"],"blocksy_meta":[],"_links":{"self":[{"href":"https:\/\/granturia.eu\/de\/wp-json\/wp\/v2\/pages\/759","targetHints":{"allow":["GET"]}}],"collection":[{"href":"https:\/\/granturia.eu\/de\/wp-json\/wp\/v2\/pages"}],"about":[{"href":"https:\/\/granturia.eu\/de\/wp-json\/wp\/v2\/types\/page"}],"author":[{"embeddable":true,"href":"https:\/\/granturia.eu\/de\/wp-json\/wp\/v2\/users\/1"}],"replies":[{"embeddable":true,"href":"https:\/\/granturia.eu\/de\/wp-json\/wp\/v2\/comments?post=759"}],"version-history":[{"count":14,"href":"https:\/\/granturia.eu\/de\/wp-json\/wp\/v2\/pages\/759\/revisions"}],"predecessor-version":[{"id":1450,"href":"https:\/\/granturia.eu\/de\/wp-json\/wp\/v2\/pages\/759\/revisions\/1450"}],"wp:attachment":[{"href":"https:\/\/granturia.eu\/de\/wp-json\/wp\/v2\/media?parent=759"}],"curies":[{"name":"wp","href":"https:\/\/api.w.org\/{rel}","templated":true}]}}