{"id":280,"date":"2025-06-27T05:55:43","date_gmt":"2025-06-27T05:55:43","guid":{"rendered":"https:\/\/granturia.eu\/el-barrio\/"},"modified":"2025-09-13T18:05:26","modified_gmt":"2025-09-13T18:05:26","slug":"uber-gran-turia-premium-suites","status":"publish","type":"page","link":"https:\/\/granturia.eu\/de\/uber-gran-turia-premium-suites\/","title":{"rendered":"Nosotros"},"content":{"rendered":"<div data-elementor-type=\"wp-page\" data-elementor-id=\"280\" class=\"elementor elementor-280\" data-elementor-post-type=\"page\">\n\t\t\t\t<div class=\"elementor-element elementor-element-3b0abd12 e-flex e-con-boxed e-con e-parent\" data-id=\"3b0abd12\" data-element_type=\"container\" data-e-type=\"container\" data-settings=\"{&quot;background_background&quot;:&quot;classic&quot;}\">\n\t\t\t\t\t<div class=\"e-con-inner\">\n\t\t<div class=\"elementor-element elementor-element-132e8116 e-con-full e-flex e-con e-child\" data-id=\"132e8116\" data-element_type=\"container\" data-e-type=\"container\">\n\t\t\t\t<div class=\"elementor-element elementor-element-58eb4c9d elementor-widget elementor-widget-heading\" data-id=\"58eb4c9d\" data-element_type=\"widget\" data-e-type=\"widget\" data-widget_type=\"heading.default\">\n\t\t\t\t<div class=\"elementor-widget-container\">\n\t\t\t\t\t<h5 class=\"elementor-heading-title elementor-size-default\">IHR ZUHAUSE IN VALENCIA<\/h5>\t\t\t\t<\/div>\n\t\t\t\t<\/div>\n\t\t\t\t<div class=\"elementor-element elementor-element-1eb7316d elementor-widget elementor-widget-heading\" data-id=\"1eb7316d\" data-element_type=\"widget\" data-e-type=\"widget\" data-widget_type=\"heading.default\">\n\t\t\t\t<div class=\"elementor-widget-container\">\n\t\t\t\t\t<h1 class=\"elementor-heading-title elementor-size-default\">\u00dcber Gran Turia Premium Suites<\/h1>\t\t\t\t<\/div>\n\t\t\t\t<\/div>\n\t\t\t\t<div class=\"elementor-element elementor-element-1c719bcc elementor-widget elementor-widget-text-editor\" data-id=\"1c719bcc\" data-element_type=\"widget\" data-e-type=\"widget\" data-widget_type=\"text-editor.default\">\n\t\t\t\t<div class=\"elementor-widget-container\">\n\t\t\t\t\t\t\t\t\t<p>Willkommen im Gran Turia Premium Suites, einem Ort, an dem die W\u00e4rme und Authentizit\u00e4t Valencias in jeder Ecke zu finden ist. Unsere Suiten sind so konzipiert, dass sie Ihnen ein einzigartiges Erlebnis bieten, bei dem Sie das Beste des Viertels genie\u00dfen und sich wie zu Hause f\u00fchlen k\u00f6nnen. Hier z\u00e4hlt jedes Detail, um Ihren Aufenthalt unvergesslich zu machen.<\/p>\t\t\t\t\t\t\t\t<\/div>\n\t\t\t\t<\/div>\n\t\t<div class=\"elementor-element elementor-element-6847d81a e-flex e-con-boxed e-con e-child\" data-id=\"6847d81a\" data-element_type=\"container\" data-e-type=\"container\">\n\t\t\t\t\t<div class=\"e-con-inner\">\n\t\t\t\t<div class=\"elementor-element elementor-element-27bf174c elementor-widget__width-auto elementor-align-right elementor-widget elementor-widget-button\" data-id=\"27bf174c\" data-element_type=\"widget\" data-e-type=\"widget\" data-widget_type=\"button.default\">\n\t\t\t\t<div class=\"elementor-widget-container\">\n\t\t\t\t\t\t\t\t\t<div class=\"elementor-button-wrapper\">\n\t\t\t\t\t<a class=\"elementor-button elementor-button-link elementor-size-sm\" href=\"https:\/\/granturia.eu\/de\" target=\"_blank\">\n\t\t\t\t\t\t<span class=\"elementor-button-content-wrapper\">\n\t\t\t\t\t\t\t\t\t<span class=\"elementor-button-text\">HIER BUCHEN<\/span>\n\t\t\t\t\t<\/span>\n\t\t\t\t\t<\/a>\n\t\t\t\t<\/div>\n\t\t\t\t\t\t\t\t<\/div>\n\t\t\t\t<\/div>\n\t\t\t\t\t<\/div>\n\t\t\t\t<\/div>\n\t\t\t\t<\/div>\n\t\t\t\t\t<\/div>\n\t\t\t\t<\/div>\n\t\t<div class=\"elementor-element elementor-element-4014807 e-flex e-con-boxed e-con e-parent\" data-id=\"4014807\" data-element_type=\"container\" data-e-type=\"container\">\n\t\t\t\t\t<div class=\"e-con-inner\">\n\t\t<div class=\"elementor-element elementor-element-7308b910 e-con-full e-flex e-con e-child\" data-id=\"7308b910\" data-element_type=\"container\" data-e-type=\"container\" data-settings=\"{&quot;background_background&quot;:&quot;classic&quot;}\">\n\t\t\t\t<div class=\"elementor-element elementor-element-506e0236 elementor-widget elementor-widget-heading\" data-id=\"506e0236\" data-element_type=\"widget\" data-e-type=\"widget\" data-widget_type=\"heading.default\">\n\t\t\t\t<div class=\"elementor-widget-container\">\n\t\t\t\t\t<h2 class=\"elementor-heading-title elementor-size-default\">F\u00fcr uns ist Premium Stays...<\/h2>\t\t\t\t<\/div>\n\t\t\t\t<\/div>\n\t\t\t\t<div class=\"elementor-element elementor-element-154ab56e elementor-widget elementor-widget-text-editor\" data-id=\"154ab56e\" data-element_type=\"widget\" data-e-type=\"widget\" data-widget_type=\"text-editor.default\">\n\t\t\t\t<div class=\"elementor-widget-container\">\n\t\t\t\t\t\t\t\t\t<p>Unser Ziel ist es, dass Sie sich erholen, eine angenehme Zeit verbringen und Valencia wie nie zuvor genie\u00dfen k\u00f6nnen.\u00a0<\/p><p>Von dem Moment an, in dem Sie die Wohnung mit ihrer einzigartigen Beleuchtung betreten, bis hin zu unserer Empfehlungsrubrik, in der Sie die beliebtesten Restaurants und Orte in Valencia finden, um Ihren Aufenthalt zu einem unvergesslichen Erlebnis und einem Grund zum Wiederkommen zu machen.<\/p>\t\t\t\t\t\t\t\t<\/div>\n\t\t\t\t<\/div>\n\t\t\t\t<\/div>\n\t\t<div class=\"elementor-element elementor-element-1a8d34f8 e-con-full e-flex e-con e-child\" data-id=\"1a8d34f8\" data-element_type=\"container\" data-e-type=\"container\">\n\t\t\t\t<div class=\"elementor-element elementor-element-794e78e1 elementor-widget elementor-widget-image\" data-id=\"794e78e1\" data-element_type=\"widget\" data-e-type=\"widget\" data-widget_type=\"image.default\">\n\t\t\t\t<div class=\"elementor-widget-container\">\n\t\t\t\t\t\t\t\t\t\t\t\t\t\t\t<img fetchpriority=\"high\" decoding=\"async\" width=\"1350\" height=\"1080\" src=\"https:\/\/granturia.eu\/wp-content\/uploads\/2025\/06\/Ap1_foto5.webp\" class=\"attachment-full size-full wp-image-355\" alt=\"Gran Turia Premium Suites in Valencia Spanien\" srcset=\"https:\/\/granturia.eu\/wp-content\/uploads\/2025\/06\/Ap1_foto5.webp 1350w, https:\/\/granturia.eu\/wp-content\/uploads\/2025\/06\/Ap1_foto5-300x240.webp 300w, https:\/\/granturia.eu\/wp-content\/uploads\/2025\/06\/Ap1_foto5-1024x819.webp 1024w, https:\/\/granturia.eu\/wp-content\/uploads\/2025\/06\/Ap1_foto5-768x614.webp 768w\" sizes=\"(max-width: 1350px) 100vw, 1350px\" \/>\t\t\t\t\t\t\t\t\t\t\t\t\t\t\t<\/div>\n\t\t\t\t<\/div>\n\t\t\t\t<\/div>\n\t\t\t\t\t<\/div>\n\t\t\t\t<\/div>\n\t\t<div class=\"elementor-element elementor-element-38c13f4d e-flex e-con-boxed e-con e-parent\" data-id=\"38c13f4d\" data-element_type=\"container\" data-e-type=\"container\">\n\t\t\t\t\t<div class=\"e-con-inner\">\n\t\t<div class=\"elementor-element elementor-element-5279a6ed e-con-full e-flex e-con e-child\" data-id=\"5279a6ed\" data-element_type=\"container\" data-e-type=\"container\">\n\t\t\t\t<div class=\"elementor-element elementor-element-7d39cbe7 elementor-widget elementor-widget-heading\" data-id=\"7d39cbe7\" data-element_type=\"widget\" data-e-type=\"widget\" data-widget_type=\"heading.default\">\n\t\t\t\t<div class=\"elementor-widget-container\">\n\t\t\t\t\t<h3 class=\"elementor-heading-title elementor-size-default\">Merkmale des Stadtviertels<\/h3>\t\t\t\t<\/div>\n\t\t\t\t<\/div>\n\t\t\t\t<div class=\"elementor-element elementor-element-5cb307cb elementor-widget elementor-widget-text-editor\" data-id=\"5cb307cb\" data-element_type=\"widget\" data-e-type=\"widget\" data-widget_type=\"text-editor.default\">\n\t\t\t\t<div class=\"elementor-widget-container\">\n\t\t\t\t\t\t\t\t\t<p>Das Viertel, in dem wir uns im Herzen Valencias, Spanien, befinden, ist ein Ort voller Leben und Charme. Schlendern Sie durch die engen Gassen, entdecken Sie die versteckten Pl\u00e4tze und genie\u00dfen Sie die einzigartige Architektur, die Geschichten aus vergangenen Zeiten erz\u00e4hlt.<\/p>\t\t\t\t\t\t\t\t<\/div>\n\t\t\t\t<\/div>\n\t\t\t\t<\/div>\n\t\t<div class=\"elementor-element elementor-element-3ccac1bf e-con-full e-flex e-con e-child\" data-id=\"3ccac1bf\" data-element_type=\"container\" data-e-type=\"container\">\n\t\t\t\t<div class=\"elementor-element elementor-element-327aa9f3 elementor-widget elementor-widget-heading\" data-id=\"327aa9f3\" data-element_type=\"widget\" data-e-type=\"widget\" data-widget_type=\"heading.default\">\n\t\t\t\t<div class=\"elementor-widget-container\">\n\t\t\t\t\t<h3 class=\"elementor-heading-title elementor-size-default\">Ein Ort voller Geschichten<\/h3>\t\t\t\t<\/div>\n\t\t\t\t<\/div>\n\t\t\t\t<div class=\"elementor-element elementor-element-ca22b3b elementor-widget elementor-widget-text-editor\" data-id=\"ca22b3b\" data-element_type=\"widget\" data-e-type=\"widget\" data-widget_type=\"text-editor.default\">\n\t\t\t\t<div class=\"elementor-widget-container\">\n\t\t\t\t\t\t\t\t\t<p>Von lokalen M\u00e4rkten bis hin zu gem\u00fctlichen Caf\u00e9s hat jede Ecke Valencias, Spaniens, etwas Besonderes zu bieten. Kommen Sie und tauchen Sie in die valencianische Kultur ein, w\u00e4hrend Sie in unseren Premium-Suiten wohnen.<\/p>\t\t\t\t\t\t\t\t<\/div>\n\t\t\t\t<\/div>\n\t\t\t\t<\/div>\n\t\t<div class=\"elementor-element elementor-element-712506d0 e-con-full e-flex e-con e-child\" data-id=\"712506d0\" data-element_type=\"container\" data-e-type=\"container\">\n\t\t\t\t<div class=\"elementor-element elementor-element-8204a53 elementor-widget elementor-widget-heading\" data-id=\"8204a53\" data-element_type=\"widget\" data-e-type=\"widget\" data-widget_type=\"heading.default\">\n\t\t\t\t<div class=\"elementor-widget-container\">\n\t\t\t\t\t<h3 class=\"elementor-heading-title elementor-size-default\">Unvergessliche Erlebnisse<\/h3>\t\t\t\t<\/div>\n\t\t\t\t<\/div>\n\t\t\t\t<div class=\"elementor-element elementor-element-d59cf12 elementor-widget elementor-widget-text-editor\" data-id=\"d59cf12\" data-element_type=\"widget\" data-e-type=\"widget\" data-widget_type=\"text-editor.default\">\n\t\t\t\t<div class=\"elementor-widget-container\">\n\t\t\t\t\t\t\t\t\t<p>Es ist uns eine Ehre, Sie mit kulinarischen Empfehlungen und sogar mit F\u00fchrern zu sehenswerten Orten zu versorgen. Wir sind hier, um Ihren Aufenthalt zu einem Erlebnis zu machen und alles zu erkunden, was dieses wunderbare Viertel zu bieten hat.<\/p>\t\t\t\t\t\t\t\t<\/div>\n\t\t\t\t<\/div>\n\t\t\t\t<\/div>\n\t\t\t\t\t<\/div>\n\t\t\t\t<\/div>\n\t\t<div class=\"elementor-element elementor-element-7f96ce4b e-flex e-con-boxed e-con e-parent\" data-id=\"7f96ce4b\" data-element_type=\"container\" data-e-type=\"container\">\n\t\t\t\t\t<div class=\"e-con-inner\">\n\t\t<div class=\"elementor-element elementor-element-6a9f8cd7 e-con-full e-flex e-con e-child\" data-id=\"6a9f8cd7\" data-element_type=\"container\" data-e-type=\"container\">\n\t\t\t\t<div class=\"elementor-element elementor-element-135226b4 elementor-widget-tablet__width-inherit elementor-widget elementor-widget-heading\" data-id=\"135226b4\" data-element_type=\"widget\" data-e-type=\"widget\" data-widget_type=\"heading.default\">\n\t\t\t\t<div class=\"elementor-widget-container\">\n\t\t\t\t\t<h4 class=\"elementor-heading-title elementor-size-default\">Erfahrungsberichte von G\u00e4sten<\/h4>\t\t\t\t<\/div>\n\t\t\t\t<\/div>\n\t\t<div class=\"elementor-element elementor-element-72e569a8 e-grid e-con-full e-con e-child\" data-id=\"72e569a8\" data-element_type=\"container\" data-e-type=\"container\">\n\t\t\t\t<div class=\"elementor-element elementor-element-4702c63f elementor-widget-tablet__width-initial elementor-widget-mobile__width-inherit elementor-widget elementor-widget-testimonial\" data-id=\"4702c63f\" data-element_type=\"widget\" data-e-type=\"widget\" data-widget_type=\"testimonial.default\">\n\t\t\t\t<div class=\"elementor-widget-container\">\n\t\t\t\t\t\t\t<div class=\"elementor-testimonial-wrapper\">\n\t\t\t\t\t\t\t<div class=\"elementor-testimonial-content\">\"Ich hatte einen fantastischen Aufenthalt im Gran Turia. Die Suiten sind wundersch\u00f6n und entspannend, wirklich ein Zuhause fern von zu Hause.\"<\/div>\n\t\t\t\n\t\t\t\t\t\t<div class=\"elementor-testimonial-meta elementor-testimonial-image-position-aside\">\n\t\t\t\t<div class=\"elementor-testimonial-meta-inner\">\n\t\t\t\t\t\n\t\t\t\t\t\t\t\t\t\t<div class=\"elementor-testimonial-details\">\n\t\t\t\t\t\t\t\t\t\t\t\t\t\t<div class=\"elementor-testimonial-name\">Maria Gonzalez<\/div>\n\t\t\t\t\t\t\t\t\t\t\t\t\t\t\t\t\t\t\t<\/div>\n\t\t\t\t\t\t\t\t\t<\/div>\n\t\t\t<\/div>\n\t\t\t\t\t<\/div>\n\t\t\t\t\t\t<\/div>\n\t\t\t\t<\/div>\n\t\t\t\t<div class=\"elementor-element elementor-element-744b8358 elementor-widget-tablet__width-initial elementor-widget-mobile__width-inherit elementor-widget elementor-widget-testimonial\" data-id=\"744b8358\" data-element_type=\"widget\" data-e-type=\"widget\" data-widget_type=\"testimonial.default\">\n\t\t\t\t<div class=\"elementor-widget-container\">\n\t\t\t\t\t\t\t<div class=\"elementor-testimonial-wrapper\">\n\t\t\t\t\t\t\t<div class=\"elementor-testimonial-content\">\"Das Gran Turia ist der perfekte Ort, um Valencia zu entdecken. Die Liebe zum Detail und die Freundlichkeit des Personals sind au\u00dfergew\u00f6hnlich.\"<\/div>\n\t\t\t\n\t\t\t\t\t\t<div class=\"elementor-testimonial-meta elementor-testimonial-image-position-aside\">\n\t\t\t\t<div class=\"elementor-testimonial-meta-inner\">\n\t\t\t\t\t\n\t\t\t\t\t\t\t\t\t\t<div class=\"elementor-testimonial-details\">\n\t\t\t\t\t\t\t\t\t\t\t\t\t\t<div class=\"elementor-testimonial-name\">Luis Fern\u00e1ndez<\/div>\n\t\t\t\t\t\t\t\t\t\t\t\t\t\t\t\t\t\t\t<\/div>\n\t\t\t\t\t\t\t\t\t<\/div>\n\t\t\t<\/div>\n\t\t\t\t\t<\/div>\n\t\t\t\t\t\t<\/div>\n\t\t\t\t<\/div>\n\t\t\t\t<div class=\"elementor-element elementor-element-7c9894f6 elementor-widget-tablet__width-initial elementor-widget-mobile__width-inherit elementor-widget elementor-widget-testimonial\" data-id=\"7c9894f6\" data-element_type=\"widget\" data-e-type=\"widget\" data-widget_type=\"testimonial.default\">\n\t\t\t\t<div class=\"elementor-widget-container\">\n\t\t\t\t\t\t\t<div class=\"elementor-testimonial-wrapper\">\n\t\t\t\t\t\t\t<div class=\"elementor-testimonial-content\">\"Vom Komfort der Suite bis zur N\u00e4he zu den Sehensw\u00fcrdigkeiten war mein Erlebnis unvergesslich. Ich werde auf jeden Fall wiederkommen.\"<\/div>\n\t\t\t\n\t\t\t\t\t\t<div class=\"elementor-testimonial-meta elementor-testimonial-image-position-aside\">\n\t\t\t\t<div class=\"elementor-testimonial-meta-inner\">\n\t\t\t\t\t\n\t\t\t\t\t\t\t\t\t\t<div class=\"elementor-testimonial-details\">\n\t\t\t\t\t\t\t\t\t\t\t\t\t\t<div class=\"elementor-testimonial-name\">Sofia Martinez<\/div>\n\t\t\t\t\t\t\t\t\t\t\t\t\t\t\t\t\t\t\t<\/div>\n\t\t\t\t\t\t\t\t\t<\/div>\n\t\t\t<\/div>\n\t\t\t\t\t<\/div>\n\t\t\t\t\t\t<\/div>\n\t\t\t\t<\/div>\n\t\t\t\t<\/div>\n\t\t\t\t<\/div>\n\t\t\t\t\t<\/div>\n\t\t\t\t<\/div>\n\t\t<div class=\"elementor-element elementor-element-47029fbb e-flex e-con-boxed e-con e-parent\" data-id=\"47029fbb\" data-element_type=\"container\" data-e-type=\"container\" data-settings=\"{&quot;background_background&quot;:&quot;classic&quot;}\">\n\t\t\t\t\t<div class=\"e-con-inner\">\n\t\t<div class=\"elementor-element elementor-element-17f23a01 e-flex e-con-boxed e-con e-child\" data-id=\"17f23a01\" data-element_type=\"container\" data-e-type=\"container\" data-settings=\"{&quot;background_background&quot;:&quot;classic&quot;}\">\n\t\t\t\t\t<div class=\"e-con-inner\">\n\t\t\t\t<div class=\"elementor-element elementor-element-10f2ea26 elementor-widget elementor-widget-heading\" data-id=\"10f2ea26\" data-element_type=\"widget\" data-e-type=\"widget\" data-widget_type=\"heading.default\">\n\t\t\t\t<div class=\"elementor-widget-container\">\n\t\t\t\t\t<h2 class=\"elementor-heading-title elementor-size-default\">Entdecken Sie das Beste von Valencia in Gran Turia<\/h2>\t\t\t\t<\/div>\n\t\t\t\t<\/div>\n\t\t\t\t<div class=\"elementor-element elementor-element-4da2405 elementor-widget elementor-widget-text-editor\" data-id=\"4da2405\" data-element_type=\"widget\" data-e-type=\"widget\" data-widget_type=\"text-editor.default\">\n\t\t\t\t<div class=\"elementor-widget-container\">\n\t\t\t\t\t\t\t\t\t<p>Wir laden Sie ein, unser charmantes Viertel zu erkunden, das von Geschichte und Kultur durchdrungen ist. Von den atemberaubenden Aussichten bis hin zu den lokalen K\u00f6stlichkeiten bietet jede Ecke ein neues Abenteuer. Lassen Sie sich von uns f\u00fchren und entdecken Sie alles, was Valencia zu bieten hat.<\/p>\t\t\t\t\t\t\t\t<\/div>\n\t\t\t\t<\/div>\n\t\t\t\t<div class=\"elementor-element elementor-element-63bc072c elementor-widget__width-auto elementor-align-right elementor-widget elementor-widget-button\" data-id=\"63bc072c\" data-element_type=\"widget\" data-e-type=\"widget\" data-widget_type=\"button.default\">\n\t\t\t\t<div class=\"elementor-widget-container\">\n\t\t\t\t\t\t\t\t\t<div class=\"elementor-button-wrapper\">\n\t\t\t\t\t<a class=\"elementor-button elementor-button-link elementor-size-sm\" href=\"https:\/\/reservas.granturia.eu\/alquiler\/alquiler-alquileres-d0\/\">\n\t\t\t\t\t\t<span class=\"elementor-button-content-wrapper\">\n\t\t\t\t\t\t\t\t\t<span class=\"elementor-button-text\">HIER BUCHEN<\/span>\n\t\t\t\t\t<\/span>\n\t\t\t\t\t<\/a>\n\t\t\t\t<\/div>\n\t\t\t\t\t\t\t\t<\/div>\n\t\t\t\t<\/div>\n\t\t\t\t\t<\/div>\n\t\t\t\t<\/div>\n\t\t\t\t\t<\/div>\n\t\t\t\t<\/div>\n\t\t\t\t<\/div>","protected":false},"excerpt":{"rendered":"<p>TU HOGAR EN VALENCIA Sobre Gran Turia Premium Suites Bienvenido a Gran Turia Premium Suites, un lugar donde la calidez y la autenticidad de Valencia se encuentran en cada rinc\u00f3n. Nuestras suites est\u00e1n dise\u00f1adas para ofrecerte una experiencia \u00fanica, permiti\u00e9ndote disfrutar de lo mejor del barrio mientras te sientes como en casa. Aqu\u00ed, cada detalle [&hellip;]<\/p>","protected":false},"author":1,"featured_media":0,"parent":0,"menu_order":0,"comment_status":"closed","ping_status":"closed","template":"","meta":{"footnotes":""},"class_list":["post-280","page","type-page","status-publish","hentry"],"blocksy_meta":[],"_links":{"self":[{"href":"https:\/\/granturia.eu\/de\/wp-json\/wp\/v2\/pages\/280","targetHints":{"allow":["GET"]}}],"collection":[{"href":"https:\/\/granturia.eu\/de\/wp-json\/wp\/v2\/pages"}],"about":[{"href":"https:\/\/granturia.eu\/de\/wp-json\/wp\/v2\/types\/page"}],"author":[{"embeddable":true,"href":"https:\/\/granturia.eu\/de\/wp-json\/wp\/v2\/users\/1"}],"replies":[{"embeddable":true,"href":"https:\/\/granturia.eu\/de\/wp-json\/wp\/v2\/comments?post=280"}],"version-history":[{"count":56,"href":"https:\/\/granturia.eu\/de\/wp-json\/wp\/v2\/pages\/280\/revisions"}],"predecessor-version":[{"id":1312,"href":"https:\/\/granturia.eu\/de\/wp-json\/wp\/v2\/pages\/280\/revisions\/1312"}],"wp:attachment":[{"href":"https:\/\/granturia.eu\/de\/wp-json\/wp\/v2\/media?parent=280"}],"curies":[{"name":"wp","href":"https:\/\/api.w.org\/{rel}","templated":true}]}}