{"id":759,"date":"2025-07-24T05:18:58","date_gmt":"2025-07-24T05:18:58","guid":{"rendered":"https:\/\/granturia.eu\/?page_id=759"},"modified":"2025-09-13T22:24:06","modified_gmt":"2025-09-13T22:24:06","slug":"politica-de-cookies","status":"publish","type":"page","link":"https:\/\/granturia.eu\/ar\/politica-de-cookies\/","title":{"rendered":"\u0633\u064a\u0627\u0633\u0629 \u0645\u0644\u0641\u0627\u062a \u062a\u0639\u0631\u064a\u0641 \u0627\u0644\u0627\u0631\u062a\u0628\u0627\u0637"},"content":{"rendered":"<div data-elementor-type=\"wp-page\" data-elementor-id=\"759\" class=\"elementor elementor-759\" data-elementor-post-type=\"page\">\n\t\t\t\t<div class=\"elementor-element elementor-element-0e609f1 e-flex e-con-boxed e-con e-parent\" data-id=\"0e609f1\" data-element_type=\"container\" data-e-type=\"container\">\n\t\t\t\t\t<div class=\"e-con-inner\">\n\t\t<div class=\"elementor-element elementor-element-df83af9 e-con-full e-flex e-con e-child\" data-id=\"df83af9\" data-element_type=\"container\" data-e-type=\"container\">\n\t\t\t\t<div class=\"elementor-element elementor-element-9bb9b3c elementor-widget elementor-widget-heading\" data-id=\"9bb9b3c\" data-element_type=\"widget\" data-e-type=\"widget\" data-widget_type=\"heading.default\">\n\t\t\t\t<div class=\"elementor-widget-container\">\n\t\t\t\t\t<h1 class=\"elementor-heading-title elementor-size-default\">Pol\u00edtica de Cookies de Gran Turia Premium Stays<\/h1>\t\t\t\t<\/div>\n\t\t\t\t<\/div>\n\t\t\t\t<\/div>\n\t\t\t\t\t<\/div>\n\t\t\t\t<\/div>\n\t\t<div class=\"elementor-element elementor-element-f726f99 e-flex e-con-boxed e-con e-parent\" data-id=\"f726f99\" data-element_type=\"container\" data-e-type=\"container\">\n\t\t\t\t\t<div class=\"e-con-inner\">\n\t\t<div class=\"elementor-element elementor-element-8d4ddfc e-con-full e-flex e-con e-child\" data-id=\"8d4ddfc\" data-element_type=\"container\" data-e-type=\"container\">\n\t\t\t\t<div class=\"elementor-element elementor-element-39e2616 elementor-toc--minimized-on-tablet elementor-widget elementor-widget-table-of-contents\" data-id=\"39e2616\" data-element_type=\"widget\" data-e-type=\"widget\" data-settings=\"{&quot;exclude_headings_by_selector&quot;:[],&quot;no_headings_message&quot;:&quot;No se ha encontrado ning\\u00fan encabezado en esta p\\u00e1gina.&quot;,&quot;motion_fx_motion_fx_scrolling&quot;:&quot;yes&quot;,&quot;sticky&quot;:&quot;top&quot;,&quot;sticky_offset&quot;:20,&quot;headings_by_tags&quot;:[&quot;h2&quot;,&quot;h3&quot;,&quot;h4&quot;,&quot;h5&quot;,&quot;h6&quot;],&quot;marker_view&quot;:&quot;numbers&quot;,&quot;minimize_box&quot;:&quot;yes&quot;,&quot;minimized_on&quot;:&quot;tablet&quot;,&quot;hierarchical_view&quot;:&quot;yes&quot;,&quot;min_height&quot;:{&quot;unit&quot;:&quot;px&quot;,&quot;size&quot;:&quot;&quot;,&quot;sizes&quot;:[]},&quot;min_height_tablet&quot;:{&quot;unit&quot;:&quot;px&quot;,&quot;size&quot;:&quot;&quot;,&quot;sizes&quot;:[]},&quot;min_height_mobile&quot;:{&quot;unit&quot;:&quot;px&quot;,&quot;size&quot;:&quot;&quot;,&quot;sizes&quot;:[]},&quot;motion_fx_devices&quot;:[&quot;desktop&quot;,&quot;tablet&quot;,&quot;mobile&quot;],&quot;sticky_on&quot;:[&quot;desktop&quot;,&quot;tablet&quot;,&quot;mobile&quot;],&quot;sticky_effects_offset&quot;:0,&quot;sticky_anchor_link_offset&quot;:0}\" data-widget_type=\"table-of-contents.default\">\n\t\t\t\t<div class=\"elementor-widget-container\">\n\t\t\t\t\t\t\t\t\t<div class=\"elementor-toc__header\">\n\t\t\t\t\t\t<h4 class=\"elementor-toc__header-title\">\n\t\t\t\t\u0633\u064a\u0627\u0633\u0629 \u0645\u0644\u0641\u0627\u062a \u062a\u0639\u0631\u064a\u0641 \u0627\u0644\u0627\u0631\u062a\u0628\u0627\u0637\t\t\t<\/h4>\n\t\t\t\t\t\t\t\t\t\t<div class=\"elementor-toc__toggle-button elementor-toc__toggle-button--expand\" role=\"button\" tabindex=\"0\" aria-controls=\"elementor-toc__39e2616\" aria-expanded=\"true\" aria-label=\"Open table of contents\" data-no-translation-aria-label=\"\"><svg aria-hidden=\"true\" class=\"e-font-icon-svg e-fas-chevron-down\" viewbox=\"0 0 448 512\" xmlns=\"http:\/\/www.w3.org\/2000\/svg\"><path d=\"M207.029 381.476L12.686 187.132c-9.373-9.373-9.373-24.569 0-33.941l22.667-22.667c9.357-9.357 24.522-9.375 33.901-.04L224 284.505l154.745-154.021c9.379-9.335 24.544-9.317 33.901.04l22.667 22.667c9.373 9.373 9.373 24.569 0 33.941L240.971 381.476c-9.373 9.372-24.569 9.372-33.942 0z\"><\/path><\/svg><\/div>\n\t\t\t\t<div class=\"elementor-toc__toggle-button elementor-toc__toggle-button--collapse\" role=\"button\" tabindex=\"0\" aria-controls=\"elementor-toc__39e2616\" aria-expanded=\"true\" aria-label=\"Close table of contents\" data-no-translation-aria-label=\"\"><svg aria-hidden=\"true\" class=\"e-font-icon-svg e-fas-chevron-up\" viewbox=\"0 0 448 512\" xmlns=\"http:\/\/www.w3.org\/2000\/svg\"><path d=\"M240.971 130.524l194.343 194.343c9.373 9.373 9.373 24.569 0 33.941l-22.667 22.667c-9.357 9.357-24.522 9.375-33.901.04L224 227.495 69.255 381.516c-9.379 9.335-24.544 9.317-33.901-.04l-22.667-22.667c-9.373-9.373-9.373-24.569 0-33.941L207.03 130.525c9.372-9.373 24.568-9.373 33.941-.001z\"><\/path><\/svg><\/div>\n\t\t\t\t\t<\/div>\n\t\t\t\t<div id=\"elementor-toc__39e2616\" class=\"elementor-toc__body\">\n\t\t\t<div class=\"elementor-toc__spinner-container\">\n\t\t\t\t<svg class=\"elementor-toc__spinner eicon-animation-spin e-font-icon-svg e-eicon-loading\" aria-hidden=\"true\" viewbox=\"0 0 1000 1000\" xmlns=\"http:\/\/www.w3.org\/2000\/svg\"><path d=\"M500 975V858C696 858 858 696 858 500S696 142 500 142 142 304 142 500H25C25 237 238 25 500 25S975 237 975 500 763 975 500 975Z\"><\/path><\/svg>\t\t\t<\/div>\n\t\t<\/div>\n\t\t\t\t\t\t<\/div>\n\t\t\t\t<\/div>\n\t\t\t\t<\/div>\n\t\t<div class=\"elementor-element elementor-element-eb97492 e-con-full e-flex e-con e-child\" data-id=\"eb97492\" data-element_type=\"container\" data-e-type=\"container\">\n\t\t\t\t<div class=\"elementor-element elementor-element-03396dd elementor-widget elementor-widget-text-editor\" data-id=\"03396dd\" data-element_type=\"widget\" data-e-type=\"widget\" data-widget_type=\"text-editor.default\">\n\t\t\t\t<div class=\"elementor-widget-container\">\n\t\t\t\t\t\t\t\t\t<p>En <b>Gran Turia Premium Stays<\/b>, administrado por <b>Bonanza Capital S.L.<\/b>, utilizamos cookies y tecnolog\u00edas similares para mejorar su experiencia en nuestro sitio web, <b><a class=\"ng-star-inserted\" href=\"https:\/\/granturia.eu\/ar\" target=\"_blank\" rel=\"noopener\">https:\/\/granturia.eu<\/a><\/b>. Esta pol\u00edtica le explica qu\u00e9 son las cookies, c\u00f3mo las utilizamos y c\u00f3mo puede gestionarlas.<\/p><hr \/><h3>\u00bfQu\u00e9 son las Cookies?<\/h3><p>Una cookie es un peque\u00f1o archivo de texto que un sitio web guarda en su navegador cuando lo visita. Las cookies permiten al sitio web recordar informaci\u00f3n sobre su visita, como su idioma preferido y otras configuraciones, lo que puede hacer que su pr\u00f3xima visita sea m\u00e1s f\u00e1cil y el sitio m\u00e1s \u00fatil para usted. Las cookies desempe\u00f1an un papel muy importante y contribuyen a tener una mejor experiencia de navegaci\u00f3n para el usuario.<\/p><hr \/><h3>Tipos de Cookies Utilizadas en Gran Turia Premium Stays<\/h3><p>Utilizamos cookies propias y de terceros con diferentes finalidades:<\/p><h3>Cookies Propias<\/h3><p>Son aquellas que se env\u00edan a su equipo terminal desde un equipo o dominio gestionado por <b>Bonanza Capital S.L.<\/b> y desde el que se presta el servicio solicitado por el usuario.<\/p><ul><li><p><b>Cookies t\u00e9cnicas:<\/b> Son estrictamente necesarias para el correcto funcionamiento de nuestro sitio web y para que pueda navegar por \u00e9l y utilizar sus diferentes opciones o servicios (ej., control de tr\u00e1fico y comunicaci\u00f3n de datos, identificaci\u00f3n de la sesi\u00f3n, acceso a partes de acceso restringido, recordar los elementos que integran una reserva, realizar el proceso de compra de una reserva, gestionar el pago, etc.). Sin estas cookies, el sitio web no podr\u00eda funcionar correctamente.<\/p><\/li><\/ul><p>\u00a0<\/p><h3>Cookies de Terceros<\/h3><p>Son aquellas que se env\u00edan a su equipo terminal desde un equipo o dominio que no es gestionado por <b>Bonanza Capital S.L.<\/b>, sino por otra entidad que trata los datos obtenidos a trav\u00e9s de las cookies.<\/p><ul><li><p><b>Cookies de an\u00e1lisis:<\/b> Nos permiten cuantificar el n\u00famero de usuarios y as\u00ed realizar la medici\u00f3n y an\u00e1lisis estad\u00edstico de la utilizaci\u00f3n que hacen los usuarios del servicio ofertado. Para ello se analiza su navegaci\u00f3n en nuestra p\u00e1gina web con el fin de mejorar la oferta de productos o servicios que le ofrecemos. Utilizamos <b>Google Analytics<\/b> para esta finalidad.<\/p><\/li><li><p><b>Cookies de publicidad comportamental:<\/b> Estas cookies almacenan informaci\u00f3n del comportamiento de los usuarios obtenida a trav\u00e9s de la observaci\u00f3n continuada de sus h\u00e1bitos de navegaci\u00f3n, lo que permite desarrollar un perfil espec\u00edfico para mostrar publicidad en funci\u00f3n del mismo. Esto puede incluir cookies de plataformas como Google Ads o redes sociales para campa\u00f1as de retargeting, siempre que haya dado su consentimiento.<\/p><\/li><li><p><b>Cookies de plataformas de reservas y pasarelas de pago:<\/b> Dadas nuestras integraciones con plataformas como <b>Avantio<\/b> y pasarelas de pago, estas pueden utilizar sus propias cookies para el correcto funcionamiento de los procesos de reserva y pago seguro. Estas cookies son esenciales para completar su transacci\u00f3n y su uso se rige por las pol\u00edticas de privacidad y cookies de dichas plataformas.<\/p><\/li><\/ul><hr \/><h3>Finalidades del Uso de Cookies<\/h3><p>Las cookies que utilizamos en Gran Turia Premium Stays tienen las siguientes finalidades:<\/p><ul><li><p><b>Permitir el correcto funcionamiento del sitio web:<\/b> Facilitar la navegaci\u00f3n y el uso de los diferentes servicios ofrecidos.<\/p><\/li><li><p><b>Gestionar sus reservas:<\/b> Asegurar el proceso de reserva, la pasarela de pago y la comunicaci\u00f3n con Avantio para la gesti\u00f3n de su estancia.<\/p><\/li><li><p><b>Mejorar su experiencia de usuario:<\/b> Personalizar su visita, recordar sus preferencias y agilizar procesos.<\/p><\/li><li><p><b>Analizar el rendimiento del sitio web:<\/b> Obtener estad\u00edsticas an\u00f3nimas sobre el uso de nuestro sitio web para entender c\u00f3mo los usuarios interact\u00faan con \u00e9l y mejorarlo continuamente.<\/p><\/li><li><p><b>Ofrecer publicidad relevante:<\/b> Mostrarle anuncios personalizados en funci\u00f3n de sus intereses, siempre con su consentimiento expl\u00edcito.<\/p><\/li><\/ul><hr \/><h3>Gesti\u00f3n y Configuraci\u00f3n de Cookies<\/h3><p>Usted tiene la opci\u00f3n de permitir, bloquear o eliminar las cookies instaladas en su equipo mediante la configuraci\u00f3n de las opciones del navegador instalado en su ordenador. Es importante que sepa que, si deshabilita algunas cookies, es posible que el sitio web no funcione correctamente y que algunas funcionalidades no est\u00e9n disponibles.<\/p><p>A continuaci\u00f3n, le indicamos c\u00f3mo acceder a la configuraci\u00f3n de cookies en los principales navegadores:<\/p><ul><li><p><b>Google Chrome:<\/b> <a class=\"ng-star-inserted\" href=\"https:\/\/support.google.com\/chrome\/answer\/95647?hl=es\" target=\"_blank\" rel=\"noopener\">https:\/\/support.google.com\/chrome\/answer\/95647?hl=es<\/a><\/p><\/li><li><p><b>Mozilla Firefox:<\/b> <a class=\"ng-star-inserted\" href=\"https:\/\/support.mozilla.org\/es\/kb\/habilitar-y-deshabilitar-cookies-que-los-sitios-we\" target=\"_blank\" rel=\"noopener\">https:\/\/support.mozilla.org\/es\/kb\/habilitar-y-deshabilitar-cookies-que-los-sitios-we<\/a><\/p><\/li><li><p><b>Microsoft Edge:<\/b> <a class=\"ng-star-inserted\" href=\"https:\/\/www.google.com\/search?q=https:\/\/support.microsoft.com\/es-es\/microsoft-edge-delete-cookies-in-microsoft-edge-63947406-4197-937b-8238-2bc1af9d4067\" target=\"_blank\" rel=\"noopener\">https:\/\/support.microsoft.com\/es-es\/microsoft-edge\/eliminar-las-cookies-en-microsoft-edge-63947406-4197-937b-8238-2bc1af9d4067<\/a><\/p><\/li><li><p><b>Safari (iOS):<\/b> <a class=\"ng-star-inserted\" href=\"https:\/\/support.apple.com\/es-es\/HT201265\" target=\"_blank\" rel=\"noopener\">https:\/\/support.apple.com\/es-es\/HT201265<\/a><\/p><\/li><li><p><b>Safari (macOS):<\/b> <a class=\"ng-star-inserted\" href=\"https:\/\/www.google.com\/search?q=https:\/\/support.apple.com\/es-es\/guide\/safari\/sfri11471\/mac\" target=\"_blank\" rel=\"noopener\">https:\/\/support.apple.com\/es-es\/guide\/safari\/sfri11471\/mac<\/a><\/p><\/li><\/ul><p>Para obtener m\u00e1s informaci\u00f3n sobre c\u00f3mo controlar las cookies, puede visitar el sitio web de la Agencia Espa\u00f1ola de Protecci\u00f3n de Datos: <a class=\"ng-star-inserted\" href=\"https:\/\/www.google.com\/search?q=https:\/\/www.aepd.es\/guias-y-herramientas\/guia-cookies\" target=\"_blank\" rel=\"noopener\">https:\/\/www.aepd.es\/guias-y-herramientas\/guia-cookies<\/a>.<\/p><hr \/><h3>Consentimiento para el Uso de Cookies<\/h3><p>Al acceder a nuestro sitio web, se le mostrar\u00e1 un aviso o banner de cookies que le informar\u00e1 sobre el uso de las mismas y le permitir\u00e1 aceptar, rechazar o configurar sus preferencias. Al hacer clic en \u00abAceptar\u00bb o al continuar navegando por nuestro sitio web, usted consiente el uso de las cookies mencionadas en esta pol\u00edtica, a menos que haya modificado la configuraci\u00f3n de su navegador para deshabilitarlas.<\/p><p>Puede cambiar o retirar su consentimiento en cualquier momento a trav\u00e9s de las opciones de su navegador o a trav\u00e9s de la configuraci\u00f3n de cookies que podamos ofrecerle directamente en nuestro sitio web (si se implementa un gestor de consentimiento de cookies).<\/p><hr \/><h3>Cambios en la Pol\u00edtica de Cookies<\/h3><p>Nos reservamos el derecho de modificar esta Pol\u00edtica de Cookies en cualquier momento para adaptarla a novedades legislativas o jurisprudenciales, as\u00ed como a cambios en las pr\u00e1cticas de la industria. Le recomendamos revisar esta pol\u00edtica peri\u00f3dicamente.<\/p><hr \/><h3>\u0627\u062a\u0635\u0644 \u0628\u0646\u0627<\/h3><p>Si tiene alguna pregunta sobre nuestra Pol\u00edtica de Cookies, puede contactarnos en:<\/p><ul><li><p><b>Correo electr\u00f3nico:<\/b> hola@granturia.eu<\/p><\/li><\/ul>\t\t\t\t\t\t\t\t<\/div>\n\t\t\t\t<\/div>\n\t\t\t\t<\/div>\n\t\t\t\t\t<\/div>\n\t\t\t\t<\/div>\n\t\t\t\t<\/div>","protected":false},"excerpt":{"rendered":"<p>Pol\u00edtica de Cookies de Gran Turia Premium Stays Pol\u00edtica de Cookies En Gran Turia Premium Stays, administrado por Bonanza Capital S.L., utilizamos cookies y tecnolog\u00edas similares para mejorar su experiencia en nuestro sitio web, https:\/\/granturia.eu. Esta pol\u00edtica le explica qu\u00e9 son las cookies, c\u00f3mo las utilizamos y c\u00f3mo puede gestionarlas. \u00bfQu\u00e9 son las Cookies? Una [&hellip;]<\/p>","protected":false},"author":1,"featured_media":0,"parent":0,"menu_order":0,"comment_status":"closed","ping_status":"closed","template":"","meta":{"footnotes":""},"class_list":["post-759","page","type-page","status-publish","hentry"],"blocksy_meta":[],"_links":{"self":[{"href":"https:\/\/granturia.eu\/ar\/wp-json\/wp\/v2\/pages\/759","targetHints":{"allow":["GET"]}}],"collection":[{"href":"https:\/\/granturia.eu\/ar\/wp-json\/wp\/v2\/pages"}],"about":[{"href":"https:\/\/granturia.eu\/ar\/wp-json\/wp\/v2\/types\/page"}],"author":[{"embeddable":true,"href":"https:\/\/granturia.eu\/ar\/wp-json\/wp\/v2\/users\/1"}],"replies":[{"embeddable":true,"href":"https:\/\/granturia.eu\/ar\/wp-json\/wp\/v2\/comments?post=759"}],"version-history":[{"count":14,"href":"https:\/\/granturia.eu\/ar\/wp-json\/wp\/v2\/pages\/759\/revisions"}],"predecessor-version":[{"id":1450,"href":"https:\/\/granturia.eu\/ar\/wp-json\/wp\/v2\/pages\/759\/revisions\/1450"}],"wp:attachment":[{"href":"https:\/\/granturia.eu\/ar\/wp-json\/wp\/v2\/media?parent=759"}],"curies":[{"name":"wp","href":"https:\/\/api.w.org\/{rel}","templated":true}]}}